{"id":36808,"date":"2021-11-09T18:13:13","date_gmt":"2021-11-09T17:13:13","guid":{"rendered":"https:\/\/www.mecs.it\/?post_type=product&#038;p=36808"},"modified":"2026-02-06T11:22:43","modified_gmt":"2026-02-06T10:22:43","slug":"one","status":"publish","type":"product","link":"https:\/\/www.mecs.it\/it\/one","title":{"rendered":"One"},"content":{"rendered":"<p class=\"brz-css-ffotb\" data-uniq-id=\"zzpbf\" data-generated-css=\"brz-css-wtxug\">La Pitching One \u00e8 un piccolo impianto automatico per rifinire i bordi dei blocchi composto da 4 teste rotanti, due con movimento verticale e due con movimento orizzontale, ideale per chi ha esigenza di grande e costante produttivit\u00e0.<\/p>\n<p class=\"brz-css-npbma\" data-uniq-id=\"xtixd\" data-generated-css=\"brz-css-nbtkc\">La presenza delle 4 teste rotanti rifiniscono i bordi del blocco precedentemente spaccato, ottenendo sempre un effetto bombato.<\/p>\n<p class=\"brz-css-ofwic\" data-generated-css=\"brz-css-bzlob\" data-uniq-id=\"uikjl\">Il ciclo di spacco\/rifinitura del pezzo \u00e8 in continuo, in questo modo i pezzi vengono lavorati uno dopo l\u2019altro. Movimentazione e lavorazione del blocco in modalit\u00e0 completamente automatica, \u00e8 ci\u00f2 che caratterizza e contraddistingue questo piccolo impianto rispetto alla Pitching Side.<\/p>\n","protected":false},"excerpt":{"rendered":"<p>La Pitching One \u00e8 un piccolo impianto automatico per rifinire i bordi dei blocchi composto da 4 teste rotanti, due con [&hellip;]<\/p>\n","protected":false},"featured_media":57433,"template":"","meta":{"_acf_changed":false,"inline_featured_image":false},"product_brand":[],"product_cat":[557,554,547,556,538],"product_tag":[],"class_list":{"0":"post-36808","1":"product","2":"type-product","3":"status-publish","4":"has-post-thumbnail","6":"product_cat-arenaria-3-2","7":"product_cat-granito-2-3","8":"product_cat-pitching-new","9":"product_cat-pietra-calcarea-3-2","10":"product_cat-pietra-1","11":"materiali-arenaria","12":"materiali-granito","13":"materiali-pietra-calcarea","14":"materiali-porfido","15":"prodotti_finiti-cordoli-bordure-binderi","16":"prodotti_finiti-sassi-da-muro","18":"first","19":"instock","20":"shipping-taxable","21":"product-type-simple"},"acf":[],"yoast_head":"<!-- This site is optimized with the Yoast SEO plugin v26.9 - https:\/\/yoast.com\/product\/yoast-seo-wordpress\/ -->\n<title>Linea One - MEC<\/title>\n<meta name=\"description\" content=\"Pitching One MEC: finitura bordi e effetto bombato su sassi da muro. Scopri tutte le caratteristiche tecniche!\" \/>\n<meta name=\"robots\" content=\"index, follow, max-snippet:-1, max-image-preview:large, max-video-preview:-1\" \/>\n<link rel=\"canonical\" href=\"https:\/\/www.mecs.it\/it\/one\" \/>\n<meta property=\"og:locale\" content=\"it_IT\" \/>\n<meta property=\"og:type\" content=\"article\" \/>\n<meta property=\"og:title\" content=\"Linea One - MEC\" \/>\n<meta property=\"og:description\" content=\"Pitching One MEC: finitura bordi e effetto bombato su sassi da muro. Scopri tutte le caratteristiche tecniche!\" \/>\n<meta property=\"og:url\" content=\"https:\/\/www.mecs.it\/it\/one\" \/>\n<meta property=\"og:site_name\" content=\"MEC\" \/>\n<meta property=\"article:modified_time\" content=\"2026-02-06T10:22:43+00:00\" \/>\n<meta property=\"og:image\" content=\"https:\/\/www.mecs.it\/wp-content\/uploads\/2021\/11\/cover-image-pitching-one.webp\" \/>\n\t<meta property=\"og:image:width\" content=\"2560\" \/>\n\t<meta property=\"og:image:height\" content=\"667\" \/>\n\t<meta property=\"og:image:type\" content=\"image\/webp\" \/>\n<meta name=\"twitter:card\" content=\"summary_large_image\" \/>\n<meta name=\"twitter:label1\" content=\"Tempo di lettura stimato\" \/>\n\t<meta name=\"twitter:data1\" content=\"1 minuto\" \/>\n<script type=\"application\/ld+json\" class=\"yoast-schema-graph\">{\"@context\":\"https:\/\/schema.org\",\"@graph\":[{\"@type\":\"WebPage\",\"@id\":\"https:\/\/www.mecs.it\/it\/one\",\"url\":\"https:\/\/www.mecs.it\/it\/one\",\"name\":\"Linea One - MEC\",\"isPartOf\":{\"@id\":\"https:\/\/www.mecs.it\/it\/#website\"},\"primaryImageOfPage\":{\"@id\":\"https:\/\/www.mecs.it\/it\/one#primaryimage\"},\"image\":{\"@id\":\"https:\/\/www.mecs.it\/it\/one#primaryimage\"},\"thumbnailUrl\":\"https:\/\/www.mecs.it\/wp-content\/uploads\/2021\/11\/cover-image-pitching-one.webp\",\"datePublished\":\"2021-11-09T17:13:13+00:00\",\"dateModified\":\"2026-02-06T10:22:43+00:00\",\"description\":\"Pitching One MEC: finitura bordi e effetto bombato su sassi da muro. Scopri tutte le caratteristiche tecniche!\",\"breadcrumb\":{\"@id\":\"https:\/\/www.mecs.it\/it\/one#breadcrumb\"},\"inLanguage\":\"it-IT\",\"potentialAction\":[{\"@type\":\"ReadAction\",\"target\":[\"https:\/\/www.mecs.it\/it\/one\"]}]},{\"@type\":\"ImageObject\",\"inLanguage\":\"it-IT\",\"@id\":\"https:\/\/www.mecs.it\/it\/one#primaryimage\",\"url\":\"https:\/\/www.mecs.it\/wp-content\/uploads\/2021\/11\/cover-image-pitching-one.webp\",\"contentUrl\":\"https:\/\/www.mecs.it\/wp-content\/uploads\/2021\/11\/cover-image-pitching-one.webp\",\"width\":2560,\"height\":667,\"caption\":\"cover image pitching one\"},{\"@type\":\"BreadcrumbList\",\"@id\":\"https:\/\/www.mecs.it\/it\/one#breadcrumb\",\"itemListElement\":[{\"@type\":\"ListItem\",\"position\":1,\"name\":\"Home\",\"item\":\"https:\/\/www.mecs.it\/it\"},{\"@type\":\"ListItem\",\"position\":2,\"name\":\"Prodotti\",\"item\":\"https:\/\/www.mecs.it\/it\/shop\"},{\"@type\":\"ListItem\",\"position\":3,\"name\":\"Arenaria\",\"item\":\"https:\/\/www.mecs.it\/it\/macchine-finitura\/arenaria\"},{\"@type\":\"ListItem\",\"position\":4,\"name\":\"One\"}]},{\"@type\":\"WebSite\",\"@id\":\"https:\/\/www.mecs.it\/it\/#website\",\"url\":\"https:\/\/www.mecs.it\/it\/\",\"name\":\"MEC\",\"description\":\"Macchine per lavorazione pietra e spacco cemento\",\"publisher\":{\"@id\":\"https:\/\/www.mecs.it\/it\/#organization\"},\"potentialAction\":[{\"@type\":\"SearchAction\",\"target\":{\"@type\":\"EntryPoint\",\"urlTemplate\":\"https:\/\/www.mecs.it\/it\/?s={search_term_string}\"},\"query-input\":{\"@type\":\"PropertyValueSpecification\",\"valueRequired\":true,\"valueName\":\"search_term_string\"}}],\"inLanguage\":\"it-IT\"},{\"@type\":\"Organization\",\"@id\":\"https:\/\/www.mecs.it\/it\/#organization\",\"name\":\"MEC\",\"url\":\"https:\/\/www.mecs.it\/it\/\",\"logo\":{\"@type\":\"ImageObject\",\"inLanguage\":\"it-IT\",\"@id\":\"https:\/\/www.mecs.it\/it\/#\/schema\/logo\/image\/\",\"url\":\"https:\/\/www.mecs.it\/wp-content\/uploads\/2022\/05\/logo-MEC-blue.svg\",\"contentUrl\":\"https:\/\/www.mecs.it\/wp-content\/uploads\/2022\/05\/logo-MEC-blue.svg\",\"caption\":\"MEC\"},\"image\":{\"@id\":\"https:\/\/www.mecs.it\/it\/#\/schema\/logo\/image\/\"}}]}<\/script>\n<!-- \/ Yoast SEO plugin. -->","yoast_head_json":{"title":"Linea One - MEC","description":"Pitching One MEC: finitura bordi e effetto bombato su sassi da muro. Scopri tutte le caratteristiche tecniche!","robots":{"index":"index","follow":"follow","max-snippet":"max-snippet:-1","max-image-preview":"max-image-preview:large","max-video-preview":"max-video-preview:-1"},"canonical":"https:\/\/www.mecs.it\/it\/one","og_locale":"it_IT","og_type":"article","og_title":"Linea One - MEC","og_description":"Pitching One MEC: finitura bordi e effetto bombato su sassi da muro. Scopri tutte le caratteristiche tecniche!","og_url":"https:\/\/www.mecs.it\/it\/one","og_site_name":"MEC","article_modified_time":"2026-02-06T10:22:43+00:00","og_image":[{"width":2560,"height":667,"url":"https:\/\/www.mecs.it\/wp-content\/uploads\/2021\/11\/cover-image-pitching-one.webp","type":"image\/webp"}],"twitter_card":"summary_large_image","twitter_misc":{"Tempo di lettura stimato":"1 minuto"},"schema":{"@context":"https:\/\/schema.org","@graph":[{"@type":"WebPage","@id":"https:\/\/www.mecs.it\/it\/one","url":"https:\/\/www.mecs.it\/it\/one","name":"Linea One - MEC","isPartOf":{"@id":"https:\/\/www.mecs.it\/it\/#website"},"primaryImageOfPage":{"@id":"https:\/\/www.mecs.it\/it\/one#primaryimage"},"image":{"@id":"https:\/\/www.mecs.it\/it\/one#primaryimage"},"thumbnailUrl":"https:\/\/www.mecs.it\/wp-content\/uploads\/2021\/11\/cover-image-pitching-one.webp","datePublished":"2021-11-09T17:13:13+00:00","dateModified":"2026-02-06T10:22:43+00:00","description":"Pitching One MEC: finitura bordi e effetto bombato su sassi da muro. Scopri tutte le caratteristiche tecniche!","breadcrumb":{"@id":"https:\/\/www.mecs.it\/it\/one#breadcrumb"},"inLanguage":"it-IT","potentialAction":[{"@type":"ReadAction","target":["https:\/\/www.mecs.it\/it\/one"]}]},{"@type":"ImageObject","inLanguage":"it-IT","@id":"https:\/\/www.mecs.it\/it\/one#primaryimage","url":"https:\/\/www.mecs.it\/wp-content\/uploads\/2021\/11\/cover-image-pitching-one.webp","contentUrl":"https:\/\/www.mecs.it\/wp-content\/uploads\/2021\/11\/cover-image-pitching-one.webp","width":2560,"height":667,"caption":"cover image pitching one"},{"@type":"BreadcrumbList","@id":"https:\/\/www.mecs.it\/it\/one#breadcrumb","itemListElement":[{"@type":"ListItem","position":1,"name":"Home","item":"https:\/\/www.mecs.it\/it"},{"@type":"ListItem","position":2,"name":"Prodotti","item":"https:\/\/www.mecs.it\/it\/shop"},{"@type":"ListItem","position":3,"name":"Arenaria","item":"https:\/\/www.mecs.it\/it\/macchine-finitura\/arenaria"},{"@type":"ListItem","position":4,"name":"One"}]},{"@type":"WebSite","@id":"https:\/\/www.mecs.it\/it\/#website","url":"https:\/\/www.mecs.it\/it\/","name":"MEC","description":"Macchine per lavorazione pietra e spacco cemento","publisher":{"@id":"https:\/\/www.mecs.it\/it\/#organization"},"potentialAction":[{"@type":"SearchAction","target":{"@type":"EntryPoint","urlTemplate":"https:\/\/www.mecs.it\/it\/?s={search_term_string}"},"query-input":{"@type":"PropertyValueSpecification","valueRequired":true,"valueName":"search_term_string"}}],"inLanguage":"it-IT"},{"@type":"Organization","@id":"https:\/\/www.mecs.it\/it\/#organization","name":"MEC","url":"https:\/\/www.mecs.it\/it\/","logo":{"@type":"ImageObject","inLanguage":"it-IT","@id":"https:\/\/www.mecs.it\/it\/#\/schema\/logo\/image\/","url":"https:\/\/www.mecs.it\/wp-content\/uploads\/2022\/05\/logo-MEC-blue.svg","contentUrl":"https:\/\/www.mecs.it\/wp-content\/uploads\/2022\/05\/logo-MEC-blue.svg","caption":"MEC"},"image":{"@id":"https:\/\/www.mecs.it\/it\/#\/schema\/logo\/image\/"}}]}},"_links":{"self":[{"href":"https:\/\/www.mecs.it\/it\/wp-json\/wp\/v2\/product\/36808","targetHints":{"allow":["GET"]}}],"collection":[{"href":"https:\/\/www.mecs.it\/it\/wp-json\/wp\/v2\/product"}],"about":[{"href":"https:\/\/www.mecs.it\/it\/wp-json\/wp\/v2\/types\/product"}],"wp:featuredmedia":[{"embeddable":true,"href":"https:\/\/www.mecs.it\/it\/wp-json\/wp\/v2\/media\/57433"}],"wp:attachment":[{"href":"https:\/\/www.mecs.it\/it\/wp-json\/wp\/v2\/media?parent=36808"}],"wp:term":[{"taxonomy":"product_brand","embeddable":true,"href":"https:\/\/www.mecs.it\/it\/wp-json\/wp\/v2\/product_brand?post=36808"},{"taxonomy":"product_cat","embeddable":true,"href":"https:\/\/www.mecs.it\/it\/wp-json\/wp\/v2\/product_cat?post=36808"},{"taxonomy":"product_tag","embeddable":true,"href":"https:\/\/www.mecs.it\/it\/wp-json\/wp\/v2\/product_tag?post=36808"}],"curies":[{"name":"wp","href":"https:\/\/api.w.org\/{rel}","templated":true}]}}