{"id":36310,"date":"2021-11-09T11:42:16","date_gmt":"2021-11-09T10:42:16","guid":{"rendered":"https:\/\/www.mecs.it\/?post_type=product&#038;p=36310"},"modified":"2026-02-06T10:23:45","modified_gmt":"2026-02-06T09:23:45","slug":"half","status":"publish","type":"product","link":"https:\/\/www.mecs.it\/it\/half","title":{"rendered":"Half"},"content":{"rendered":"<p class=\"brz-css-wmknq\" data-generated-css=\"brz-css-qjzqq\" data-uniq-id=\"axzye\">La HALF \u00e8 dotata di due lame orizzontali che spaccano in modo automatico. Nata per recuperare gli scarti di segagione che si presentano come mattonelle o piastre, \u00e8 stata poi sviluppata anche in versioni personalizzate con lame pi\u00f9 lunghe e movimentazioni adeguate per lo spacco orizzontale di elementi pi\u00f9 lunghi, come filagne o listelloni. \u00c8 ideale per lavorare materiali venati, come gneiss, serizzi o anche graniti. Aprendo in questo modo il materiale, si ottengono due piastre con una faccia splittata, rustica ideale per il rivestimento faccia a vista e una faccia segata, adatta per la posa.<\/p>\n<p class=\"brz-css-njnoa\" data-uniq-id=\"hlkzg\" data-generated-css=\"brz-css-svxhe\">Esistono versioni di Half personalizzate in dimensioni, forze e lunghezze degli utensili. La versione base standard \u00e8 pari a 400\u00d7200 mm.<\/p>\n","protected":false},"excerpt":{"rendered":"<p>La HALF \u00e8 dotata di due lame orizzontali che spaccano in modo automatico. Nata per recuperare gli scarti di segagione che [&hellip;]<\/p>\n","protected":false},"featured_media":64671,"template":"","meta":{"_acf_changed":false,"inline_featured_image":false},"product_brand":[],"product_cat":[549,63,527,64],"product_tag":[702],"class_list":{"0":"post-36310","1":"product","2":"type-product","3":"status-publish","4":"has-post-thumbnail","6":"product_cat-spacco-pietra","7":"product_cat-automatico","8":"product_cat-spacco","9":"product_cat-orizzontale","10":"product_tag-macchine-per-spacco-orizzontale","11":"materiali-ardesia","12":"materiali-quarzite","13":"prodotti_finiti-listelli","14":"prodotti_finiti-rivestimenti","16":"first","17":"instock","18":"shipping-taxable","19":"product-type-simple"},"acf":[],"yoast_head":"<!-- This site is optimized with the Yoast SEO plugin v26.9 - https:\/\/yoast.com\/product\/yoast-seo-wordpress\/ -->\n<title>Serie Half - MEC<\/title>\n<meta name=\"description\" content=\"Serie Half MEC: spaccapietre orizzontale per ottenere due piastre, una splittata e una segata. Scopri la gamma!\" \/>\n<meta name=\"robots\" content=\"index, follow, max-snippet:-1, max-image-preview:large, max-video-preview:-1\" \/>\n<link rel=\"canonical\" href=\"https:\/\/www.mecs.it\/it\/half\" \/>\n<meta property=\"og:locale\" content=\"it_IT\" \/>\n<meta property=\"og:type\" content=\"article\" \/>\n<meta property=\"og:title\" content=\"Serie Half - MEC\" \/>\n<meta property=\"og:description\" content=\"Serie Half MEC: spaccapietre orizzontale per ottenere due piastre, una splittata e una segata. Scopri la gamma!\" \/>\n<meta property=\"og:url\" content=\"https:\/\/www.mecs.it\/it\/half\" \/>\n<meta property=\"og:site_name\" content=\"MEC\" \/>\n<meta property=\"article:modified_time\" content=\"2026-02-06T09:23:45+00:00\" \/>\n<meta property=\"og:image\" content=\"https:\/\/www.mecs.it\/wp-content\/uploads\/2021\/11\/half-mec.webp\" \/>\n\t<meta property=\"og:image:width\" content=\"1280\" \/>\n\t<meta property=\"og:image:height\" content=\"960\" \/>\n\t<meta property=\"og:image:type\" content=\"image\/webp\" \/>\n<meta name=\"twitter:card\" content=\"summary_large_image\" \/>\n<meta name=\"twitter:label1\" content=\"Tempo di lettura stimato\" \/>\n\t<meta name=\"twitter:data1\" content=\"1 minuto\" \/>\n<script type=\"application\/ld+json\" class=\"yoast-schema-graph\">{\"@context\":\"https:\/\/schema.org\",\"@graph\":[{\"@type\":\"WebPage\",\"@id\":\"https:\/\/www.mecs.it\/it\/half\",\"url\":\"https:\/\/www.mecs.it\/it\/half\",\"name\":\"Serie Half - MEC\",\"isPartOf\":{\"@id\":\"https:\/\/www.mecs.it\/it\/#website\"},\"primaryImageOfPage\":{\"@id\":\"https:\/\/www.mecs.it\/it\/half#primaryimage\"},\"image\":{\"@id\":\"https:\/\/www.mecs.it\/it\/half#primaryimage\"},\"thumbnailUrl\":\"https:\/\/www.mecs.it\/wp-content\/uploads\/2021\/11\/half-mec.webp\",\"datePublished\":\"2021-11-09T10:42:16+00:00\",\"dateModified\":\"2026-02-06T09:23:45+00:00\",\"description\":\"Serie Half MEC: spaccapietre orizzontale per ottenere due piastre, una splittata e una segata. Scopri la gamma!\",\"breadcrumb\":{\"@id\":\"https:\/\/www.mecs.it\/it\/half#breadcrumb\"},\"inLanguage\":\"it-IT\",\"potentialAction\":[{\"@type\":\"ReadAction\",\"target\":[\"https:\/\/www.mecs.it\/it\/half\"]}]},{\"@type\":\"ImageObject\",\"inLanguage\":\"it-IT\",\"@id\":\"https:\/\/www.mecs.it\/it\/half#primaryimage\",\"url\":\"https:\/\/www.mecs.it\/wp-content\/uploads\/2021\/11\/half-mec.webp\",\"contentUrl\":\"https:\/\/www.mecs.it\/wp-content\/uploads\/2021\/11\/half-mec.webp\",\"width\":1280,\"height\":960,\"caption\":\"half mec\"},{\"@type\":\"BreadcrumbList\",\"@id\":\"https:\/\/www.mecs.it\/it\/half#breadcrumb\",\"itemListElement\":[{\"@type\":\"ListItem\",\"position\":1,\"name\":\"Home\",\"item\":\"https:\/\/www.mecs.it\/it\"},{\"@type\":\"ListItem\",\"position\":2,\"name\":\"Prodotti\",\"item\":\"https:\/\/www.mecs.it\/it\/shop\"},{\"@type\":\"ListItem\",\"position\":3,\"name\":\"Macchine per spacco pietra\",\"item\":\"https:\/\/www.mecs.it\/it\/spacco-pietra\"},{\"@type\":\"ListItem\",\"position\":4,\"name\":\"Half\"}]},{\"@type\":\"WebSite\",\"@id\":\"https:\/\/www.mecs.it\/it\/#website\",\"url\":\"https:\/\/www.mecs.it\/it\/\",\"name\":\"MEC\",\"description\":\"Macchine per lavorazione pietra e spacco cemento\",\"publisher\":{\"@id\":\"https:\/\/www.mecs.it\/it\/#organization\"},\"potentialAction\":[{\"@type\":\"SearchAction\",\"target\":{\"@type\":\"EntryPoint\",\"urlTemplate\":\"https:\/\/www.mecs.it\/it\/?s={search_term_string}\"},\"query-input\":{\"@type\":\"PropertyValueSpecification\",\"valueRequired\":true,\"valueName\":\"search_term_string\"}}],\"inLanguage\":\"it-IT\"},{\"@type\":\"Organization\",\"@id\":\"https:\/\/www.mecs.it\/it\/#organization\",\"name\":\"MEC\",\"url\":\"https:\/\/www.mecs.it\/it\/\",\"logo\":{\"@type\":\"ImageObject\",\"inLanguage\":\"it-IT\",\"@id\":\"https:\/\/www.mecs.it\/it\/#\/schema\/logo\/image\/\",\"url\":\"https:\/\/www.mecs.it\/wp-content\/uploads\/2022\/05\/logo-MEC-blue.svg\",\"contentUrl\":\"https:\/\/www.mecs.it\/wp-content\/uploads\/2022\/05\/logo-MEC-blue.svg\",\"caption\":\"MEC\"},\"image\":{\"@id\":\"https:\/\/www.mecs.it\/it\/#\/schema\/logo\/image\/\"}}]}<\/script>\n<!-- \/ Yoast SEO plugin. -->","yoast_head_json":{"title":"Serie Half - MEC","description":"Serie Half MEC: spaccapietre orizzontale per ottenere due piastre, una splittata e una segata. Scopri la gamma!","robots":{"index":"index","follow":"follow","max-snippet":"max-snippet:-1","max-image-preview":"max-image-preview:large","max-video-preview":"max-video-preview:-1"},"canonical":"https:\/\/www.mecs.it\/it\/half","og_locale":"it_IT","og_type":"article","og_title":"Serie Half - MEC","og_description":"Serie Half MEC: spaccapietre orizzontale per ottenere due piastre, una splittata e una segata. Scopri la gamma!","og_url":"https:\/\/www.mecs.it\/it\/half","og_site_name":"MEC","article_modified_time":"2026-02-06T09:23:45+00:00","og_image":[{"width":1280,"height":960,"url":"https:\/\/www.mecs.it\/wp-content\/uploads\/2021\/11\/half-mec.webp","type":"image\/webp"}],"twitter_card":"summary_large_image","twitter_misc":{"Tempo di lettura stimato":"1 minuto"},"schema":{"@context":"https:\/\/schema.org","@graph":[{"@type":"WebPage","@id":"https:\/\/www.mecs.it\/it\/half","url":"https:\/\/www.mecs.it\/it\/half","name":"Serie Half - MEC","isPartOf":{"@id":"https:\/\/www.mecs.it\/it\/#website"},"primaryImageOfPage":{"@id":"https:\/\/www.mecs.it\/it\/half#primaryimage"},"image":{"@id":"https:\/\/www.mecs.it\/it\/half#primaryimage"},"thumbnailUrl":"https:\/\/www.mecs.it\/wp-content\/uploads\/2021\/11\/half-mec.webp","datePublished":"2021-11-09T10:42:16+00:00","dateModified":"2026-02-06T09:23:45+00:00","description":"Serie Half MEC: spaccapietre orizzontale per ottenere due piastre, una splittata e una segata. Scopri la gamma!","breadcrumb":{"@id":"https:\/\/www.mecs.it\/it\/half#breadcrumb"},"inLanguage":"it-IT","potentialAction":[{"@type":"ReadAction","target":["https:\/\/www.mecs.it\/it\/half"]}]},{"@type":"ImageObject","inLanguage":"it-IT","@id":"https:\/\/www.mecs.it\/it\/half#primaryimage","url":"https:\/\/www.mecs.it\/wp-content\/uploads\/2021\/11\/half-mec.webp","contentUrl":"https:\/\/www.mecs.it\/wp-content\/uploads\/2021\/11\/half-mec.webp","width":1280,"height":960,"caption":"half mec"},{"@type":"BreadcrumbList","@id":"https:\/\/www.mecs.it\/it\/half#breadcrumb","itemListElement":[{"@type":"ListItem","position":1,"name":"Home","item":"https:\/\/www.mecs.it\/it"},{"@type":"ListItem","position":2,"name":"Prodotti","item":"https:\/\/www.mecs.it\/it\/shop"},{"@type":"ListItem","position":3,"name":"Macchine per spacco pietra","item":"https:\/\/www.mecs.it\/it\/spacco-pietra"},{"@type":"ListItem","position":4,"name":"Half"}]},{"@type":"WebSite","@id":"https:\/\/www.mecs.it\/it\/#website","url":"https:\/\/www.mecs.it\/it\/","name":"MEC","description":"Macchine per lavorazione pietra e spacco cemento","publisher":{"@id":"https:\/\/www.mecs.it\/it\/#organization"},"potentialAction":[{"@type":"SearchAction","target":{"@type":"EntryPoint","urlTemplate":"https:\/\/www.mecs.it\/it\/?s={search_term_string}"},"query-input":{"@type":"PropertyValueSpecification","valueRequired":true,"valueName":"search_term_string"}}],"inLanguage":"it-IT"},{"@type":"Organization","@id":"https:\/\/www.mecs.it\/it\/#organization","name":"MEC","url":"https:\/\/www.mecs.it\/it\/","logo":{"@type":"ImageObject","inLanguage":"it-IT","@id":"https:\/\/www.mecs.it\/it\/#\/schema\/logo\/image\/","url":"https:\/\/www.mecs.it\/wp-content\/uploads\/2022\/05\/logo-MEC-blue.svg","contentUrl":"https:\/\/www.mecs.it\/wp-content\/uploads\/2022\/05\/logo-MEC-blue.svg","caption":"MEC"},"image":{"@id":"https:\/\/www.mecs.it\/it\/#\/schema\/logo\/image\/"}}]}},"_links":{"self":[{"href":"https:\/\/www.mecs.it\/it\/wp-json\/wp\/v2\/product\/36310","targetHints":{"allow":["GET"]}}],"collection":[{"href":"https:\/\/www.mecs.it\/it\/wp-json\/wp\/v2\/product"}],"about":[{"href":"https:\/\/www.mecs.it\/it\/wp-json\/wp\/v2\/types\/product"}],"wp:featuredmedia":[{"embeddable":true,"href":"https:\/\/www.mecs.it\/it\/wp-json\/wp\/v2\/media\/64671"}],"wp:attachment":[{"href":"https:\/\/www.mecs.it\/it\/wp-json\/wp\/v2\/media?parent=36310"}],"wp:term":[{"taxonomy":"product_brand","embeddable":true,"href":"https:\/\/www.mecs.it\/it\/wp-json\/wp\/v2\/product_brand?post=36310"},{"taxonomy":"product_cat","embeddable":true,"href":"https:\/\/www.mecs.it\/it\/wp-json\/wp\/v2\/product_cat?post=36310"},{"taxonomy":"product_tag","embeddable":true,"href":"https:\/\/www.mecs.it\/it\/wp-json\/wp\/v2\/product_tag?post=36310"}],"curies":[{"name":"wp","href":"https:\/\/api.w.org\/{rel}","templated":true}]}}