{"id":37317,"date":"2021-11-10T09:25:35","date_gmt":"2021-11-10T08:25:35","guid":{"rendered":"https:\/\/www.mecs.it\/product\/horizontal-t1"},"modified":"2026-02-05T14:46:23","modified_gmt":"2026-02-05T13:46:23","slug":"degauchisseuse-t1","status":"publish","type":"product","link":"https:\/\/www.mecs.it\/fr\/degauchisseuse-t1","title":{"rendered":"D\u00e9gauchisseuse T1"},"content":{"rendered":"<p>La machine D\u00e9gauchisseuse T1 est caract\u00e9ris\u00e9e par une t\u00eate de clivage qui \u00e9pluche les dalles de pierre naturelle compl\u00e8tement sci\u00e9s sur six c\u00f4t\u00e9s, afin d\u2019obtenir des pierres \u00e0 parement, avec une \u00e9paisseur fine et avec une face sci\u00e9e et l&rsquo;autre rustique.<\/p>\n<p>Le machine D\u00e9gauchisseuse T1 vous permet de d\u00e9gauchir diff\u00e9rents types de pierres : \u00e0 commencer par les plus douces, comme le gr\u00e8s et le marbre, \u00e0 celles le plus durs, comme le granite et le quartzite et m\u00eame le b\u00e9ton.<\/p>\n<p>Cette petite machine, caract\u00e9ris\u00e9e par l&rsquo;avancement de la pi\u00e8ce et le processus de fente en mode automatique, permet d&rsquo;obtenir une production de 2\/4 m\u00e8tres lin\u00e9aires par minute avec une pi\u00e8ce cliv\u00e9e d&rsquo;un c\u00f4t\u00e9. La machine peut \u00e9galement \u00eatre fournie avec une glissi\u00e8re et un tapis en caoutchouc pour faire revenir la pi\u00e8ce \u2013 d\u00e9gauchie seulement d&rsquo;un c\u00f4t\u00e9 \u2013 \u00e0 l\u2019op\u00e9rateur.<\/p>\n<p>Cela facilite l\u2019activit\u00e9 de chargement de la m\u00eame pi\u00e8ce pour qu\u2019elle soit travaill\u00e9e sur l\u2019autre c\u00f4t\u00e9.<\/p>\n","protected":false},"excerpt":{"rendered":"<p>La machine D\u00e9gauchisseuse T1 est caract\u00e9ris\u00e9e par une t\u00eate de clivage qui \u00e9pluche les dalles de pierre naturelle compl\u00e8tement sci\u00e9s sur [&hellip;]<\/p>\n","protected":false},"featured_media":37318,"template":"","meta":{"_acf_changed":false,"inline_featured_image":false},"product_brand":[],"product_cat":[141],"product_tag":[],"class_list":{"0":"post-37317","1":"product","2":"type-product","3":"status-publish","4":"has-post-thumbnail","6":"product_cat-pitching","7":"materiali-calcaire","8":"materiali-granit","9":"materiali-marbre","10":"materiali-pierre-bleue","11":"materiali-porphyre","12":"materiali-quartzite","13":"materiali-travertin","14":"prodotti_finiti-revetements","16":"first","17":"instock","18":"shipping-taxable","19":"product-type-simple"},"acf":[],"yoast_head":"<!-- This site is optimized with the Yoast SEO plugin v26.9 - https:\/\/yoast.com\/product\/yoast-seo-wordpress\/ -->\n<title>Ligne horizontale T1 | Machine \u00e0 tanguer les pierres | MEC<\/title>\n<meta name=\"description\" content=\"Horizontal T1 MEC: machine id\u00e9ale pour le r\u00e9curage de pierres tendres ou dures. Pour en savoir plus, contactez MEC d\u00e8s maintenant!\" \/>\n<meta name=\"robots\" content=\"index, follow, max-snippet:-1, max-image-preview:large, max-video-preview:-1\" \/>\n<link rel=\"canonical\" href=\"https:\/\/www.mecs.it\/fr\/degauchisseuse-t1\" \/>\n<meta property=\"og:locale\" content=\"fr_FR\" \/>\n<meta property=\"og:type\" content=\"article\" \/>\n<meta property=\"og:title\" content=\"Ligne horizontale T1 | Machine \u00e0 tanguer les pierres | MEC\" \/>\n<meta property=\"og:description\" content=\"Horizontal T1 MEC: machine id\u00e9ale pour le r\u00e9curage de pierres tendres ou dures. Pour en savoir plus, contactez MEC d\u00e8s maintenant!\" \/>\n<meta property=\"og:url\" content=\"https:\/\/www.mecs.it\/fr\/degauchisseuse-t1\" \/>\n<meta property=\"og:site_name\" content=\"MEC\" \/>\n<meta property=\"article:modified_time\" content=\"2026-02-05T13:46:23+00:00\" \/>\n<meta property=\"og:image\" content=\"https:\/\/www.mecs.it\/wp-content\/uploads\/2021\/08\/header.jpg\" \/>\n\t<meta property=\"og:image:width\" content=\"2560\" \/>\n\t<meta property=\"og:image:height\" content=\"667\" \/>\n\t<meta property=\"og:image:type\" content=\"image\/jpeg\" \/>\n<meta name=\"twitter:card\" content=\"summary_large_image\" \/>\n<meta name=\"twitter:label1\" content=\"Dur\u00e9e de lecture estim\u00e9e\" \/>\n\t<meta name=\"twitter:data1\" content=\"2 minutes\" \/>\n<script type=\"application\/ld+json\" class=\"yoast-schema-graph\">{\"@context\":\"https:\/\/schema.org\",\"@graph\":[{\"@type\":\"WebPage\",\"@id\":\"https:\/\/www.mecs.it\/fr\/degauchisseuse-t1\",\"url\":\"https:\/\/www.mecs.it\/fr\/degauchisseuse-t1\",\"name\":\"Ligne horizontale T1 | Machine \u00e0 tanguer les pierres | MEC\",\"isPartOf\":{\"@id\":\"https:\/\/www.mecs.it\/fr#website\"},\"primaryImageOfPage\":{\"@id\":\"https:\/\/www.mecs.it\/fr\/degauchisseuse-t1#primaryimage\"},\"image\":{\"@id\":\"https:\/\/www.mecs.it\/fr\/degauchisseuse-t1#primaryimage\"},\"thumbnailUrl\":\"https:\/\/www.mecs.it\/wp-content\/uploads\/2021\/08\/header.jpg\",\"datePublished\":\"2021-11-10T08:25:35+00:00\",\"dateModified\":\"2026-02-05T13:46:23+00:00\",\"description\":\"Horizontal T1 MEC: machine id\u00e9ale pour le r\u00e9curage de pierres tendres ou dures. Pour en savoir plus, contactez MEC d\u00e8s maintenant!\",\"breadcrumb\":{\"@id\":\"https:\/\/www.mecs.it\/fr\/degauchisseuse-t1#breadcrumb\"},\"inLanguage\":\"fr-FR\",\"potentialAction\":[{\"@type\":\"ReadAction\",\"target\":[\"https:\/\/www.mecs.it\/fr\/degauchisseuse-t1\"]}]},{\"@type\":\"ImageObject\",\"inLanguage\":\"fr-FR\",\"@id\":\"https:\/\/www.mecs.it\/fr\/degauchisseuse-t1#primaryimage\",\"url\":\"https:\/\/www.mecs.it\/wp-content\/uploads\/2021\/08\/header.jpg\",\"contentUrl\":\"https:\/\/www.mecs.it\/wp-content\/uploads\/2021\/08\/header.jpg\",\"width\":2560,\"height\":667,\"caption\":\"header\"},{\"@type\":\"BreadcrumbList\",\"@id\":\"https:\/\/www.mecs.it\/fr\/degauchisseuse-t1#breadcrumb\",\"itemListElement\":[{\"@type\":\"ListItem\",\"position\":1,\"name\":\"Home\",\"item\":\"https:\/\/www.mecs.it\/fr\"},{\"@type\":\"ListItem\",\"position\":2,\"name\":\"Produits\",\"item\":\"https:\/\/www.mecs.it\/fr\/shop\"},{\"@type\":\"ListItem\",\"position\":3,\"name\":\"Pitching\",\"item\":\"https:\/\/www.mecs.it\/fr\/pitching\"},{\"@type\":\"ListItem\",\"position\":4,\"name\":\"D\u00e9gauchisseuse T1\"}]},{\"@type\":\"WebSite\",\"@id\":\"https:\/\/www.mecs.it\/fr#website\",\"url\":\"https:\/\/www.mecs.it\/fr\",\"name\":\"MEC\",\"description\":\"Macchine per lavorazione pietra e spacco cemento\",\"publisher\":{\"@id\":\"https:\/\/www.mecs.it\/fr#organization\"},\"potentialAction\":[{\"@type\":\"SearchAction\",\"target\":{\"@type\":\"EntryPoint\",\"urlTemplate\":\"https:\/\/www.mecs.it\/fr?s={search_term_string}\"},\"query-input\":{\"@type\":\"PropertyValueSpecification\",\"valueRequired\":true,\"valueName\":\"search_term_string\"}}],\"inLanguage\":\"fr-FR\"},{\"@type\":\"Organization\",\"@id\":\"https:\/\/www.mecs.it\/fr#organization\",\"name\":\"MEC\",\"url\":\"https:\/\/www.mecs.it\/fr\",\"logo\":{\"@type\":\"ImageObject\",\"inLanguage\":\"fr-FR\",\"@id\":\"https:\/\/www.mecs.it\/fr#\/schema\/logo\/image\/\",\"url\":\"https:\/\/www.mecs.it\/wp-content\/uploads\/2022\/05\/logo-MEC-blue.svg\",\"contentUrl\":\"https:\/\/www.mecs.it\/wp-content\/uploads\/2022\/05\/logo-MEC-blue.svg\",\"caption\":\"MEC\"},\"image\":{\"@id\":\"https:\/\/www.mecs.it\/fr#\/schema\/logo\/image\/\"}}]}<\/script>\n<!-- \/ Yoast SEO plugin. -->","yoast_head_json":{"title":"Ligne horizontale T1 | Machine \u00e0 tanguer les pierres | MEC","description":"Horizontal T1 MEC: machine id\u00e9ale pour le r\u00e9curage de pierres tendres ou dures. Pour en savoir plus, contactez MEC d\u00e8s maintenant!","robots":{"index":"index","follow":"follow","max-snippet":"max-snippet:-1","max-image-preview":"max-image-preview:large","max-video-preview":"max-video-preview:-1"},"canonical":"https:\/\/www.mecs.it\/fr\/degauchisseuse-t1","og_locale":"fr_FR","og_type":"article","og_title":"Ligne horizontale T1 | Machine \u00e0 tanguer les pierres | MEC","og_description":"Horizontal T1 MEC: machine id\u00e9ale pour le r\u00e9curage de pierres tendres ou dures. Pour en savoir plus, contactez MEC d\u00e8s maintenant!","og_url":"https:\/\/www.mecs.it\/fr\/degauchisseuse-t1","og_site_name":"MEC","article_modified_time":"2026-02-05T13:46:23+00:00","og_image":[{"width":2560,"height":667,"url":"https:\/\/www.mecs.it\/wp-content\/uploads\/2021\/08\/header.jpg","type":"image\/jpeg"}],"twitter_card":"summary_large_image","twitter_misc":{"Dur\u00e9e de lecture estim\u00e9e":"2 minutes"},"schema":{"@context":"https:\/\/schema.org","@graph":[{"@type":"WebPage","@id":"https:\/\/www.mecs.it\/fr\/degauchisseuse-t1","url":"https:\/\/www.mecs.it\/fr\/degauchisseuse-t1","name":"Ligne horizontale T1 | Machine \u00e0 tanguer les pierres | MEC","isPartOf":{"@id":"https:\/\/www.mecs.it\/fr#website"},"primaryImageOfPage":{"@id":"https:\/\/www.mecs.it\/fr\/degauchisseuse-t1#primaryimage"},"image":{"@id":"https:\/\/www.mecs.it\/fr\/degauchisseuse-t1#primaryimage"},"thumbnailUrl":"https:\/\/www.mecs.it\/wp-content\/uploads\/2021\/08\/header.jpg","datePublished":"2021-11-10T08:25:35+00:00","dateModified":"2026-02-05T13:46:23+00:00","description":"Horizontal T1 MEC: machine id\u00e9ale pour le r\u00e9curage de pierres tendres ou dures. Pour en savoir plus, contactez MEC d\u00e8s maintenant!","breadcrumb":{"@id":"https:\/\/www.mecs.it\/fr\/degauchisseuse-t1#breadcrumb"},"inLanguage":"fr-FR","potentialAction":[{"@type":"ReadAction","target":["https:\/\/www.mecs.it\/fr\/degauchisseuse-t1"]}]},{"@type":"ImageObject","inLanguage":"fr-FR","@id":"https:\/\/www.mecs.it\/fr\/degauchisseuse-t1#primaryimage","url":"https:\/\/www.mecs.it\/wp-content\/uploads\/2021\/08\/header.jpg","contentUrl":"https:\/\/www.mecs.it\/wp-content\/uploads\/2021\/08\/header.jpg","width":2560,"height":667,"caption":"header"},{"@type":"BreadcrumbList","@id":"https:\/\/www.mecs.it\/fr\/degauchisseuse-t1#breadcrumb","itemListElement":[{"@type":"ListItem","position":1,"name":"Home","item":"https:\/\/www.mecs.it\/fr"},{"@type":"ListItem","position":2,"name":"Produits","item":"https:\/\/www.mecs.it\/fr\/shop"},{"@type":"ListItem","position":3,"name":"Pitching","item":"https:\/\/www.mecs.it\/fr\/pitching"},{"@type":"ListItem","position":4,"name":"D\u00e9gauchisseuse T1"}]},{"@type":"WebSite","@id":"https:\/\/www.mecs.it\/fr#website","url":"https:\/\/www.mecs.it\/fr","name":"MEC","description":"Macchine per lavorazione pietra e spacco cemento","publisher":{"@id":"https:\/\/www.mecs.it\/fr#organization"},"potentialAction":[{"@type":"SearchAction","target":{"@type":"EntryPoint","urlTemplate":"https:\/\/www.mecs.it\/fr?s={search_term_string}"},"query-input":{"@type":"PropertyValueSpecification","valueRequired":true,"valueName":"search_term_string"}}],"inLanguage":"fr-FR"},{"@type":"Organization","@id":"https:\/\/www.mecs.it\/fr#organization","name":"MEC","url":"https:\/\/www.mecs.it\/fr","logo":{"@type":"ImageObject","inLanguage":"fr-FR","@id":"https:\/\/www.mecs.it\/fr#\/schema\/logo\/image\/","url":"https:\/\/www.mecs.it\/wp-content\/uploads\/2022\/05\/logo-MEC-blue.svg","contentUrl":"https:\/\/www.mecs.it\/wp-content\/uploads\/2022\/05\/logo-MEC-blue.svg","caption":"MEC"},"image":{"@id":"https:\/\/www.mecs.it\/fr#\/schema\/logo\/image\/"}}]}},"_links":{"self":[{"href":"https:\/\/www.mecs.it\/fr\/wp-json\/wp\/v2\/product\/37317","targetHints":{"allow":["GET"]}}],"collection":[{"href":"https:\/\/www.mecs.it\/fr\/wp-json\/wp\/v2\/product"}],"about":[{"href":"https:\/\/www.mecs.it\/fr\/wp-json\/wp\/v2\/types\/product"}],"wp:featuredmedia":[{"embeddable":true,"href":"https:\/\/www.mecs.it\/fr\/wp-json\/wp\/v2\/media\/37318"}],"wp:attachment":[{"href":"https:\/\/www.mecs.it\/fr\/wp-json\/wp\/v2\/media?parent=37317"}],"wp:term":[{"taxonomy":"product_brand","embeddable":true,"href":"https:\/\/www.mecs.it\/fr\/wp-json\/wp\/v2\/product_brand?post=37317"},{"taxonomy":"product_cat","embeddable":true,"href":"https:\/\/www.mecs.it\/fr\/wp-json\/wp\/v2\/product_cat?post=37317"},{"taxonomy":"product_tag","embeddable":true,"href":"https:\/\/www.mecs.it\/fr\/wp-json\/wp\/v2\/product_tag?post=37317"}],"curies":[{"name":"wp","href":"https:\/\/api.w.org\/{rel}","templated":true}]}}