{"id":37253,"date":"2021-11-10T10:52:54","date_gmt":"2021-11-10T09:52:54","guid":{"rendered":"https:\/\/www.mecs.it\/product\/stark"},"modified":"2026-02-06T11:21:17","modified_gmt":"2026-02-06T10:21:17","slug":"stark","status":"publish","type":"product","link":"https:\/\/www.mecs.it\/fr\/stark","title":{"rendered":"Stark 15"},"content":{"rendered":"<p>Les concasseurs \u00e0 m\u00e2choires STARK sont id\u00e9aux pour concasser non seulement les d\u00e9chets de marbre, de granit et de pierre naturelle en g\u00e9n\u00e9ral, mais \u00e9galement les mat\u00e9riaux de diverses natures (agglom\u00e9r\u00e9, c\u00e9ramique, verre, b\u00e9ton).<\/p>\n<p>Caract\u00e9ris\u00e9s par une structure lourde et robuste, ils sont capables d&rsquo;obtenir diff\u00e9rentes tailles de grains en fonction de l&rsquo;ouverture ou de la fermeture des m\u00e2choires.<\/p>\n<p>Le produit concass\u00e9 peut etre utilis\u00e9 dans la simple r\u00e9duction du volume de d\u00e9chets, dans la construction de routes au mobilier urbain ou dans la fabrication de nouveaux produits.<\/p>\n<p>Pour augmenter la production et avoir une s\u00e9lection de diff\u00e9rentes granulom\u00e9tries, les concasseurs STARK peuvent \u00e9galement \u00eatre fournis dans une ligne compl\u00e8te.<\/p>\n","protected":false},"excerpt":{"rendered":"<p>Les concasseurs \u00e0 m\u00e2choires STARK sont id\u00e9aux pour concasser non seulement les d\u00e9chets de marbre, de granit et de pierre naturelle [&hellip;]<\/p>\n","protected":false},"featured_media":14724,"template":"","meta":{"_acf_changed":false,"inline_featured_image":false},"product_brand":[],"product_cat":[676],"product_tag":[],"class_list":{"0":"post-37253","1":"product","2":"type-product","3":"status-publish","4":"has-post-thumbnail","6":"product_cat-concassage-fr","7":"materiali-andesite","8":"materiali-ardoise","9":"materiali-beton","10":"materiali-calcaire","11":"materiali-gneiss-gneiss-micace-serizzo","12":"materiali-granit","13":"materiali-gres","14":"materiali-marbre","15":"materiali-pierre-bleue","16":"materiali-porphyre","17":"materiali-quartzite","18":"materiali-travertin","19":"prodotti_finiti-gravier-sable","21":"first","22":"instock","23":"shipping-taxable","24":"product-type-simple"},"acf":[],"yoast_head":"<!-- This site is optimized with the Yoast SEO plugin v26.9 - https:\/\/yoast.com\/product\/yoast-seo-wordpress\/ -->\n<title>Ligne Stark: concasseur de pierres<\/title>\n<meta name=\"description\" content=\"S\u00e9rie Stark MEC: concasseurs \u00e0 m\u00e2choires robustes pour concassage primaire de mat\u00e9riaux durs. D\u00e9couvrez-les!\" \/>\n<meta name=\"robots\" content=\"index, follow, max-snippet:-1, max-image-preview:large, max-video-preview:-1\" \/>\n<link rel=\"canonical\" href=\"https:\/\/www.mecs.it\/fr\/stark\" \/>\n<meta property=\"og:locale\" content=\"fr_FR\" \/>\n<meta property=\"og:type\" content=\"article\" \/>\n<meta property=\"og:title\" content=\"Ligne Stark: concasseur de pierres\" \/>\n<meta property=\"og:description\" content=\"S\u00e9rie Stark MEC: concasseurs \u00e0 m\u00e2choires robustes pour concassage primaire de mat\u00e9riaux durs. D\u00e9couvrez-les!\" \/>\n<meta property=\"og:url\" content=\"https:\/\/www.mecs.it\/fr\/stark\" \/>\n<meta property=\"og:site_name\" content=\"MEC\" \/>\n<meta property=\"article:modified_time\" content=\"2026-02-06T10:21:17+00:00\" \/>\n<meta property=\"og:image\" content=\"https:\/\/www.mecs.it\/wp-content\/uploads\/2021\/09\/cover-image-crunch-1-1.jpg\" \/>\n\t<meta property=\"og:image:width\" content=\"2560\" \/>\n\t<meta property=\"og:image:height\" content=\"667\" \/>\n\t<meta property=\"og:image:type\" content=\"image\/jpeg\" \/>\n<meta name=\"twitter:card\" content=\"summary_large_image\" \/>\n<meta name=\"twitter:label1\" content=\"Dur\u00e9e de lecture estim\u00e9e\" \/>\n\t<meta name=\"twitter:data1\" content=\"1 minute\" \/>\n<script type=\"application\/ld+json\" class=\"yoast-schema-graph\">{\"@context\":\"https:\/\/schema.org\",\"@graph\":[{\"@type\":\"WebPage\",\"@id\":\"https:\/\/www.mecs.it\/fr\/stark\",\"url\":\"https:\/\/www.mecs.it\/fr\/stark\",\"name\":\"Ligne Stark: concasseur de pierres\",\"isPartOf\":{\"@id\":\"https:\/\/www.mecs.it\/fr#website\"},\"primaryImageOfPage\":{\"@id\":\"https:\/\/www.mecs.it\/fr\/stark#primaryimage\"},\"image\":{\"@id\":\"https:\/\/www.mecs.it\/fr\/stark#primaryimage\"},\"thumbnailUrl\":\"https:\/\/www.mecs.it\/wp-content\/uploads\/2021\/09\/cover-image-crunch-1-1.jpg\",\"datePublished\":\"2021-11-10T09:52:54+00:00\",\"dateModified\":\"2026-02-06T10:21:17+00:00\",\"description\":\"S\u00e9rie Stark MEC: concasseurs \u00e0 m\u00e2choires robustes pour concassage primaire de mat\u00e9riaux durs. D\u00e9couvrez-les!\",\"breadcrumb\":{\"@id\":\"https:\/\/www.mecs.it\/fr\/stark#breadcrumb\"},\"inLanguage\":\"fr-FR\",\"potentialAction\":[{\"@type\":\"ReadAction\",\"target\":[\"https:\/\/www.mecs.it\/fr\/stark\"]}]},{\"@type\":\"ImageObject\",\"inLanguage\":\"fr-FR\",\"@id\":\"https:\/\/www.mecs.it\/fr\/stark#primaryimage\",\"url\":\"https:\/\/www.mecs.it\/wp-content\/uploads\/2021\/09\/cover-image-crunch-1-1.jpg\",\"contentUrl\":\"https:\/\/www.mecs.it\/wp-content\/uploads\/2021\/09\/cover-image-crunch-1-1.jpg\",\"width\":2560,\"height\":667,\"caption\":\"cover image crunch 1 1\"},{\"@type\":\"BreadcrumbList\",\"@id\":\"https:\/\/www.mecs.it\/fr\/stark#breadcrumb\",\"itemListElement\":[{\"@type\":\"ListItem\",\"position\":1,\"name\":\"Home\",\"item\":\"https:\/\/www.mecs.it\/fr\"},{\"@type\":\"ListItem\",\"position\":2,\"name\":\"Produits\",\"item\":\"https:\/\/www.mecs.it\/fr\/shop\"},{\"@type\":\"ListItem\",\"position\":3,\"name\":\"Concassage\",\"item\":\"https:\/\/www.mecs.it\/fr\/concassage\"},{\"@type\":\"ListItem\",\"position\":4,\"name\":\"Stark 15\"}]},{\"@type\":\"WebSite\",\"@id\":\"https:\/\/www.mecs.it\/fr#website\",\"url\":\"https:\/\/www.mecs.it\/fr\",\"name\":\"MEC\",\"description\":\"Macchine per lavorazione pietra e spacco cemento\",\"publisher\":{\"@id\":\"https:\/\/www.mecs.it\/fr#organization\"},\"potentialAction\":[{\"@type\":\"SearchAction\",\"target\":{\"@type\":\"EntryPoint\",\"urlTemplate\":\"https:\/\/www.mecs.it\/fr?s={search_term_string}\"},\"query-input\":{\"@type\":\"PropertyValueSpecification\",\"valueRequired\":true,\"valueName\":\"search_term_string\"}}],\"inLanguage\":\"fr-FR\"},{\"@type\":\"Organization\",\"@id\":\"https:\/\/www.mecs.it\/fr#organization\",\"name\":\"MEC\",\"url\":\"https:\/\/www.mecs.it\/fr\",\"logo\":{\"@type\":\"ImageObject\",\"inLanguage\":\"fr-FR\",\"@id\":\"https:\/\/www.mecs.it\/fr#\/schema\/logo\/image\/\",\"url\":\"https:\/\/www.mecs.it\/wp-content\/uploads\/2022\/05\/logo-MEC-blue.svg\",\"contentUrl\":\"https:\/\/www.mecs.it\/wp-content\/uploads\/2022\/05\/logo-MEC-blue.svg\",\"caption\":\"MEC\"},\"image\":{\"@id\":\"https:\/\/www.mecs.it\/fr#\/schema\/logo\/image\/\"}}]}<\/script>\n<!-- \/ Yoast SEO plugin. -->","yoast_head_json":{"title":"Ligne Stark: concasseur de pierres","description":"S\u00e9rie Stark MEC: concasseurs \u00e0 m\u00e2choires robustes pour concassage primaire de mat\u00e9riaux durs. D\u00e9couvrez-les!","robots":{"index":"index","follow":"follow","max-snippet":"max-snippet:-1","max-image-preview":"max-image-preview:large","max-video-preview":"max-video-preview:-1"},"canonical":"https:\/\/www.mecs.it\/fr\/stark","og_locale":"fr_FR","og_type":"article","og_title":"Ligne Stark: concasseur de pierres","og_description":"S\u00e9rie Stark MEC: concasseurs \u00e0 m\u00e2choires robustes pour concassage primaire de mat\u00e9riaux durs. D\u00e9couvrez-les!","og_url":"https:\/\/www.mecs.it\/fr\/stark","og_site_name":"MEC","article_modified_time":"2026-02-06T10:21:17+00:00","og_image":[{"width":2560,"height":667,"url":"https:\/\/www.mecs.it\/wp-content\/uploads\/2021\/09\/cover-image-crunch-1-1.jpg","type":"image\/jpeg"}],"twitter_card":"summary_large_image","twitter_misc":{"Dur\u00e9e de lecture estim\u00e9e":"1 minute"},"schema":{"@context":"https:\/\/schema.org","@graph":[{"@type":"WebPage","@id":"https:\/\/www.mecs.it\/fr\/stark","url":"https:\/\/www.mecs.it\/fr\/stark","name":"Ligne Stark: concasseur de pierres","isPartOf":{"@id":"https:\/\/www.mecs.it\/fr#website"},"primaryImageOfPage":{"@id":"https:\/\/www.mecs.it\/fr\/stark#primaryimage"},"image":{"@id":"https:\/\/www.mecs.it\/fr\/stark#primaryimage"},"thumbnailUrl":"https:\/\/www.mecs.it\/wp-content\/uploads\/2021\/09\/cover-image-crunch-1-1.jpg","datePublished":"2021-11-10T09:52:54+00:00","dateModified":"2026-02-06T10:21:17+00:00","description":"S\u00e9rie Stark MEC: concasseurs \u00e0 m\u00e2choires robustes pour concassage primaire de mat\u00e9riaux durs. D\u00e9couvrez-les!","breadcrumb":{"@id":"https:\/\/www.mecs.it\/fr\/stark#breadcrumb"},"inLanguage":"fr-FR","potentialAction":[{"@type":"ReadAction","target":["https:\/\/www.mecs.it\/fr\/stark"]}]},{"@type":"ImageObject","inLanguage":"fr-FR","@id":"https:\/\/www.mecs.it\/fr\/stark#primaryimage","url":"https:\/\/www.mecs.it\/wp-content\/uploads\/2021\/09\/cover-image-crunch-1-1.jpg","contentUrl":"https:\/\/www.mecs.it\/wp-content\/uploads\/2021\/09\/cover-image-crunch-1-1.jpg","width":2560,"height":667,"caption":"cover image crunch 1 1"},{"@type":"BreadcrumbList","@id":"https:\/\/www.mecs.it\/fr\/stark#breadcrumb","itemListElement":[{"@type":"ListItem","position":1,"name":"Home","item":"https:\/\/www.mecs.it\/fr"},{"@type":"ListItem","position":2,"name":"Produits","item":"https:\/\/www.mecs.it\/fr\/shop"},{"@type":"ListItem","position":3,"name":"Concassage","item":"https:\/\/www.mecs.it\/fr\/concassage"},{"@type":"ListItem","position":4,"name":"Stark 15"}]},{"@type":"WebSite","@id":"https:\/\/www.mecs.it\/fr#website","url":"https:\/\/www.mecs.it\/fr","name":"MEC","description":"Macchine per lavorazione pietra e spacco cemento","publisher":{"@id":"https:\/\/www.mecs.it\/fr#organization"},"potentialAction":[{"@type":"SearchAction","target":{"@type":"EntryPoint","urlTemplate":"https:\/\/www.mecs.it\/fr?s={search_term_string}"},"query-input":{"@type":"PropertyValueSpecification","valueRequired":true,"valueName":"search_term_string"}}],"inLanguage":"fr-FR"},{"@type":"Organization","@id":"https:\/\/www.mecs.it\/fr#organization","name":"MEC","url":"https:\/\/www.mecs.it\/fr","logo":{"@type":"ImageObject","inLanguage":"fr-FR","@id":"https:\/\/www.mecs.it\/fr#\/schema\/logo\/image\/","url":"https:\/\/www.mecs.it\/wp-content\/uploads\/2022\/05\/logo-MEC-blue.svg","contentUrl":"https:\/\/www.mecs.it\/wp-content\/uploads\/2022\/05\/logo-MEC-blue.svg","caption":"MEC"},"image":{"@id":"https:\/\/www.mecs.it\/fr#\/schema\/logo\/image\/"}}]}},"_links":{"self":[{"href":"https:\/\/www.mecs.it\/fr\/wp-json\/wp\/v2\/product\/37253","targetHints":{"allow":["GET"]}}],"collection":[{"href":"https:\/\/www.mecs.it\/fr\/wp-json\/wp\/v2\/product"}],"about":[{"href":"https:\/\/www.mecs.it\/fr\/wp-json\/wp\/v2\/types\/product"}],"wp:featuredmedia":[{"embeddable":true,"href":"https:\/\/www.mecs.it\/fr\/wp-json\/wp\/v2\/media\/14724"}],"wp:attachment":[{"href":"https:\/\/www.mecs.it\/fr\/wp-json\/wp\/v2\/media?parent=37253"}],"wp:term":[{"taxonomy":"product_brand","embeddable":true,"href":"https:\/\/www.mecs.it\/fr\/wp-json\/wp\/v2\/product_brand?post=37253"},{"taxonomy":"product_cat","embeddable":true,"href":"https:\/\/www.mecs.it\/fr\/wp-json\/wp\/v2\/product_cat?post=37253"},{"taxonomy":"product_tag","embeddable":true,"href":"https:\/\/www.mecs.it\/fr\/wp-json\/wp\/v2\/product_tag?post=37253"}],"curies":[{"name":"wp","href":"https:\/\/api.w.org\/{rel}","templated":true}]}}