{"id":37251,"date":"2021-11-10T10:58:16","date_gmt":"2021-11-10T09:58:16","guid":{"rendered":"https:\/\/www.mecs.it\/product\/crunch"},"modified":"2026-02-05T15:32:09","modified_gmt":"2026-02-05T14:32:09","slug":"crunch","status":"publish","type":"product","link":"https:\/\/www.mecs.it\/fr\/crunch","title":{"rendered":"Crunch"},"content":{"rendered":"<p>Id\u00e9al pour le concassage secondaire, le moulin \u00e0 marteaux CRUNCH est \u00e9quip\u00e9 d&rsquo;un axe horizontal avec des marteaux libres. Il se caract\u00e9rise par sa grande capacit\u00e9 de r\u00e9duction granulom\u00e9trique dans le concassage de la pierre naturelle, du b\u00e9ton et des mat\u00e9riaux de basse et moyenne duret\u00e9.<\/p>\n<p>\u00c0 la diff\u00e9rence de des concasseurs \u00e0 m\u00e2choires STARK, CRUNCH est appr\u00e9ci\u00e9 pour sa capacit\u00e9 \u00e0 conf\u00e9rer au produit concass\u00e9 l\u2019affinage souhait\u00e9.<\/p>\n<p>Les marteaux sont construits enti\u00e8rement en mat\u00e9riau anti usure Hardox, leurs positions peuvent \u00eatre r\u00e9gl\u00e9es facilement pour en optimiser la consommation.<\/p>\n<p>Le mat\u00e9riau \u00e0 concasser est charg\u00e9 \u00e0 travers la bouche d&rsquo;alimentation sup\u00e9rieure \u2013 qui peut \u00eatre \u00e0 la main ou par une bande transporteuse. Gr\u00e2ce \u00e0 la pr\u00e9sence et \u00e0 la vitesse des marteaux, le mat\u00e9riau est \u00e9cras\u00e9 jusqu&rsquo;\u00e0 ce qu&rsquo;il soit r\u00e9duit \u00e0 une taille suffisante pour passer \u00e0 travers la grille au-dessous. Le produit fini tombe \u00e0 travers la tr\u00e9mie mont\u00e9e dans la partie inf\u00e9rieure du moulin dans un conteneur sp\u00e9cifique de r\u00e9cup\u00e9rations.<\/p>\n","protected":false},"excerpt":{"rendered":"<p>Id\u00e9al pour le concassage secondaire, le moulin \u00e0 marteaux CRUNCH est \u00e9quip\u00e9 d&rsquo;un axe horizontal avec des marteaux libres. Il se [&hellip;]<\/p>\n","protected":false},"featured_media":37243,"template":"","meta":{"_acf_changed":false,"inline_featured_image":false},"product_brand":[],"product_cat":[676],"product_tag":[],"class_list":{"0":"post-37251","1":"product","2":"type-product","3":"status-publish","4":"has-post-thumbnail","6":"product_cat-concassage-fr","7":"materiali-beton","8":"materiali-calcaire","9":"materiali-gneiss-gneiss-micace-serizzo","10":"materiali-granit","11":"materiali-gres","12":"materiali-marbre","13":"materiali-porphyre","14":"materiali-travertin","15":"prodotti_finiti-gravier-sable","17":"first","18":"instock","19":"shipping-taxable","20":"product-type-simple"},"acf":[],"yoast_head":"<!-- This site is optimized with the Yoast SEO plugin v26.9 - https:\/\/yoast.com\/product\/yoast-seo-wordpress\/ -->\n<title>Crunch: concasseur de pierres<\/title>\n<meta name=\"description\" content=\"Crunch MEC: concasseurs parfaits pour broyage de pierre, ciment et agr\u00e9gats. Obtenez une poudre ou un sable plus ou moins grossier.\" \/>\n<meta name=\"robots\" content=\"index, follow, max-snippet:-1, max-image-preview:large, max-video-preview:-1\" \/>\n<link rel=\"canonical\" href=\"https:\/\/www.mecs.it\/fr\/crunch\" \/>\n<meta property=\"og:locale\" content=\"fr_FR\" \/>\n<meta property=\"og:type\" content=\"article\" \/>\n<meta property=\"og:title\" content=\"Crunch: concasseur de pierres\" \/>\n<meta property=\"og:description\" content=\"Crunch MEC: concasseurs parfaits pour broyage de pierre, ciment et agr\u00e9gats. Obtenez une poudre ou un sable plus ou moins grossier.\" \/>\n<meta property=\"og:url\" content=\"https:\/\/www.mecs.it\/fr\/crunch\" \/>\n<meta property=\"og:site_name\" content=\"MEC\" \/>\n<meta property=\"article:modified_time\" content=\"2026-02-05T14:32:09+00:00\" \/>\n<meta property=\"og:image\" content=\"https:\/\/www.mecs.it\/wp-content\/uploads\/2021\/09\/cover-image-crunch-2.png\" \/>\n\t<meta property=\"og:image:width\" content=\"1920\" \/>\n\t<meta property=\"og:image:height\" content=\"500\" \/>\n\t<meta property=\"og:image:type\" content=\"image\/png\" \/>\n<meta name=\"twitter:card\" content=\"summary_large_image\" \/>\n<meta name=\"twitter:label1\" content=\"Dur\u00e9e de lecture estim\u00e9e\" \/>\n\t<meta name=\"twitter:data1\" content=\"2 minutes\" \/>\n<script type=\"application\/ld+json\" class=\"yoast-schema-graph\">{\"@context\":\"https:\/\/schema.org\",\"@graph\":[{\"@type\":\"WebPage\",\"@id\":\"https:\/\/www.mecs.it\/fr\/crunch\",\"url\":\"https:\/\/www.mecs.it\/fr\/crunch\",\"name\":\"Crunch: concasseur de pierres\",\"isPartOf\":{\"@id\":\"https:\/\/www.mecs.it\/fr#website\"},\"primaryImageOfPage\":{\"@id\":\"https:\/\/www.mecs.it\/fr\/crunch#primaryimage\"},\"image\":{\"@id\":\"https:\/\/www.mecs.it\/fr\/crunch#primaryimage\"},\"thumbnailUrl\":\"https:\/\/www.mecs.it\/wp-content\/uploads\/2021\/09\/cover-image-crunch-2.png\",\"datePublished\":\"2021-11-10T09:58:16+00:00\",\"dateModified\":\"2026-02-05T14:32:09+00:00\",\"description\":\"Crunch MEC: concasseurs parfaits pour broyage de pierre, ciment et agr\u00e9gats. Obtenez une poudre ou un sable plus ou moins grossier.\",\"breadcrumb\":{\"@id\":\"https:\/\/www.mecs.it\/fr\/crunch#breadcrumb\"},\"inLanguage\":\"fr-FR\",\"potentialAction\":[{\"@type\":\"ReadAction\",\"target\":[\"https:\/\/www.mecs.it\/fr\/crunch\"]}]},{\"@type\":\"ImageObject\",\"inLanguage\":\"fr-FR\",\"@id\":\"https:\/\/www.mecs.it\/fr\/crunch#primaryimage\",\"url\":\"https:\/\/www.mecs.it\/wp-content\/uploads\/2021\/09\/cover-image-crunch-2.png\",\"contentUrl\":\"https:\/\/www.mecs.it\/wp-content\/uploads\/2021\/09\/cover-image-crunch-2.png\",\"width\":1920,\"height\":500,\"caption\":\"cover image crunch 2\"},{\"@type\":\"BreadcrumbList\",\"@id\":\"https:\/\/www.mecs.it\/fr\/crunch#breadcrumb\",\"itemListElement\":[{\"@type\":\"ListItem\",\"position\":1,\"name\":\"Home\",\"item\":\"https:\/\/www.mecs.it\/fr\"},{\"@type\":\"ListItem\",\"position\":2,\"name\":\"Produits\",\"item\":\"https:\/\/www.mecs.it\/fr\/shop\"},{\"@type\":\"ListItem\",\"position\":3,\"name\":\"Concassage\",\"item\":\"https:\/\/www.mecs.it\/fr\/concassage\"},{\"@type\":\"ListItem\",\"position\":4,\"name\":\"Crunch\"}]},{\"@type\":\"WebSite\",\"@id\":\"https:\/\/www.mecs.it\/fr#website\",\"url\":\"https:\/\/www.mecs.it\/fr\",\"name\":\"MEC\",\"description\":\"Macchine per lavorazione pietra e spacco cemento\",\"publisher\":{\"@id\":\"https:\/\/www.mecs.it\/fr#organization\"},\"potentialAction\":[{\"@type\":\"SearchAction\",\"target\":{\"@type\":\"EntryPoint\",\"urlTemplate\":\"https:\/\/www.mecs.it\/fr?s={search_term_string}\"},\"query-input\":{\"@type\":\"PropertyValueSpecification\",\"valueRequired\":true,\"valueName\":\"search_term_string\"}}],\"inLanguage\":\"fr-FR\"},{\"@type\":\"Organization\",\"@id\":\"https:\/\/www.mecs.it\/fr#organization\",\"name\":\"MEC\",\"url\":\"https:\/\/www.mecs.it\/fr\",\"logo\":{\"@type\":\"ImageObject\",\"inLanguage\":\"fr-FR\",\"@id\":\"https:\/\/www.mecs.it\/fr#\/schema\/logo\/image\/\",\"url\":\"https:\/\/www.mecs.it\/wp-content\/uploads\/2022\/05\/logo-MEC-blue.svg\",\"contentUrl\":\"https:\/\/www.mecs.it\/wp-content\/uploads\/2022\/05\/logo-MEC-blue.svg\",\"caption\":\"MEC\"},\"image\":{\"@id\":\"https:\/\/www.mecs.it\/fr#\/schema\/logo\/image\/\"}}]}<\/script>\n<!-- \/ Yoast SEO plugin. -->","yoast_head_json":{"title":"Crunch: concasseur de pierres","description":"Crunch MEC: concasseurs parfaits pour broyage de pierre, ciment et agr\u00e9gats. Obtenez une poudre ou un sable plus ou moins grossier.","robots":{"index":"index","follow":"follow","max-snippet":"max-snippet:-1","max-image-preview":"max-image-preview:large","max-video-preview":"max-video-preview:-1"},"canonical":"https:\/\/www.mecs.it\/fr\/crunch","og_locale":"fr_FR","og_type":"article","og_title":"Crunch: concasseur de pierres","og_description":"Crunch MEC: concasseurs parfaits pour broyage de pierre, ciment et agr\u00e9gats. Obtenez une poudre ou un sable plus ou moins grossier.","og_url":"https:\/\/www.mecs.it\/fr\/crunch","og_site_name":"MEC","article_modified_time":"2026-02-05T14:32:09+00:00","og_image":[{"width":1920,"height":500,"url":"https:\/\/www.mecs.it\/wp-content\/uploads\/2021\/09\/cover-image-crunch-2.png","type":"image\/png"}],"twitter_card":"summary_large_image","twitter_misc":{"Dur\u00e9e de lecture estim\u00e9e":"2 minutes"},"schema":{"@context":"https:\/\/schema.org","@graph":[{"@type":"WebPage","@id":"https:\/\/www.mecs.it\/fr\/crunch","url":"https:\/\/www.mecs.it\/fr\/crunch","name":"Crunch: concasseur de pierres","isPartOf":{"@id":"https:\/\/www.mecs.it\/fr#website"},"primaryImageOfPage":{"@id":"https:\/\/www.mecs.it\/fr\/crunch#primaryimage"},"image":{"@id":"https:\/\/www.mecs.it\/fr\/crunch#primaryimage"},"thumbnailUrl":"https:\/\/www.mecs.it\/wp-content\/uploads\/2021\/09\/cover-image-crunch-2.png","datePublished":"2021-11-10T09:58:16+00:00","dateModified":"2026-02-05T14:32:09+00:00","description":"Crunch MEC: concasseurs parfaits pour broyage de pierre, ciment et agr\u00e9gats. Obtenez une poudre ou un sable plus ou moins grossier.","breadcrumb":{"@id":"https:\/\/www.mecs.it\/fr\/crunch#breadcrumb"},"inLanguage":"fr-FR","potentialAction":[{"@type":"ReadAction","target":["https:\/\/www.mecs.it\/fr\/crunch"]}]},{"@type":"ImageObject","inLanguage":"fr-FR","@id":"https:\/\/www.mecs.it\/fr\/crunch#primaryimage","url":"https:\/\/www.mecs.it\/wp-content\/uploads\/2021\/09\/cover-image-crunch-2.png","contentUrl":"https:\/\/www.mecs.it\/wp-content\/uploads\/2021\/09\/cover-image-crunch-2.png","width":1920,"height":500,"caption":"cover image crunch 2"},{"@type":"BreadcrumbList","@id":"https:\/\/www.mecs.it\/fr\/crunch#breadcrumb","itemListElement":[{"@type":"ListItem","position":1,"name":"Home","item":"https:\/\/www.mecs.it\/fr"},{"@type":"ListItem","position":2,"name":"Produits","item":"https:\/\/www.mecs.it\/fr\/shop"},{"@type":"ListItem","position":3,"name":"Concassage","item":"https:\/\/www.mecs.it\/fr\/concassage"},{"@type":"ListItem","position":4,"name":"Crunch"}]},{"@type":"WebSite","@id":"https:\/\/www.mecs.it\/fr#website","url":"https:\/\/www.mecs.it\/fr","name":"MEC","description":"Macchine per lavorazione pietra e spacco cemento","publisher":{"@id":"https:\/\/www.mecs.it\/fr#organization"},"potentialAction":[{"@type":"SearchAction","target":{"@type":"EntryPoint","urlTemplate":"https:\/\/www.mecs.it\/fr?s={search_term_string}"},"query-input":{"@type":"PropertyValueSpecification","valueRequired":true,"valueName":"search_term_string"}}],"inLanguage":"fr-FR"},{"@type":"Organization","@id":"https:\/\/www.mecs.it\/fr#organization","name":"MEC","url":"https:\/\/www.mecs.it\/fr","logo":{"@type":"ImageObject","inLanguage":"fr-FR","@id":"https:\/\/www.mecs.it\/fr#\/schema\/logo\/image\/","url":"https:\/\/www.mecs.it\/wp-content\/uploads\/2022\/05\/logo-MEC-blue.svg","contentUrl":"https:\/\/www.mecs.it\/wp-content\/uploads\/2022\/05\/logo-MEC-blue.svg","caption":"MEC"},"image":{"@id":"https:\/\/www.mecs.it\/fr#\/schema\/logo\/image\/"}}]}},"_links":{"self":[{"href":"https:\/\/www.mecs.it\/fr\/wp-json\/wp\/v2\/product\/37251","targetHints":{"allow":["GET"]}}],"collection":[{"href":"https:\/\/www.mecs.it\/fr\/wp-json\/wp\/v2\/product"}],"about":[{"href":"https:\/\/www.mecs.it\/fr\/wp-json\/wp\/v2\/types\/product"}],"wp:featuredmedia":[{"embeddable":true,"href":"https:\/\/www.mecs.it\/fr\/wp-json\/wp\/v2\/media\/37243"}],"wp:attachment":[{"href":"https:\/\/www.mecs.it\/fr\/wp-json\/wp\/v2\/media?parent=37251"}],"wp:term":[{"taxonomy":"product_brand","embeddable":true,"href":"https:\/\/www.mecs.it\/fr\/wp-json\/wp\/v2\/product_brand?post=37251"},{"taxonomy":"product_cat","embeddable":true,"href":"https:\/\/www.mecs.it\/fr\/wp-json\/wp\/v2\/product_cat?post=37251"},{"taxonomy":"product_tag","embeddable":true,"href":"https:\/\/www.mecs.it\/fr\/wp-json\/wp\/v2\/product_tag?post=37251"}],"curies":[{"name":"wp","href":"https:\/\/api.w.org\/{rel}","templated":true}]}}