{"id":37242,"date":"2021-11-10T11:02:30","date_gmt":"2021-11-10T10:02:30","guid":{"rendered":"https:\/\/www.mecs.it\/product\/impianti"},"modified":"2026-02-06T11:23:38","modified_gmt":"2026-02-06T10:23:38","slug":"ligne-de-concassage","status":"publish","type":"product","link":"https:\/\/www.mecs.it\/fr\/ligne-de-concassage","title":{"rendered":"Lignes de concassage"},"content":{"rendered":"<p>Pour augmenter la production et avoir une s\u00e9lection de grains concass\u00e9s, les concasseurs MEC peuvent \u00e9galement \u00eatre fournis sous forme de lignes compl\u00e8tes, g\u00e9n\u00e9ralement compos\u00e9es d\u2019alimentateur, de concasseurs STARK et \/ ou CRUNCH, de tapis transporteur et de crible vibrant \u00e0 deux ou trois \u00e9tages \u2013 pour la production de trois et quatre s\u00e9lections de tailles de granulom\u00e9trie.<\/p>\n<p>La ligne de concassage modifie les compl\u00e9ments en fonction du type de concasseur utilis\u00e9 et des besoins du client, et peut \u00eatre \u00e9galement personnalis\u00e9e.<\/p>\n<p>Toutes les machines propos\u00e9es par MEC se caract\u00e9risent par une structure robuste, qui permet de minimiser les vibrations \u00e9vacu\u00e9es pendant le processus de concassage et de traiter m\u00eame les mat\u00e9riaux les plus abrasifs et les plus r\u00e9sistants.<\/p>\n","protected":false},"excerpt":{"rendered":"<p>Pour augmenter la production et avoir une s\u00e9lection de grains concass\u00e9s, les concasseurs MEC peuvent \u00e9galement \u00eatre fournis sous forme de [&hellip;]<\/p>\n","protected":false},"featured_media":37243,"template":"","meta":{"_acf_changed":false,"inline_featured_image":false},"product_brand":[],"product_cat":[676],"product_tag":[],"class_list":{"0":"post-37242","1":"product","2":"type-product","3":"status-publish","4":"has-post-thumbnail","6":"product_cat-concassage-fr","7":"materiali-beton","8":"materiali-calcaire","9":"materiali-gneiss-gneiss-micace-serizzo","10":"materiali-granit","11":"materiali-gres","12":"materiali-marbre","13":"materiali-porphyre","14":"materiali-travertin","15":"prodotti_finiti-gravier-sable","17":"first","18":"instock","19":"shipping-taxable","20":"product-type-simple"},"acf":[],"yoast_head":"<!-- This site is optimized with the Yoast SEO plugin v26.9 - https:\/\/yoast.com\/product\/yoast-seo-wordpress\/ -->\n<title>Installations de concassage MEC<\/title>\n<meta name=\"description\" content=\"Installations de concassage MEC: concasseurs performants pour s\u00e9parer granulom\u00e9tries et augmenter productivit\u00e9.\" \/>\n<meta name=\"robots\" content=\"index, follow, max-snippet:-1, max-image-preview:large, max-video-preview:-1\" \/>\n<link rel=\"canonical\" href=\"https:\/\/www.mecs.it\/fr\/ligne-de-concassage\" \/>\n<meta property=\"og:locale\" content=\"fr_FR\" \/>\n<meta property=\"og:type\" content=\"article\" \/>\n<meta property=\"og:title\" content=\"Installations de concassage MEC\" \/>\n<meta property=\"og:description\" content=\"Installations de concassage MEC: concasseurs performants pour s\u00e9parer granulom\u00e9tries et augmenter productivit\u00e9.\" \/>\n<meta property=\"og:url\" content=\"https:\/\/www.mecs.it\/fr\/ligne-de-concassage\" \/>\n<meta property=\"og:site_name\" content=\"MEC\" \/>\n<meta property=\"article:modified_time\" content=\"2026-02-06T10:23:38+00:00\" \/>\n<meta property=\"og:image\" content=\"https:\/\/www.mecs.it\/wp-content\/uploads\/2021\/09\/cover-image-crunch-2.png\" \/>\n\t<meta property=\"og:image:width\" content=\"1920\" \/>\n\t<meta property=\"og:image:height\" content=\"500\" \/>\n\t<meta property=\"og:image:type\" content=\"image\/png\" \/>\n<meta name=\"twitter:card\" content=\"summary_large_image\" \/>\n<meta name=\"twitter:label1\" content=\"Dur\u00e9e de lecture estim\u00e9e\" \/>\n\t<meta name=\"twitter:data1\" content=\"1 minute\" \/>\n<script type=\"application\/ld+json\" class=\"yoast-schema-graph\">{\"@context\":\"https:\/\/schema.org\",\"@graph\":[{\"@type\":\"WebPage\",\"@id\":\"https:\/\/www.mecs.it\/fr\/ligne-de-concassage\",\"url\":\"https:\/\/www.mecs.it\/fr\/ligne-de-concassage\",\"name\":\"Installations de concassage MEC\",\"isPartOf\":{\"@id\":\"https:\/\/www.mecs.it\/fr#website\"},\"primaryImageOfPage\":{\"@id\":\"https:\/\/www.mecs.it\/fr\/ligne-de-concassage#primaryimage\"},\"image\":{\"@id\":\"https:\/\/www.mecs.it\/fr\/ligne-de-concassage#primaryimage\"},\"thumbnailUrl\":\"https:\/\/www.mecs.it\/wp-content\/uploads\/2021\/09\/cover-image-crunch-2.png\",\"datePublished\":\"2021-11-10T10:02:30+00:00\",\"dateModified\":\"2026-02-06T10:23:38+00:00\",\"description\":\"Installations de concassage MEC: concasseurs performants pour s\u00e9parer granulom\u00e9tries et augmenter productivit\u00e9.\",\"breadcrumb\":{\"@id\":\"https:\/\/www.mecs.it\/fr\/ligne-de-concassage#breadcrumb\"},\"inLanguage\":\"fr-FR\",\"potentialAction\":[{\"@type\":\"ReadAction\",\"target\":[\"https:\/\/www.mecs.it\/fr\/ligne-de-concassage\"]}]},{\"@type\":\"ImageObject\",\"inLanguage\":\"fr-FR\",\"@id\":\"https:\/\/www.mecs.it\/fr\/ligne-de-concassage#primaryimage\",\"url\":\"https:\/\/www.mecs.it\/wp-content\/uploads\/2021\/09\/cover-image-crunch-2.png\",\"contentUrl\":\"https:\/\/www.mecs.it\/wp-content\/uploads\/2021\/09\/cover-image-crunch-2.png\",\"width\":1920,\"height\":500,\"caption\":\"cover image crunch 2\"},{\"@type\":\"BreadcrumbList\",\"@id\":\"https:\/\/www.mecs.it\/fr\/ligne-de-concassage#breadcrumb\",\"itemListElement\":[{\"@type\":\"ListItem\",\"position\":1,\"name\":\"Home\",\"item\":\"https:\/\/www.mecs.it\/fr\"},{\"@type\":\"ListItem\",\"position\":2,\"name\":\"Produits\",\"item\":\"https:\/\/www.mecs.it\/fr\/shop\"},{\"@type\":\"ListItem\",\"position\":3,\"name\":\"Concassage\",\"item\":\"https:\/\/www.mecs.it\/fr\/concassage\"},{\"@type\":\"ListItem\",\"position\":4,\"name\":\"Lignes de concassage\"}]},{\"@type\":\"WebSite\",\"@id\":\"https:\/\/www.mecs.it\/fr#website\",\"url\":\"https:\/\/www.mecs.it\/fr\",\"name\":\"MEC\",\"description\":\"Macchine per lavorazione pietra e spacco cemento\",\"publisher\":{\"@id\":\"https:\/\/www.mecs.it\/fr#organization\"},\"potentialAction\":[{\"@type\":\"SearchAction\",\"target\":{\"@type\":\"EntryPoint\",\"urlTemplate\":\"https:\/\/www.mecs.it\/fr?s={search_term_string}\"},\"query-input\":{\"@type\":\"PropertyValueSpecification\",\"valueRequired\":true,\"valueName\":\"search_term_string\"}}],\"inLanguage\":\"fr-FR\"},{\"@type\":\"Organization\",\"@id\":\"https:\/\/www.mecs.it\/fr#organization\",\"name\":\"MEC\",\"url\":\"https:\/\/www.mecs.it\/fr\",\"logo\":{\"@type\":\"ImageObject\",\"inLanguage\":\"fr-FR\",\"@id\":\"https:\/\/www.mecs.it\/fr#\/schema\/logo\/image\/\",\"url\":\"https:\/\/www.mecs.it\/wp-content\/uploads\/2022\/05\/logo-MEC-blue.svg\",\"contentUrl\":\"https:\/\/www.mecs.it\/wp-content\/uploads\/2022\/05\/logo-MEC-blue.svg\",\"caption\":\"MEC\"},\"image\":{\"@id\":\"https:\/\/www.mecs.it\/fr#\/schema\/logo\/image\/\"}}]}<\/script>\n<!-- \/ Yoast SEO plugin. -->","yoast_head_json":{"title":"Installations de concassage MEC","description":"Installations de concassage MEC: concasseurs performants pour s\u00e9parer granulom\u00e9tries et augmenter productivit\u00e9.","robots":{"index":"index","follow":"follow","max-snippet":"max-snippet:-1","max-image-preview":"max-image-preview:large","max-video-preview":"max-video-preview:-1"},"canonical":"https:\/\/www.mecs.it\/fr\/ligne-de-concassage","og_locale":"fr_FR","og_type":"article","og_title":"Installations de concassage MEC","og_description":"Installations de concassage MEC: concasseurs performants pour s\u00e9parer granulom\u00e9tries et augmenter productivit\u00e9.","og_url":"https:\/\/www.mecs.it\/fr\/ligne-de-concassage","og_site_name":"MEC","article_modified_time":"2026-02-06T10:23:38+00:00","og_image":[{"width":1920,"height":500,"url":"https:\/\/www.mecs.it\/wp-content\/uploads\/2021\/09\/cover-image-crunch-2.png","type":"image\/png"}],"twitter_card":"summary_large_image","twitter_misc":{"Dur\u00e9e de lecture estim\u00e9e":"1 minute"},"schema":{"@context":"https:\/\/schema.org","@graph":[{"@type":"WebPage","@id":"https:\/\/www.mecs.it\/fr\/ligne-de-concassage","url":"https:\/\/www.mecs.it\/fr\/ligne-de-concassage","name":"Installations de concassage MEC","isPartOf":{"@id":"https:\/\/www.mecs.it\/fr#website"},"primaryImageOfPage":{"@id":"https:\/\/www.mecs.it\/fr\/ligne-de-concassage#primaryimage"},"image":{"@id":"https:\/\/www.mecs.it\/fr\/ligne-de-concassage#primaryimage"},"thumbnailUrl":"https:\/\/www.mecs.it\/wp-content\/uploads\/2021\/09\/cover-image-crunch-2.png","datePublished":"2021-11-10T10:02:30+00:00","dateModified":"2026-02-06T10:23:38+00:00","description":"Installations de concassage MEC: concasseurs performants pour s\u00e9parer granulom\u00e9tries et augmenter productivit\u00e9.","breadcrumb":{"@id":"https:\/\/www.mecs.it\/fr\/ligne-de-concassage#breadcrumb"},"inLanguage":"fr-FR","potentialAction":[{"@type":"ReadAction","target":["https:\/\/www.mecs.it\/fr\/ligne-de-concassage"]}]},{"@type":"ImageObject","inLanguage":"fr-FR","@id":"https:\/\/www.mecs.it\/fr\/ligne-de-concassage#primaryimage","url":"https:\/\/www.mecs.it\/wp-content\/uploads\/2021\/09\/cover-image-crunch-2.png","contentUrl":"https:\/\/www.mecs.it\/wp-content\/uploads\/2021\/09\/cover-image-crunch-2.png","width":1920,"height":500,"caption":"cover image crunch 2"},{"@type":"BreadcrumbList","@id":"https:\/\/www.mecs.it\/fr\/ligne-de-concassage#breadcrumb","itemListElement":[{"@type":"ListItem","position":1,"name":"Home","item":"https:\/\/www.mecs.it\/fr"},{"@type":"ListItem","position":2,"name":"Produits","item":"https:\/\/www.mecs.it\/fr\/shop"},{"@type":"ListItem","position":3,"name":"Concassage","item":"https:\/\/www.mecs.it\/fr\/concassage"},{"@type":"ListItem","position":4,"name":"Lignes de concassage"}]},{"@type":"WebSite","@id":"https:\/\/www.mecs.it\/fr#website","url":"https:\/\/www.mecs.it\/fr","name":"MEC","description":"Macchine per lavorazione pietra e spacco cemento","publisher":{"@id":"https:\/\/www.mecs.it\/fr#organization"},"potentialAction":[{"@type":"SearchAction","target":{"@type":"EntryPoint","urlTemplate":"https:\/\/www.mecs.it\/fr?s={search_term_string}"},"query-input":{"@type":"PropertyValueSpecification","valueRequired":true,"valueName":"search_term_string"}}],"inLanguage":"fr-FR"},{"@type":"Organization","@id":"https:\/\/www.mecs.it\/fr#organization","name":"MEC","url":"https:\/\/www.mecs.it\/fr","logo":{"@type":"ImageObject","inLanguage":"fr-FR","@id":"https:\/\/www.mecs.it\/fr#\/schema\/logo\/image\/","url":"https:\/\/www.mecs.it\/wp-content\/uploads\/2022\/05\/logo-MEC-blue.svg","contentUrl":"https:\/\/www.mecs.it\/wp-content\/uploads\/2022\/05\/logo-MEC-blue.svg","caption":"MEC"},"image":{"@id":"https:\/\/www.mecs.it\/fr#\/schema\/logo\/image\/"}}]}},"_links":{"self":[{"href":"https:\/\/www.mecs.it\/fr\/wp-json\/wp\/v2\/product\/37242","targetHints":{"allow":["GET"]}}],"collection":[{"href":"https:\/\/www.mecs.it\/fr\/wp-json\/wp\/v2\/product"}],"about":[{"href":"https:\/\/www.mecs.it\/fr\/wp-json\/wp\/v2\/types\/product"}],"wp:featuredmedia":[{"embeddable":true,"href":"https:\/\/www.mecs.it\/fr\/wp-json\/wp\/v2\/media\/37243"}],"wp:attachment":[{"href":"https:\/\/www.mecs.it\/fr\/wp-json\/wp\/v2\/media?parent=37242"}],"wp:term":[{"taxonomy":"product_brand","embeddable":true,"href":"https:\/\/www.mecs.it\/fr\/wp-json\/wp\/v2\/product_brand?post=37242"},{"taxonomy":"product_cat","embeddable":true,"href":"https:\/\/www.mecs.it\/fr\/wp-json\/wp\/v2\/product_cat?post=37242"},{"taxonomy":"product_tag","embeddable":true,"href":"https:\/\/www.mecs.it\/fr\/wp-json\/wp\/v2\/product_tag?post=37242"}],"curies":[{"name":"wp","href":"https:\/\/api.w.org\/{rel}","templated":true}]}}