{"id":63217,"date":"2022-10-04T10:12:55","date_gmt":"2022-10-04T09:12:55","guid":{"rendered":"https:\/\/www.mecs.it\/services\/"},"modified":"2026-02-05T16:00:01","modified_gmt":"2026-02-05T15:00:01","slug":"services","status":"publish","type":"page","link":"https:\/\/www.mecs.it\/fr\/services","title":{"rendered":"Services"},"content":{"rendered":"\t\t<div data-elementor-type=\"wp-page\" data-elementor-id=\"63217\" class=\"elementor elementor-63217 elementor-62445\" data-elementor-post-type=\"page\">\n\t\t\t\t<div class=\"elementor-element elementor-element-e88609a e-flex e-con-boxed e-con e-parent\" data-id=\"e88609a\" data-element_type=\"container\" data-settings=\"{&quot;background_background&quot;:&quot;classic&quot;}\">\n\t\t\t\t\t<div class=\"e-con-inner\">\n\t\t\t\t<div class=\"elementor-element elementor-element-be732a2 title-dynamic-font-size elementor-widget elementor-widget-heading\" data-id=\"be732a2\" data-element_type=\"widget\" data-widget_type=\"heading.default\">\n\t\t\t\t<div class=\"elementor-widget-container\">\n\t\t\t<style>\/*! elementor - v3.22.0 - 26-06-2024 *\/\n.elementor-heading-title{padding:0;margin:0;line-height:1}.elementor-widget-heading .elementor-heading-title[class*=elementor-size-]>a{color:inherit;font-size:inherit;line-height:inherit}.elementor-widget-heading .elementor-heading-title.elementor-size-small{font-size:15px}.elementor-widget-heading .elementor-heading-title.elementor-size-medium{font-size:19px}.elementor-widget-heading .elementor-heading-title.elementor-size-large{font-size:29px}.elementor-widget-heading .elementor-heading-title.elementor-size-xl{font-size:39px}.elementor-widget-heading .elementor-heading-title.elementor-size-xxl{font-size:59px}<\/style><h1 class=\"elementor-heading-title elementor-size-default\"> Le client au centre. Toujours.<\/h1>\t\t<\/div>\n\t\t\t\t<\/div>\n\t\t\t\t\t<\/div>\n\t\t\t\t<\/div>\n\t\t<div class=\"elementor-element elementor-element-13409b71 e-flex e-con-boxed e-con e-parent\" data-id=\"13409b71\" data-element_type=\"container\">\n\t\t\t\t\t<div class=\"e-con-inner\">\n\t\t<div class=\"elementor-element elementor-element-4e451ffc e-con-full e-flex e-con e-child\" data-id=\"4e451ffc\" data-element_type=\"container\">\n\t\t<div class=\"elementor-element elementor-element-11debeaf e-con-full e-flex e-con e-child\" data-id=\"11debeaf\" data-element_type=\"container\" data-settings=\"{&quot;background_background&quot;:&quot;classic&quot;}\">\n\t\t\t\t<\/div>\n\t\t<div class=\"elementor-element elementor-element-7acc0905 e-con-full e-flex e-con e-child\" data-id=\"7acc0905\" data-element_type=\"container\">\n\t\t\t\t<div class=\"elementor-element elementor-element-6c12b026 title-dynamic-font-size elementor-widget__width-inherit elementor-widget elementor-widget-heading\" data-id=\"6c12b026\" data-element_type=\"widget\" data-widget_type=\"heading.default\">\n\t\t\t\t<div class=\"elementor-widget-container\">\n\t\t\t<h2 class=\"elementor-heading-title elementor-size-default\"><span class=\"ez-toc-section\" id=\"Nos_services\"><\/span>Nos services<span class=\"ez-toc-section-end\"><\/span><\/h2>\t\t<\/div>\n\t\t\t\t<\/div>\n\t\t\t\t<div class=\"elementor-element elementor-element-5ef575fe text-dynamic-font-size elementor-widget elementor-widget-text-editor\" data-id=\"5ef575fe\" data-element_type=\"widget\" data-widget_type=\"text-editor.default\">\n\t\t\t\t<div class=\"elementor-widget-container\">\n\t\t\t<style>\/*! elementor - v3.22.0 - 26-06-2024 *\/\n.elementor-widget-text-editor.elementor-drop-cap-view-stacked .elementor-drop-cap{background-color:#69727d;color:#fff}.elementor-widget-text-editor.elementor-drop-cap-view-framed .elementor-drop-cap{color:#69727d;border:3px solid;background-color:transparent}.elementor-widget-text-editor:not(.elementor-drop-cap-view-default) .elementor-drop-cap{margin-top:8px}.elementor-widget-text-editor:not(.elementor-drop-cap-view-default) .elementor-drop-cap-letter{width:1em;height:1em}.elementor-widget-text-editor .elementor-drop-cap{float:left;text-align:center;line-height:1;font-size:50px}.elementor-widget-text-editor .elementor-drop-cap-letter{display:inline-block}<\/style>\t\t\t\t<p class=\"whitespace-pre-wrap break-words\">Bienvenue dans la section Services de MEC, o\u00f9 l&rsquo;innovation rencontre un service personnalis\u00e9. Chez MEC, nous ne nous contentons pas de fournir des machines de pointe, nous offrons une expertise compl\u00e8te qui vous accompagne \u00e0 chaque \u00e9tape du processus.<\/p>\n<p class=\"whitespace-pre-wrap break-words\">Notre mission est simple : faire en sorte que chaque client tire le maximum de valeur de nos produits. Pour ce faire, nous avons d\u00e9velopp\u00e9 une gamme de services qui vont bien au-del\u00e0 de la simple vente de machines. De la consultation initiale au soutien apr\u00e8s-vente, nous sommes \u00e0 vos c\u00f4t\u00e9s pour faire en sorte que votre exp\u00e9rience avec MEC ne soit pas seulement satisfaisante, mais extraordinaire.<\/p>\n<p class=\"whitespace-pre-wrap break-words\">D\u00e9couvrez comment nos services innovants, des conseils personnalis\u00e9s \u00e0 l&rsquo;utilisation de technologies de pointe telles que les smartglasses, peuvent transformer votre processus de production. Avec MEC, vous n&rsquo;achetez pas seulement une machine, vous devenez partie prenante d&rsquo;un partenariat technologique tourn\u00e9 vers l&rsquo;avenir.<\/p>\n<p class=\"whitespace-pre-wrap break-words\">\nExplorez nos services et d\u00e9couvrez comment nous pouvons vous aider \u00e0 atteindre de nouveaux niveaux d&rsquo;efficacit\u00e9 et de productivit\u00e9.<\/p>\t\t\t\t\t\t<\/div>\n\t\t\t\t<\/div>\n\t\t\t\t<\/div>\n\t\t\t\t<\/div>\n\t\t\t\t\t<\/div>\n\t\t\t\t<\/div>\n\t\t<div class=\"elementor-element elementor-element-6fa215e4 e-flex e-con-boxed e-con e-parent\" data-id=\"6fa215e4\" data-element_type=\"container\" id=\"storia\">\n\t\t\t\t\t<div class=\"e-con-inner\">\n\t\t<div class=\"elementor-element elementor-element-78c150aa e-con-full e-flex e-con e-child\" data-id=\"78c150aa\" data-element_type=\"container\">\n\t\t\t\t<div class=\"elementor-element elementor-element-43333956 elementor-widget elementor-widget-timeline-widget-addon\" data-id=\"43333956\" data-element_type=\"widget\" data-widget_type=\"timeline-widget-addon.default\">\n\t\t\t\t<div class=\"elementor-widget-container\">\n\t\t\t<!-- ========= Timeline Widget Addon For Elementor 1.5.8 ========= -->\r\n<div id=\"twae-wrapper-43333956\" class=\"twae-vertical twae-wrapper  twae-vertical-right\">   \r\n    <div class=\"twae-start\"><\/div>    \r\n    <div id=\"twea-timeline-43333956\" class=\"twae-timeline\" ><!-- Start of Story Repeater Content --><div id=\"story-9d43af6\" class=\"twae-story twae-repeater-item twae-story-right twae-story-no-icon\"><!-- Story Label --><div class=\"twae-labels\"><div class=\"twae-label-big\">Premi\u00e8re consultation<\/div><\/div><!-- Story Icon --><div class=\"twae-icon\"><i aria-hidden=\"true\" class=\"far fa-comments\"><\/i><\/div><!-- Story Arrow --><div class=\"twae-arrow\"><\/div><!-- Start of Story Content --><div class=\"twae-content\"><!-- Story Title --><div class=\"twae-title\">Consulenza iniziale<\/div><!-- Story Image --><div class=\"twae-media large\"><img fetchpriority=\"high\" decoding=\"async\" width=\"812\" height=\"516\" src=\"https:\/\/www.mecs.it\/wp-content\/uploads\/2024\/07\/img_consulenza.png\" class=\"attachment-large size-large\" alt=\"img consulenza\" srcset=\"https:\/\/www.mecs.it\/wp-content\/uploads\/2024\/07\/img_consulenza.png 1520w, https:\/\/www.mecs.it\/wp-content\/uploads\/2024\/07\/img_consulenza-1280x813.png 1280w, https:\/\/www.mecs.it\/wp-content\/uploads\/2024\/07\/img_consulenza-250x159.png 250w, https:\/\/www.mecs.it\/wp-content\/uploads\/2024\/07\/img_consulenza-768x488.png 768w, https:\/\/www.mecs.it\/wp-content\/uploads\/2024\/07\/img_consulenza-600x381.png 600w\" sizes=\"(max-width: 812px) 100vw, 812px\" \/><\/div><!-- Story Description --><div class=\"twae-description\"><p>Une consultation gratuite avec nos techniciens qui analyseront vos besoins et vos mat\u00e9riaux et vous accompagneront dans le choix de la machine la plus adapt\u00e9e \u00e0 vos besoins.<\/p><\/div><\/div><\/div><!-- Start of Story Repeater Content --><div id=\"story-16aeea0\" class=\"twae-story twae-repeater-item twae-story-right twae-story-no-icon\"><!-- Story Label --><div class=\"twae-labels\"><div class=\"twae-label-big\">Mise \u00e0 jour en cours de production<\/div><\/div><!-- Story Icon --><div class=\"twae-icon\"><i aria-hidden=\"true\" class=\"fas fa-cogs\"><\/i><\/div><!-- Story Arrow --><div class=\"twae-arrow\"><\/div><!-- Start of Story Content --><div class=\"twae-content\"><!-- Story Title --><div class=\"twae-title\">Aggiornamento durante la produzione<\/div><!-- Story Image --><div class=\"twae-media large\"><img decoding=\"async\" width=\"812\" height=\"516\" src=\"https:\/\/www.mecs.it\/wp-content\/uploads\/2024\/07\/img_installazione.png\" class=\"attachment-large size-large\" alt=\"img installazione\" srcset=\"https:\/\/www.mecs.it\/wp-content\/uploads\/2024\/07\/img_installazione.png 1520w, https:\/\/www.mecs.it\/wp-content\/uploads\/2024\/07\/img_installazione-1280x813.png 1280w, https:\/\/www.mecs.it\/wp-content\/uploads\/2024\/07\/img_installazione-250x159.png 250w, https:\/\/www.mecs.it\/wp-content\/uploads\/2024\/07\/img_installazione-768x488.png 768w, https:\/\/www.mecs.it\/wp-content\/uploads\/2024\/07\/img_installazione-600x381.png 600w\" sizes=\"(max-width: 812px) 100vw, 812px\" \/><\/div><!-- Story Description --><div class=\"twae-description\"><p class=\"m_-1903560077192256221MsoListParagraph\">Nous vous tiendrons au courant de l'avancement de la production, en vous fournissant toutes les informations n\u00e9cessaires pour pr\u00e9parer l'arriv\u00e9e et l'installation de la machine. Vous saurez \u00e0 l'avance comment la manipuler, comment organiser le transport, quel \u00e9quipement pr\u00e9parer pour \u00eatre pr\u00eat \u00e0 recevoir votre nouvelle machine.<\/p><\/div><\/div><\/div><!-- Start of Story Repeater Content --><div id=\"story-b80da44\" class=\"twae-story twae-repeater-item twae-story-right twae-story-no-icon\"><!-- Story Label --><div class=\"twae-labels\"><div class=\"twae-label-big\">Mec User ebook<\/div><\/div><!-- Story Icon --><div class=\"twae-icon\"><i aria-hidden=\"true\" class=\"fas fa-tablet-alt\"><\/i><\/div><!-- Story Arrow --><div class=\"twae-arrow\"><\/div><!-- Start of Story Content --><div class=\"twae-content\"><!-- Story Title --><div class=\"twae-title\">Mec User ebook<\/div><!-- Story Image --><div class=\"twae-media large\"><img decoding=\"async\" width=\"812\" height=\"541\" src=\"https:\/\/www.mecs.it\/wp-content\/uploads\/2024\/07\/Mec_Mockup-1.png\" class=\"attachment-large size-large\" alt=\"Mec Mockup\" srcset=\"https:\/\/www.mecs.it\/wp-content\/uploads\/2024\/07\/Mec_Mockup-1.png 1080w, https:\/\/www.mecs.it\/wp-content\/uploads\/2024\/07\/Mec_Mockup-1-250x166.png 250w, https:\/\/www.mecs.it\/wp-content\/uploads\/2024\/07\/Mec_Mockup-1-768x511.png 768w, https:\/\/www.mecs.it\/wp-content\/uploads\/2024\/07\/Mec_Mockup-1-600x399.png 600w\" sizes=\"(max-width: 812px) 100vw, 812px\" \/><\/div><!-- Story Description --><div class=\"twae-description\"><p>\u00c0 la livraison de votre machine, nous vous fournirons les identifiants d'acc\u00e8s au portail des pi\u00e8ces d\u00e9tach\u00e9es. Ce portail contient tous les documents au format num\u00e9rique (manuel d'instructions, documentation technique, d\u00e9claration de conformit\u00e9, etc.) consultables ou t\u00e9l\u00e9chargeables, ainsi que des vid\u00e9os et des instructions pour une maintenance autonome et programm\u00e9e.<\/p><p>Sur ce portail, vous pouvez \u00e9galement consulter des vues \u00e9clat\u00e9es des machines pour identifier facilement les composants et soumettre imm\u00e9diatement des demandes de pi\u00e8ces d\u00e9tach\u00e9es d'origine, garantissant ainsi des interventions rapides et la continuit\u00e9 de vos op\u00e9rations.<\/p><p>Nous vous offrons la possibilit\u00e9 d'installer votre machine vous-m\u00eame\u00a0: sur le portail, vous pouvez visionner toutes les vid\u00e9os d'installation et de r\u00e9glage.<\/p><p>Si vous pr\u00e9f\u00e9rez que MEC se d\u00e9place chez vous, nos techniciens qualifi\u00e9s seront pr\u00eats \u00e0 vous fournir l'assistance n\u00e9cessaire.<\/p><\/div><\/div><\/div><!-- Start of Story Repeater Content --><div id=\"story-796c41d\" class=\"twae-story twae-repeater-item twae-story-right twae-story-no-icon\"><!-- Story Label --><div class=\"twae-labels\"><div class=\"twae-label-big\">Lunettes intelligentes Mec<\/div><\/div><!-- Story Icon --><div class=\"twae-icon\"><i aria-hidden=\"true\" class=\"fas fa-glasses\"><\/i><\/div><!-- Story Arrow --><div class=\"twae-arrow\"><\/div><!-- Start of Story Content --><div class=\"twae-content\"><!-- Story Title --><div class=\"twae-title\">Mec smartglasses<\/div><!-- Story Description --><div class=\"twae-description\"><p>Nous pouvons \u00e9galement permettre l'installation \u00e0 distance gr\u00e2ce \u00e0 nos lunettes intelligentes. Avec la machine, MEC vous fournira une visionneuse sp\u00e9ciale qui permettra \u00e0 vos op\u00e9rateurs d'obtenir toutes les informations dont ils ont besoin pour faire fonctionner la machine, comme si un technicien MEC se tenait \u00e0 c\u00f4t\u00e9 d'eux.<\/p><\/div><\/div><\/div><\/div>\r\n    <div class=\"twae-end\"><\/div>\r\n    <\/div><style type=\"text\/css\">@media (max-width: 1024px){ .twae-wrapper{--tw-ybx-size: 80px !important;}}@media (max-width: 767px){ .twae-wrapper{--tw-ybx-size: 80px !important}}<\/style>\t\t<\/div>\n\t\t\t\t<\/div>\n\t\t\t\t<\/div>\n\t\t\t\t\t<\/div>\n\t\t\t\t<\/div>\n\t\t<div class=\"elementor-element elementor-element-6c6f7c0e e-flex e-con-boxed e-con e-parent\" data-id=\"6c6f7c0e\" data-element_type=\"container\">\n\t\t\t\t\t<div class=\"e-con-inner\">\n\t\t\t\t<div class=\"elementor-element elementor-element-3765ebf title-dynamic-font-size elementor-widget__width-inherit elementor-widget elementor-widget-heading\" data-id=\"3765ebf\" data-element_type=\"widget\" data-widget_type=\"heading.default\">\n\t\t\t\t<div class=\"elementor-widget-container\">\n\t\t\t<h2 class=\"elementor-heading-title elementor-size-default\"><span class=\"ez-toc-section\" id=\"Vos_Besoins_Notre_Methode\"><\/span>Vos Besoins, Notre M\u00e9thode<span class=\"ez-toc-section-end\"><\/span><\/h2>\t\t<\/div>\n\t\t\t\t<\/div>\n\t\t<div class=\"elementor-element elementor-element-34dd4081 e-con-full e-flex e-con e-child\" data-id=\"34dd4081\" data-element_type=\"container\">\n\t\t\t\t<div class=\"elementor-element elementor-element-691402cb elementor-widget elementor-widget-video\" data-id=\"691402cb\" data-element_type=\"widget\" data-settings=\"{&quot;video_type&quot;:&quot;hosted&quot;,&quot;autoplay&quot;:&quot;yes&quot;,&quot;play_on_mobile&quot;:&quot;yes&quot;,&quot;mute&quot;:&quot;yes&quot;,&quot;controls&quot;:&quot;yes&quot;}\" data-widget_type=\"video.default\">\n\t\t\t\t<div class=\"elementor-widget-container\">\n\t\t\t<style>\/*! elementor - v3.22.0 - 26-06-2024 *\/\n.elementor-widget-video .elementor-widget-container{overflow:hidden;transform:translateZ(0)}.elementor-widget-video .elementor-wrapper{aspect-ratio:var(--video-aspect-ratio)}.elementor-widget-video .elementor-wrapper iframe,.elementor-widget-video .elementor-wrapper video{height:100%;width:100%;display:flex;border:none;background-color:#000}@supports not (aspect-ratio:1\/1){.elementor-widget-video .elementor-wrapper{position:relative;overflow:hidden;height:0;padding-bottom:calc(100% \/ var(--video-aspect-ratio))}.elementor-widget-video .elementor-wrapper iframe,.elementor-widget-video .elementor-wrapper video{position:absolute;top:0;right:0;bottom:0;left:0}}.elementor-widget-video .elementor-open-inline .elementor-custom-embed-image-overlay{position:absolute;top:0;right:0;bottom:0;left:0;background-size:cover;background-position:50%}.elementor-widget-video .elementor-custom-embed-image-overlay{cursor:pointer;text-align:center}.elementor-widget-video .elementor-custom-embed-image-overlay:hover .elementor-custom-embed-play i{opacity:1}.elementor-widget-video .elementor-custom-embed-image-overlay img{display:block;width:100%;aspect-ratio:var(--video-aspect-ratio);-o-object-fit:cover;object-fit:cover;-o-object-position:center center;object-position:center center}@supports not (aspect-ratio:1\/1){.elementor-widget-video .elementor-custom-embed-image-overlay{position:relative;overflow:hidden;height:0;padding-bottom:calc(100% \/ var(--video-aspect-ratio))}.elementor-widget-video .elementor-custom-embed-image-overlay img{position:absolute;top:0;right:0;bottom:0;left:0}}.elementor-widget-video .e-hosted-video .elementor-video{-o-object-fit:cover;object-fit:cover}.e-con-inner>.elementor-widget-video,.e-con>.elementor-widget-video{width:var(--container-widget-width);--flex-grow:var(--container-widget-flex-grow)}<\/style>\t\t<div class=\"e-hosted-video elementor-wrapper elementor-open-inline\">\n\t\t\t\t\t<video class=\"elementor-video\" src=\"https:\/\/www.mecs.it\/wp-content\/uploads\/2022\/01\/MEC_SubENG-light.mp4\" autoplay=\"\" controls=\"\" muted=\"muted\" playsinline=\"\" controlsList=\"nodownload\"><\/video>\n\t\t\t\t<\/div>\n\t\t\t\t<\/div>\n\t\t\t\t<\/div>\n\t\t\t\t<\/div>\n\t\t\t\t\t<\/div>\n\t\t\t\t<\/div>\n\t\t\t\t<\/div>\n\t\t","protected":false},"excerpt":{"rendered":"<p>Le client au centre. Toujours. Nos services Bienvenue dans la section Services de MEC, o\u00f9 l&rsquo;innovation rencontre un service personnalis\u00e9. Chez [&hellip;]<\/p>\n","protected":false},"author":1,"featured_media":39055,"parent":0,"menu_order":0,"comment_status":"closed","ping_status":"closed","template":"elementor_header_footer","meta":{"_acf_changed":false,"inline_featured_image":false,"footnotes":""},"class_list":["post-63217","page","type-page","status-publish","has-post-thumbnail","hentry"],"acf":[],"yoast_head":"<!-- This site is optimized with the Yoast SEO plugin v26.9 - https:\/\/yoast.com\/product\/yoast-seo-wordpress\/ -->\n<title>Services MEC SRL | Nos techniciens toujours \u00e0 votre service<\/title>\n<meta name=\"description\" content=\"Service, remplacement de pi\u00e8ces, conseils et guides d\u2019installation: d\u00e9couvrez tous les services que MEC offre \u00e0 ses clients.\" \/>\n<meta name=\"robots\" content=\"index, follow, max-snippet:-1, max-image-preview:large, max-video-preview:-1\" \/>\n<link rel=\"canonical\" href=\"https:\/\/www.mecs.it\/fr\/services\" \/>\n<meta property=\"og:locale\" content=\"fr_FR\" \/>\n<meta property=\"og:type\" content=\"article\" \/>\n<meta property=\"og:title\" content=\"Services MEC SRL | Nos techniciens toujours \u00e0 votre service\" \/>\n<meta property=\"og:description\" content=\"Service, remplacement de pi\u00e8ces, conseils et guides d\u2019installation: d\u00e9couvrez tous les services que MEC offre \u00e0 ses clients.\" \/>\n<meta property=\"og:url\" content=\"https:\/\/www.mecs.it\/fr\/services\" \/>\n<meta property=\"og:site_name\" content=\"MEC\" \/>\n<meta property=\"article:modified_time\" content=\"2026-02-05T15:00:01+00:00\" \/>\n<meta property=\"og:image\" content=\"https:\/\/www.mecs.it\/wp-content\/uploads\/2021\/07\/Servizi_top-scaled.jpg\" \/>\n\t<meta property=\"og:image:width\" content=\"2560\" \/>\n\t<meta property=\"og:image:height\" content=\"601\" \/>\n\t<meta property=\"og:image:type\" content=\"image\/jpeg\" \/>\n<meta name=\"twitter:card\" content=\"summary_large_image\" \/>\n<meta name=\"twitter:label1\" content=\"Dur\u00e9e de lecture estim\u00e9e\" \/>\n\t<meta name=\"twitter:data1\" content=\"1 minute\" \/>\n<script type=\"application\/ld+json\" class=\"yoast-schema-graph\">{\"@context\":\"https:\/\/schema.org\",\"@graph\":[{\"@type\":\"WebPage\",\"@id\":\"https:\/\/www.mecs.it\/fr\/services\",\"url\":\"https:\/\/www.mecs.it\/fr\/services\",\"name\":\"Services MEC SRL | Nos techniciens toujours \u00e0 votre service\",\"isPartOf\":{\"@id\":\"https:\/\/www.mecs.it\/fr#website\"},\"primaryImageOfPage\":{\"@id\":\"https:\/\/www.mecs.it\/fr\/services#primaryimage\"},\"image\":{\"@id\":\"https:\/\/www.mecs.it\/fr\/services#primaryimage\"},\"thumbnailUrl\":\"https:\/\/www.mecs.it\/wp-content\/uploads\/2021\/07\/Servizi_top-scaled.jpg\",\"datePublished\":\"2022-10-04T09:12:55+00:00\",\"dateModified\":\"2026-02-05T15:00:01+00:00\",\"description\":\"Service, remplacement de pi\u00e8ces, conseils et guides d\u2019installation: d\u00e9couvrez tous les services que MEC offre \u00e0 ses clients.\",\"breadcrumb\":{\"@id\":\"https:\/\/www.mecs.it\/fr\/services#breadcrumb\"},\"inLanguage\":\"fr-FR\",\"potentialAction\":[{\"@type\":\"ReadAction\",\"target\":[\"https:\/\/www.mecs.it\/fr\/services\"]}]},{\"@type\":\"ImageObject\",\"inLanguage\":\"fr-FR\",\"@id\":\"https:\/\/www.mecs.it\/fr\/services#primaryimage\",\"url\":\"https:\/\/www.mecs.it\/wp-content\/uploads\/2021\/07\/Servizi_top-scaled.jpg\",\"contentUrl\":\"https:\/\/www.mecs.it\/wp-content\/uploads\/2021\/07\/Servizi_top-scaled.jpg\",\"width\":2560,\"height\":601,\"caption\":\"Servizi top scaled\"},{\"@type\":\"BreadcrumbList\",\"@id\":\"https:\/\/www.mecs.it\/fr\/services#breadcrumb\",\"itemListElement\":[{\"@type\":\"ListItem\",\"position\":1,\"name\":\"Home\",\"item\":\"https:\/\/www.mecs.it\/fr\"},{\"@type\":\"ListItem\",\"position\":2,\"name\":\"Services\"}]},{\"@type\":\"WebSite\",\"@id\":\"https:\/\/www.mecs.it\/fr#website\",\"url\":\"https:\/\/www.mecs.it\/fr\",\"name\":\"MEC\",\"description\":\"Macchine per lavorazione pietra e spacco cemento\",\"publisher\":{\"@id\":\"https:\/\/www.mecs.it\/fr#organization\"},\"potentialAction\":[{\"@type\":\"SearchAction\",\"target\":{\"@type\":\"EntryPoint\",\"urlTemplate\":\"https:\/\/www.mecs.it\/fr?s={search_term_string}\"},\"query-input\":{\"@type\":\"PropertyValueSpecification\",\"valueRequired\":true,\"valueName\":\"search_term_string\"}}],\"inLanguage\":\"fr-FR\"},{\"@type\":\"Organization\",\"@id\":\"https:\/\/www.mecs.it\/fr#organization\",\"name\":\"MEC\",\"url\":\"https:\/\/www.mecs.it\/fr\",\"logo\":{\"@type\":\"ImageObject\",\"inLanguage\":\"fr-FR\",\"@id\":\"https:\/\/www.mecs.it\/fr#\/schema\/logo\/image\/\",\"url\":\"https:\/\/www.mecs.it\/wp-content\/uploads\/2022\/05\/logo-MEC-blue.svg\",\"contentUrl\":\"https:\/\/www.mecs.it\/wp-content\/uploads\/2022\/05\/logo-MEC-blue.svg\",\"caption\":\"MEC\"},\"image\":{\"@id\":\"https:\/\/www.mecs.it\/fr#\/schema\/logo\/image\/\"}}]}<\/script>\n<!-- \/ Yoast SEO plugin. -->","yoast_head_json":{"title":"Services MEC SRL | Nos techniciens toujours \u00e0 votre service","description":"Service, remplacement de pi\u00e8ces, conseils et guides d\u2019installation: d\u00e9couvrez tous les services que MEC offre \u00e0 ses clients.","robots":{"index":"index","follow":"follow","max-snippet":"max-snippet:-1","max-image-preview":"max-image-preview:large","max-video-preview":"max-video-preview:-1"},"canonical":"https:\/\/www.mecs.it\/fr\/services","og_locale":"fr_FR","og_type":"article","og_title":"Services MEC SRL | Nos techniciens toujours \u00e0 votre service","og_description":"Service, remplacement de pi\u00e8ces, conseils et guides d\u2019installation: d\u00e9couvrez tous les services que MEC offre \u00e0 ses clients.","og_url":"https:\/\/www.mecs.it\/fr\/services","og_site_name":"MEC","article_modified_time":"2026-02-05T15:00:01+00:00","og_image":[{"width":2560,"height":601,"url":"https:\/\/www.mecs.it\/wp-content\/uploads\/2021\/07\/Servizi_top-scaled.jpg","type":"image\/jpeg"}],"twitter_card":"summary_large_image","twitter_misc":{"Dur\u00e9e de lecture estim\u00e9e":"1 minute"},"schema":{"@context":"https:\/\/schema.org","@graph":[{"@type":"WebPage","@id":"https:\/\/www.mecs.it\/fr\/services","url":"https:\/\/www.mecs.it\/fr\/services","name":"Services MEC SRL | Nos techniciens toujours \u00e0 votre service","isPartOf":{"@id":"https:\/\/www.mecs.it\/fr#website"},"primaryImageOfPage":{"@id":"https:\/\/www.mecs.it\/fr\/services#primaryimage"},"image":{"@id":"https:\/\/www.mecs.it\/fr\/services#primaryimage"},"thumbnailUrl":"https:\/\/www.mecs.it\/wp-content\/uploads\/2021\/07\/Servizi_top-scaled.jpg","datePublished":"2022-10-04T09:12:55+00:00","dateModified":"2026-02-05T15:00:01+00:00","description":"Service, remplacement de pi\u00e8ces, conseils et guides d\u2019installation: d\u00e9couvrez tous les services que MEC offre \u00e0 ses clients.","breadcrumb":{"@id":"https:\/\/www.mecs.it\/fr\/services#breadcrumb"},"inLanguage":"fr-FR","potentialAction":[{"@type":"ReadAction","target":["https:\/\/www.mecs.it\/fr\/services"]}]},{"@type":"ImageObject","inLanguage":"fr-FR","@id":"https:\/\/www.mecs.it\/fr\/services#primaryimage","url":"https:\/\/www.mecs.it\/wp-content\/uploads\/2021\/07\/Servizi_top-scaled.jpg","contentUrl":"https:\/\/www.mecs.it\/wp-content\/uploads\/2021\/07\/Servizi_top-scaled.jpg","width":2560,"height":601,"caption":"Servizi top scaled"},{"@type":"BreadcrumbList","@id":"https:\/\/www.mecs.it\/fr\/services#breadcrumb","itemListElement":[{"@type":"ListItem","position":1,"name":"Home","item":"https:\/\/www.mecs.it\/fr"},{"@type":"ListItem","position":2,"name":"Services"}]},{"@type":"WebSite","@id":"https:\/\/www.mecs.it\/fr#website","url":"https:\/\/www.mecs.it\/fr","name":"MEC","description":"Macchine per lavorazione pietra e spacco cemento","publisher":{"@id":"https:\/\/www.mecs.it\/fr#organization"},"potentialAction":[{"@type":"SearchAction","target":{"@type":"EntryPoint","urlTemplate":"https:\/\/www.mecs.it\/fr?s={search_term_string}"},"query-input":{"@type":"PropertyValueSpecification","valueRequired":true,"valueName":"search_term_string"}}],"inLanguage":"fr-FR"},{"@type":"Organization","@id":"https:\/\/www.mecs.it\/fr#organization","name":"MEC","url":"https:\/\/www.mecs.it\/fr","logo":{"@type":"ImageObject","inLanguage":"fr-FR","@id":"https:\/\/www.mecs.it\/fr#\/schema\/logo\/image\/","url":"https:\/\/www.mecs.it\/wp-content\/uploads\/2022\/05\/logo-MEC-blue.svg","contentUrl":"https:\/\/www.mecs.it\/wp-content\/uploads\/2022\/05\/logo-MEC-blue.svg","caption":"MEC"},"image":{"@id":"https:\/\/www.mecs.it\/fr#\/schema\/logo\/image\/"}}]}},"_links":{"self":[{"href":"https:\/\/www.mecs.it\/fr\/wp-json\/wp\/v2\/pages\/63217","targetHints":{"allow":["GET"]}}],"collection":[{"href":"https:\/\/www.mecs.it\/fr\/wp-json\/wp\/v2\/pages"}],"about":[{"href":"https:\/\/www.mecs.it\/fr\/wp-json\/wp\/v2\/types\/page"}],"author":[{"embeddable":true,"href":"https:\/\/www.mecs.it\/fr\/wp-json\/wp\/v2\/users\/1"}],"replies":[{"embeddable":true,"href":"https:\/\/www.mecs.it\/fr\/wp-json\/wp\/v2\/comments?post=63217"}],"version-history":[{"count":33,"href":"https:\/\/www.mecs.it\/fr\/wp-json\/wp\/v2\/pages\/63217\/revisions"}],"predecessor-version":[{"id":77469,"href":"https:\/\/www.mecs.it\/fr\/wp-json\/wp\/v2\/pages\/63217\/revisions\/77469"}],"wp:featuredmedia":[{"embeddable":true,"href":"https:\/\/www.mecs.it\/fr\/wp-json\/wp\/v2\/media\/39055"}],"wp:attachment":[{"href":"https:\/\/www.mecs.it\/fr\/wp-json\/wp\/v2\/media?parent=63217"}],"curies":[{"name":"wp","href":"https:\/\/api.w.org\/{rel}","templated":true}]}}