{"id":37423,"date":"2021-11-09T11:42:16","date_gmt":"2021-11-09T10:42:16","guid":{"rendered":"https:\/\/www.mecs.it\/product\/half"},"modified":"2026-02-05T14:44:58","modified_gmt":"2026-02-05T13:44:58","slug":"half","status":"publish","type":"product","link":"https:\/\/www.mecs.it\/es\/half","title":{"rendered":"Half"},"content":{"rendered":"<p>Half cuenta con dos cuchillas horizontales que cizallan de forma autom\u00e1tica. Creada para recuperar los desechos del corte que se presentan como ladrillos o placas, posteriormente se desarrollaron tambi\u00e9n versiones personalizadas con cuchillas m\u00e1s largas y desplazamientos adecuados para el cizallado horizontal de elementos m\u00e1s largos, como tiras o listones. Es ideal para trabajar materiales con veteado como gneis, serizzo o, incluso, granito.<\/p>\n<p>Abriendo el material de esta forma, se obtienen dos placas con una cara rugosa, r\u00fastica, ideal para el revestimiento y una cara cortada para la colocaci\u00f3n.<\/p>\n","protected":false},"excerpt":{"rendered":"<p>Half cuenta con dos cuchillas horizontales que cizallan de forma autom\u00e1tica. Creada para recuperar los desechos del corte que se presentan [&hellip;]<\/p>\n","protected":false},"featured_media":64677,"template":"","meta":{"_acf_changed":false,"inline_featured_image":false},"product_brand":[],"product_cat":[690,158,162],"product_tag":[],"class_list":{"0":"post-37423","1":"product","2":"type-product","3":"status-publish","4":"has-post-thumbnail","6":"product_cat-piedra-partida-es","7":"product_cat-automatico","8":"product_cat-horizontal","9":"materiali-cuarcita","10":"materiali-pizarra","11":"prodotti_finiti-listel","12":"prodotti_finiti-los-revestimientos","14":"first","15":"instock","16":"shipping-taxable","17":"product-type-simple"},"acf":[],"yoast_head":"<!-- This site is optimized with the Yoast SEO plugin v26.9 - https:\/\/yoast.com\/product\/yoast-seo-wordpress\/ -->\n<title>Serie Half | M\u00e1quinas horizontales | MEC SRL<\/title>\n<meta name=\"description\" content=\"Serie Half MEC: m\u00e1quina de divisi\u00f3n horizontal para obtener dos placas, una partida y otra aserrada. Descubra ahora su potencia.\" \/>\n<meta name=\"robots\" content=\"index, follow, max-snippet:-1, max-image-preview:large, max-video-preview:-1\" \/>\n<link rel=\"canonical\" href=\"https:\/\/www.mecs.it\/es\/half\" \/>\n<meta property=\"og:locale\" content=\"es_ES\" \/>\n<meta property=\"og:type\" content=\"article\" \/>\n<meta property=\"og:title\" content=\"Serie Half | M\u00e1quinas horizontales | MEC SRL\" \/>\n<meta property=\"og:description\" content=\"Serie Half MEC: m\u00e1quina de divisi\u00f3n horizontal para obtener dos placas, una partida y otra aserrada. Descubra ahora su potencia.\" \/>\n<meta property=\"og:url\" content=\"https:\/\/www.mecs.it\/es\/half\" \/>\n<meta property=\"og:site_name\" content=\"MEC\" \/>\n<meta property=\"article:modified_time\" content=\"2026-02-05T13:44:58+00:00\" \/>\n<meta property=\"og:image\" content=\"https:\/\/www.mecs.it\/wp-content\/uploads\/2021\/11\/half-mec.webp\" \/>\n\t<meta property=\"og:image:width\" content=\"1280\" \/>\n\t<meta property=\"og:image:height\" content=\"960\" \/>\n\t<meta property=\"og:image:type\" content=\"image\/webp\" \/>\n<meta name=\"twitter:card\" content=\"summary_large_image\" \/>\n<meta name=\"twitter:label1\" content=\"Tiempo de lectura\" \/>\n\t<meta name=\"twitter:data1\" content=\"1 minuto\" \/>\n<script type=\"application\/ld+json\" class=\"yoast-schema-graph\">{\"@context\":\"https:\/\/schema.org\",\"@graph\":[{\"@type\":\"WebPage\",\"@id\":\"https:\/\/www.mecs.it\/es\/half\",\"url\":\"https:\/\/www.mecs.it\/es\/half\",\"name\":\"Serie Half | M\u00e1quinas horizontales | MEC SRL\",\"isPartOf\":{\"@id\":\"https:\/\/www.mecs.it\/es#website\"},\"primaryImageOfPage\":{\"@id\":\"https:\/\/www.mecs.it\/es\/half#primaryimage\"},\"image\":{\"@id\":\"https:\/\/www.mecs.it\/es\/half#primaryimage\"},\"thumbnailUrl\":\"https:\/\/www.mecs.it\/wp-content\/uploads\/2021\/11\/half-mec.webp\",\"datePublished\":\"2021-11-09T10:42:16+00:00\",\"dateModified\":\"2026-02-05T13:44:58+00:00\",\"description\":\"Serie Half MEC: m\u00e1quina de divisi\u00f3n horizontal para obtener dos placas, una partida y otra aserrada. Descubra ahora su potencia.\",\"breadcrumb\":{\"@id\":\"https:\/\/www.mecs.it\/es\/half#breadcrumb\"},\"inLanguage\":\"es\",\"potentialAction\":[{\"@type\":\"ReadAction\",\"target\":[\"https:\/\/www.mecs.it\/es\/half\"]}]},{\"@type\":\"ImageObject\",\"inLanguage\":\"es\",\"@id\":\"https:\/\/www.mecs.it\/es\/half#primaryimage\",\"url\":\"https:\/\/www.mecs.it\/wp-content\/uploads\/2021\/11\/half-mec.webp\",\"contentUrl\":\"https:\/\/www.mecs.it\/wp-content\/uploads\/2021\/11\/half-mec.webp\",\"width\":1280,\"height\":960},{\"@type\":\"BreadcrumbList\",\"@id\":\"https:\/\/www.mecs.it\/es\/half#breadcrumb\",\"itemListElement\":[{\"@type\":\"ListItem\",\"position\":1,\"name\":\"Home\",\"item\":\"https:\/\/www.mecs.it\/es\"},{\"@type\":\"ListItem\",\"position\":2,\"name\":\"Productos\",\"item\":\"https:\/\/www.mecs.it\/es\/shop\"},{\"@type\":\"ListItem\",\"position\":3,\"name\":\"M\u00e1quinas Esplitadoras\",\"item\":\"https:\/\/www.mecs.it\/es\/maquinas-esplitadoras\"},{\"@type\":\"ListItem\",\"position\":4,\"name\":\"Cizalladoras de piedra\",\"item\":\"https:\/\/www.mecs.it\/es\/piedra-partida\"},{\"@type\":\"ListItem\",\"position\":5,\"name\":\"Half\"}]},{\"@type\":\"WebSite\",\"@id\":\"https:\/\/www.mecs.it\/es#website\",\"url\":\"https:\/\/www.mecs.it\/es\",\"name\":\"MEC\",\"description\":\"Macchine per lavorazione pietra e spacco cemento\",\"publisher\":{\"@id\":\"https:\/\/www.mecs.it\/es#organization\"},\"potentialAction\":[{\"@type\":\"SearchAction\",\"target\":{\"@type\":\"EntryPoint\",\"urlTemplate\":\"https:\/\/www.mecs.it\/es?s={search_term_string}\"},\"query-input\":{\"@type\":\"PropertyValueSpecification\",\"valueRequired\":true,\"valueName\":\"search_term_string\"}}],\"inLanguage\":\"es\"},{\"@type\":\"Organization\",\"@id\":\"https:\/\/www.mecs.it\/es#organization\",\"name\":\"MEC\",\"url\":\"https:\/\/www.mecs.it\/es\",\"logo\":{\"@type\":\"ImageObject\",\"inLanguage\":\"es\",\"@id\":\"https:\/\/www.mecs.it\/es#\/schema\/logo\/image\/\",\"url\":\"https:\/\/www.mecs.it\/wp-content\/uploads\/2022\/05\/logo-MEC-blue.svg\",\"contentUrl\":\"https:\/\/www.mecs.it\/wp-content\/uploads\/2022\/05\/logo-MEC-blue.svg\",\"caption\":\"MEC\"},\"image\":{\"@id\":\"https:\/\/www.mecs.it\/es#\/schema\/logo\/image\/\"}}]}<\/script>\n<!-- \/ Yoast SEO plugin. -->","yoast_head_json":{"title":"Serie Half | M\u00e1quinas horizontales | MEC SRL","description":"Serie Half MEC: m\u00e1quina de divisi\u00f3n horizontal para obtener dos placas, una partida y otra aserrada. Descubra ahora su potencia.","robots":{"index":"index","follow":"follow","max-snippet":"max-snippet:-1","max-image-preview":"max-image-preview:large","max-video-preview":"max-video-preview:-1"},"canonical":"https:\/\/www.mecs.it\/es\/half","og_locale":"es_ES","og_type":"article","og_title":"Serie Half | M\u00e1quinas horizontales | MEC SRL","og_description":"Serie Half MEC: m\u00e1quina de divisi\u00f3n horizontal para obtener dos placas, una partida y otra aserrada. Descubra ahora su potencia.","og_url":"https:\/\/www.mecs.it\/es\/half","og_site_name":"MEC","article_modified_time":"2026-02-05T13:44:58+00:00","og_image":[{"width":1280,"height":960,"url":"https:\/\/www.mecs.it\/wp-content\/uploads\/2021\/11\/half-mec.webp","type":"image\/webp"}],"twitter_card":"summary_large_image","twitter_misc":{"Tiempo de lectura":"1 minuto"},"schema":{"@context":"https:\/\/schema.org","@graph":[{"@type":"WebPage","@id":"https:\/\/www.mecs.it\/es\/half","url":"https:\/\/www.mecs.it\/es\/half","name":"Serie Half | M\u00e1quinas horizontales | MEC SRL","isPartOf":{"@id":"https:\/\/www.mecs.it\/es#website"},"primaryImageOfPage":{"@id":"https:\/\/www.mecs.it\/es\/half#primaryimage"},"image":{"@id":"https:\/\/www.mecs.it\/es\/half#primaryimage"},"thumbnailUrl":"https:\/\/www.mecs.it\/wp-content\/uploads\/2021\/11\/half-mec.webp","datePublished":"2021-11-09T10:42:16+00:00","dateModified":"2026-02-05T13:44:58+00:00","description":"Serie Half MEC: m\u00e1quina de divisi\u00f3n horizontal para obtener dos placas, una partida y otra aserrada. Descubra ahora su potencia.","breadcrumb":{"@id":"https:\/\/www.mecs.it\/es\/half#breadcrumb"},"inLanguage":"es","potentialAction":[{"@type":"ReadAction","target":["https:\/\/www.mecs.it\/es\/half"]}]},{"@type":"ImageObject","inLanguage":"es","@id":"https:\/\/www.mecs.it\/es\/half#primaryimage","url":"https:\/\/www.mecs.it\/wp-content\/uploads\/2021\/11\/half-mec.webp","contentUrl":"https:\/\/www.mecs.it\/wp-content\/uploads\/2021\/11\/half-mec.webp","width":1280,"height":960},{"@type":"BreadcrumbList","@id":"https:\/\/www.mecs.it\/es\/half#breadcrumb","itemListElement":[{"@type":"ListItem","position":1,"name":"Home","item":"https:\/\/www.mecs.it\/es"},{"@type":"ListItem","position":2,"name":"Productos","item":"https:\/\/www.mecs.it\/es\/shop"},{"@type":"ListItem","position":3,"name":"M\u00e1quinas Esplitadoras","item":"https:\/\/www.mecs.it\/es\/maquinas-esplitadoras"},{"@type":"ListItem","position":4,"name":"Cizalladoras de piedra","item":"https:\/\/www.mecs.it\/es\/piedra-partida"},{"@type":"ListItem","position":5,"name":"Half"}]},{"@type":"WebSite","@id":"https:\/\/www.mecs.it\/es#website","url":"https:\/\/www.mecs.it\/es","name":"MEC","description":"Macchine per lavorazione pietra e spacco cemento","publisher":{"@id":"https:\/\/www.mecs.it\/es#organization"},"potentialAction":[{"@type":"SearchAction","target":{"@type":"EntryPoint","urlTemplate":"https:\/\/www.mecs.it\/es?s={search_term_string}"},"query-input":{"@type":"PropertyValueSpecification","valueRequired":true,"valueName":"search_term_string"}}],"inLanguage":"es"},{"@type":"Organization","@id":"https:\/\/www.mecs.it\/es#organization","name":"MEC","url":"https:\/\/www.mecs.it\/es","logo":{"@type":"ImageObject","inLanguage":"es","@id":"https:\/\/www.mecs.it\/es#\/schema\/logo\/image\/","url":"https:\/\/www.mecs.it\/wp-content\/uploads\/2022\/05\/logo-MEC-blue.svg","contentUrl":"https:\/\/www.mecs.it\/wp-content\/uploads\/2022\/05\/logo-MEC-blue.svg","caption":"MEC"},"image":{"@id":"https:\/\/www.mecs.it\/es#\/schema\/logo\/image\/"}}]}},"_links":{"self":[{"href":"https:\/\/www.mecs.it\/es\/wp-json\/wp\/v2\/product\/37423","targetHints":{"allow":["GET"]}}],"collection":[{"href":"https:\/\/www.mecs.it\/es\/wp-json\/wp\/v2\/product"}],"about":[{"href":"https:\/\/www.mecs.it\/es\/wp-json\/wp\/v2\/types\/product"}],"wp:featuredmedia":[{"embeddable":true,"href":"https:\/\/www.mecs.it\/es\/wp-json\/wp\/v2\/media\/64677"}],"wp:attachment":[{"href":"https:\/\/www.mecs.it\/es\/wp-json\/wp\/v2\/media?parent=37423"}],"wp:term":[{"taxonomy":"product_brand","embeddable":true,"href":"https:\/\/www.mecs.it\/es\/wp-json\/wp\/v2\/product_brand?post=37423"},{"taxonomy":"product_cat","embeddable":true,"href":"https:\/\/www.mecs.it\/es\/wp-json\/wp\/v2\/product_cat?post=37423"},{"taxonomy":"product_tag","embeddable":true,"href":"https:\/\/www.mecs.it\/es\/wp-json\/wp\/v2\/product_tag?post=37423"}],"curies":[{"name":"wp","href":"https:\/\/api.w.org\/{rel}","templated":true}]}}