{"id":37400,"date":"2021-11-09T12:01:10","date_gmt":"2021-11-09T11:01:10","guid":{"rendered":"https:\/\/www.mecs.it\/product\/segatrice-fast-3"},"modified":"2026-02-05T14:31:07","modified_gmt":"2026-02-05T13:31:07","slug":"sierra-fast-3","status":"publish","type":"product","link":"https:\/\/www.mecs.it\/es\/sierra-fast-3","title":{"rendered":"Sierra Fast 3"},"content":{"rendered":"<p>Fast 3 es una eficaz m\u00e1quina con las mismas prestaciones y caracter\u00edsticas que Fast 2. Tiene tres discos diamantados en l\u00ednea y se pueden introducir discos de distinto di\u00e1metro en el mismo eje. Es ideal para quien tiene exigencias de producci\u00f3n continuas y para quien necesita obtener varios productos o trabaja distintos materiales. Fast 3 permite tener un aumento de la productividad del 30 % respecto a la m\u00e1quina de 2 discos.<\/p>\n<p>La presencia de la barra prensora permite al operario cargar piezas de piedra con grosores distintos hasta un m\u00e1ximo de 12 cm de diferencia, uno tras otro, sin tener que realizar una selecci\u00f3n preliminar en funci\u00f3n del grosor. Por tanto, se ahorra tiempo y, adem\u00e1s, se aligeran las operaciones de carga de la m\u00e1quina.<\/p>\n<p style=\"font-weight: 400;\">Una de las ventajas del Fast es tener una sola cinta transportadora de persianas tanto para la espalda como para el avance de la piedra, de esta forma no es necesario sincronizar dos cintas. Se aplican inserciones de goma f\u00e1cilmente reemplazables a las persianas de la correa. Gracias a esta soluci\u00f3n, tambi\u00e9n es posible cargar materiales de gran peso, alcanzando siempre altas velocidades.<\/p>\n<p style=\"font-weight: 400;\">Adem\u00e1s, los cabezales de los discos est\u00e1n motorizados para ajustar f\u00e1cilmente su altura y equipados con codificadores. La medida se muestra directamente en la pantalla t\u00e1ctil de la m\u00e1quina.<\/p>\n<p style=\"font-weight: 400;\">Cada modelo est\u00e1 integrado con un sistema de gesti\u00f3n que le permite ingresar hasta 40 recetas para guardar los par\u00e1metros principales en funci\u00f3n de los materiales a cortar. Este sistema registra los datos de trabajo que se pueden extraer f\u00e1cilmente descarg\u00e1ndolos en una memoria USB.<\/p>\n","protected":false},"excerpt":{"rendered":"<p>Fast 3 es una eficaz m\u00e1quina con las mismas prestaciones y caracter\u00edsticas que Fast 2. Tiene tres discos diamantados en l\u00ednea [&hellip;]<\/p>\n","protected":false},"featured_media":38275,"template":"","meta":{"_acf_changed":false,"inline_featured_image":false},"product_brand":[],"product_cat":[127],"product_tag":[],"class_list":{"0":"post-37400","1":"product","2":"type-product","3":"status-publish","4":"has-post-thumbnail","6":"product_cat-sierra-de-la-piedra-y-del-hormigon","7":"materiali-andesita","8":"materiali-arenisca","9":"materiali-calcareo","10":"materiali-cuarcita","11":"materiali-gneis","12":"materiali-granito","13":"materiali-hormigon","14":"materiali-marmol","15":"materiali-piedra-azul","16":"materiali-pizarra","17":"materiali-porfido","18":"materiali-travertino","19":"prodotti_finiti-listel","20":"prodotti_finiti-los-revestimientos","22":"first","23":"instock","24":"shipping-taxable","25":"product-type-simple"},"acf":[],"yoast_head":"<!-- This site is optimized with the Yoast SEO plugin v26.9 - https:\/\/yoast.com\/product\/yoast-seo-wordpress\/ -->\n<title>Sierra Fast 3: corte de piedra<\/title>\n<meta name=\"description\" content=\"Sierra Fast 3 MEC: m\u00e1quina de corte piedra y hormig\u00f3n con productividad un 30% superior a la de dos discos. M\u00e1s informaci\u00f3n.\" \/>\n<meta name=\"robots\" content=\"index, follow, max-snippet:-1, max-image-preview:large, max-video-preview:-1\" \/>\n<link rel=\"canonical\" href=\"https:\/\/www.mecs.it\/es\/sierra-fast-3\" \/>\n<meta property=\"og:locale\" content=\"es_ES\" \/>\n<meta property=\"og:type\" content=\"article\" \/>\n<meta property=\"og:title\" content=\"Sierra Fast 3: corte de piedra\" \/>\n<meta property=\"og:description\" content=\"Sierra Fast 3 MEC: m\u00e1quina de corte piedra y hormig\u00f3n con productividad un 30% superior a la de dos discos. M\u00e1s informaci\u00f3n.\" \/>\n<meta property=\"og:url\" content=\"https:\/\/www.mecs.it\/es\/sierra-fast-3\" \/>\n<meta property=\"og:site_name\" content=\"MEC\" \/>\n<meta property=\"article:modified_time\" content=\"2026-02-05T13:31:07+00:00\" \/>\n<meta property=\"og:image\" content=\"https:\/\/www.mecs.it\/wp-content\/uploads\/2021\/11\/cover-image-fast-3.png\" \/>\n\t<meta property=\"og:image:width\" content=\"1920\" \/>\n\t<meta property=\"og:image:height\" content=\"500\" \/>\n\t<meta property=\"og:image:type\" content=\"image\/png\" \/>\n<meta name=\"twitter:card\" content=\"summary_large_image\" \/>\n<meta name=\"twitter:label1\" content=\"Tiempo de lectura\" \/>\n\t<meta name=\"twitter:data1\" content=\"2 minutos\" \/>\n<script type=\"application\/ld+json\" class=\"yoast-schema-graph\">{\"@context\":\"https:\/\/schema.org\",\"@graph\":[{\"@type\":\"WebPage\",\"@id\":\"https:\/\/www.mecs.it\/es\/sierra-fast-3\",\"url\":\"https:\/\/www.mecs.it\/es\/sierra-fast-3\",\"name\":\"Sierra Fast 3: corte de piedra\",\"isPartOf\":{\"@id\":\"https:\/\/www.mecs.it\/es#website\"},\"primaryImageOfPage\":{\"@id\":\"https:\/\/www.mecs.it\/es\/sierra-fast-3#primaryimage\"},\"image\":{\"@id\":\"https:\/\/www.mecs.it\/es\/sierra-fast-3#primaryimage\"},\"thumbnailUrl\":\"https:\/\/www.mecs.it\/wp-content\/uploads\/2021\/11\/cover-image-fast-3.png\",\"datePublished\":\"2021-11-09T11:01:10+00:00\",\"dateModified\":\"2026-02-05T13:31:07+00:00\",\"description\":\"Sierra Fast 3 MEC: m\u00e1quina de corte piedra y hormig\u00f3n con productividad un 30% superior a la de dos discos. M\u00e1s informaci\u00f3n.\",\"breadcrumb\":{\"@id\":\"https:\/\/www.mecs.it\/es\/sierra-fast-3#breadcrumb\"},\"inLanguage\":\"es\",\"potentialAction\":[{\"@type\":\"ReadAction\",\"target\":[\"https:\/\/www.mecs.it\/es\/sierra-fast-3\"]}]},{\"@type\":\"ImageObject\",\"inLanguage\":\"es\",\"@id\":\"https:\/\/www.mecs.it\/es\/sierra-fast-3#primaryimage\",\"url\":\"https:\/\/www.mecs.it\/wp-content\/uploads\/2021\/11\/cover-image-fast-3.png\",\"contentUrl\":\"https:\/\/www.mecs.it\/wp-content\/uploads\/2021\/11\/cover-image-fast-3.png\",\"width\":1920,\"height\":500,\"caption\":\"cover image fast 3\"},{\"@type\":\"BreadcrumbList\",\"@id\":\"https:\/\/www.mecs.it\/es\/sierra-fast-3#breadcrumb\",\"itemListElement\":[{\"@type\":\"ListItem\",\"position\":1,\"name\":\"Home\",\"item\":\"https:\/\/www.mecs.it\/es\"},{\"@type\":\"ListItem\",\"position\":2,\"name\":\"Productos\",\"item\":\"https:\/\/www.mecs.it\/es\/shop\"},{\"@type\":\"ListItem\",\"position\":3,\"name\":\"Sierra de la piedra y del hormig\u00f3n\",\"item\":\"https:\/\/www.mecs.it\/es\/sierra-de-la-piedra-y-del-hormigon\"},{\"@type\":\"ListItem\",\"position\":4,\"name\":\"Sierra Fast 3\"}]},{\"@type\":\"WebSite\",\"@id\":\"https:\/\/www.mecs.it\/es#website\",\"url\":\"https:\/\/www.mecs.it\/es\",\"name\":\"MEC\",\"description\":\"Macchine per lavorazione pietra e spacco cemento\",\"publisher\":{\"@id\":\"https:\/\/www.mecs.it\/es#organization\"},\"potentialAction\":[{\"@type\":\"SearchAction\",\"target\":{\"@type\":\"EntryPoint\",\"urlTemplate\":\"https:\/\/www.mecs.it\/es?s={search_term_string}\"},\"query-input\":{\"@type\":\"PropertyValueSpecification\",\"valueRequired\":true,\"valueName\":\"search_term_string\"}}],\"inLanguage\":\"es\"},{\"@type\":\"Organization\",\"@id\":\"https:\/\/www.mecs.it\/es#organization\",\"name\":\"MEC\",\"url\":\"https:\/\/www.mecs.it\/es\",\"logo\":{\"@type\":\"ImageObject\",\"inLanguage\":\"es\",\"@id\":\"https:\/\/www.mecs.it\/es#\/schema\/logo\/image\/\",\"url\":\"https:\/\/www.mecs.it\/wp-content\/uploads\/2022\/05\/logo-MEC-blue.svg\",\"contentUrl\":\"https:\/\/www.mecs.it\/wp-content\/uploads\/2022\/05\/logo-MEC-blue.svg\",\"caption\":\"MEC\"},\"image\":{\"@id\":\"https:\/\/www.mecs.it\/es#\/schema\/logo\/image\/\"}}]}<\/script>\n<!-- \/ Yoast SEO plugin. -->","yoast_head_json":{"title":"Sierra Fast 3: corte de piedra","description":"Sierra Fast 3 MEC: m\u00e1quina de corte piedra y hormig\u00f3n con productividad un 30% superior a la de dos discos. M\u00e1s informaci\u00f3n.","robots":{"index":"index","follow":"follow","max-snippet":"max-snippet:-1","max-image-preview":"max-image-preview:large","max-video-preview":"max-video-preview:-1"},"canonical":"https:\/\/www.mecs.it\/es\/sierra-fast-3","og_locale":"es_ES","og_type":"article","og_title":"Sierra Fast 3: corte de piedra","og_description":"Sierra Fast 3 MEC: m\u00e1quina de corte piedra y hormig\u00f3n con productividad un 30% superior a la de dos discos. M\u00e1s informaci\u00f3n.","og_url":"https:\/\/www.mecs.it\/es\/sierra-fast-3","og_site_name":"MEC","article_modified_time":"2026-02-05T13:31:07+00:00","og_image":[{"width":1920,"height":500,"url":"https:\/\/www.mecs.it\/wp-content\/uploads\/2021\/11\/cover-image-fast-3.png","type":"image\/png"}],"twitter_card":"summary_large_image","twitter_misc":{"Tiempo de lectura":"2 minutos"},"schema":{"@context":"https:\/\/schema.org","@graph":[{"@type":"WebPage","@id":"https:\/\/www.mecs.it\/es\/sierra-fast-3","url":"https:\/\/www.mecs.it\/es\/sierra-fast-3","name":"Sierra Fast 3: corte de piedra","isPartOf":{"@id":"https:\/\/www.mecs.it\/es#website"},"primaryImageOfPage":{"@id":"https:\/\/www.mecs.it\/es\/sierra-fast-3#primaryimage"},"image":{"@id":"https:\/\/www.mecs.it\/es\/sierra-fast-3#primaryimage"},"thumbnailUrl":"https:\/\/www.mecs.it\/wp-content\/uploads\/2021\/11\/cover-image-fast-3.png","datePublished":"2021-11-09T11:01:10+00:00","dateModified":"2026-02-05T13:31:07+00:00","description":"Sierra Fast 3 MEC: m\u00e1quina de corte piedra y hormig\u00f3n con productividad un 30% superior a la de dos discos. M\u00e1s informaci\u00f3n.","breadcrumb":{"@id":"https:\/\/www.mecs.it\/es\/sierra-fast-3#breadcrumb"},"inLanguage":"es","potentialAction":[{"@type":"ReadAction","target":["https:\/\/www.mecs.it\/es\/sierra-fast-3"]}]},{"@type":"ImageObject","inLanguage":"es","@id":"https:\/\/www.mecs.it\/es\/sierra-fast-3#primaryimage","url":"https:\/\/www.mecs.it\/wp-content\/uploads\/2021\/11\/cover-image-fast-3.png","contentUrl":"https:\/\/www.mecs.it\/wp-content\/uploads\/2021\/11\/cover-image-fast-3.png","width":1920,"height":500,"caption":"cover image fast 3"},{"@type":"BreadcrumbList","@id":"https:\/\/www.mecs.it\/es\/sierra-fast-3#breadcrumb","itemListElement":[{"@type":"ListItem","position":1,"name":"Home","item":"https:\/\/www.mecs.it\/es"},{"@type":"ListItem","position":2,"name":"Productos","item":"https:\/\/www.mecs.it\/es\/shop"},{"@type":"ListItem","position":3,"name":"Sierra de la piedra y del hormig\u00f3n","item":"https:\/\/www.mecs.it\/es\/sierra-de-la-piedra-y-del-hormigon"},{"@type":"ListItem","position":4,"name":"Sierra Fast 3"}]},{"@type":"WebSite","@id":"https:\/\/www.mecs.it\/es#website","url":"https:\/\/www.mecs.it\/es","name":"MEC","description":"Macchine per lavorazione pietra e spacco cemento","publisher":{"@id":"https:\/\/www.mecs.it\/es#organization"},"potentialAction":[{"@type":"SearchAction","target":{"@type":"EntryPoint","urlTemplate":"https:\/\/www.mecs.it\/es?s={search_term_string}"},"query-input":{"@type":"PropertyValueSpecification","valueRequired":true,"valueName":"search_term_string"}}],"inLanguage":"es"},{"@type":"Organization","@id":"https:\/\/www.mecs.it\/es#organization","name":"MEC","url":"https:\/\/www.mecs.it\/es","logo":{"@type":"ImageObject","inLanguage":"es","@id":"https:\/\/www.mecs.it\/es#\/schema\/logo\/image\/","url":"https:\/\/www.mecs.it\/wp-content\/uploads\/2022\/05\/logo-MEC-blue.svg","contentUrl":"https:\/\/www.mecs.it\/wp-content\/uploads\/2022\/05\/logo-MEC-blue.svg","caption":"MEC"},"image":{"@id":"https:\/\/www.mecs.it\/es#\/schema\/logo\/image\/"}}]}},"_links":{"self":[{"href":"https:\/\/www.mecs.it\/es\/wp-json\/wp\/v2\/product\/37400","targetHints":{"allow":["GET"]}}],"collection":[{"href":"https:\/\/www.mecs.it\/es\/wp-json\/wp\/v2\/product"}],"about":[{"href":"https:\/\/www.mecs.it\/es\/wp-json\/wp\/v2\/types\/product"}],"wp:featuredmedia":[{"embeddable":true,"href":"https:\/\/www.mecs.it\/es\/wp-json\/wp\/v2\/media\/38275"}],"wp:attachment":[{"href":"https:\/\/www.mecs.it\/es\/wp-json\/wp\/v2\/media?parent=37400"}],"wp:term":[{"taxonomy":"product_brand","embeddable":true,"href":"https:\/\/www.mecs.it\/es\/wp-json\/wp\/v2\/product_brand?post=37400"},{"taxonomy":"product_cat","embeddable":true,"href":"https:\/\/www.mecs.it\/es\/wp-json\/wp\/v2\/product_cat?post=37400"},{"taxonomy":"product_tag","embeddable":true,"href":"https:\/\/www.mecs.it\/es\/wp-json\/wp\/v2\/product_tag?post=37400"}],"curies":[{"name":"wp","href":"https:\/\/api.w.org\/{rel}","templated":true}]}}