{"id":37249,"date":"2021-11-10T10:58:16","date_gmt":"2021-11-10T09:58:16","guid":{"rendered":"https:\/\/www.mecs.it\/product\/crunch"},"modified":"2026-02-06T09:15:56","modified_gmt":"2026-02-06T08:15:56","slug":"crunch","status":"publish","type":"product","link":"https:\/\/www.mecs.it\/es\/crunch","title":{"rendered":"Crunch"},"content":{"rendered":"<p>Ideal para la trituraci\u00f3n secundaria, el molino a martillo CRUNCH est\u00e1 equipado con un eje horizontal a martillos libres. Se caracteriza por la alta relaci\u00f3n de reducci\u00f3n granulom\u00e9trica en la trituraci\u00f3n de piedra natural, cemento y agregados de dureza baja y media. A diferencia de las trituradoras de mand\u00edbula STARK, CRUNCH se aprecia por su capacidad de proporcionar al producto molido la refinaci\u00f3n requerida.<\/p>\n<p>Los martillos se construyen enteramente en material Hardox resistente al uso, su posici\u00f3n puede regularse f\u00e1cilmente para optimizar el consumo. El material a triturar se carga a trav\u00e9s de la boca superior de alimentaci\u00f3n, que puede ser a mano o mediante una cinta transportadora. Gracias a la presencia y velocidad de los martillos, el material se tritura hasta que se reduce a un tama\u00f1o suficiente para pasar a trav\u00e9s de la rejilla inferior. El producto final cae a trav\u00e9s de la tolva montada en la parte inferior del molino en un contenedor especial de recolecci\u00f3n.<\/p>\n","protected":false},"excerpt":{"rendered":"<p>Ideal para la trituraci\u00f3n secundaria, el molino a martillo CRUNCH est\u00e1 equipado con un eje horizontal a martillos libres. Se caracteriza [&hellip;]<\/p>\n","protected":false},"featured_media":37239,"template":"","meta":{"_acf_changed":false,"inline_featured_image":false},"product_brand":[],"product_cat":[678],"product_tag":[],"class_list":{"0":"post-37249","1":"product","2":"type-product","3":"status-publish","4":"has-post-thumbnail","6":"product_cat-trituracion","7":"materiali-arenisca","8":"materiali-calcareo","9":"materiali-gneis","10":"materiali-granito","11":"materiali-hormigon","12":"materiali-porfido","13":"materiali-travertino","14":"prodotti_finiti-gravilla-arena","16":"first","17":"instock","18":"shipping-taxable","19":"product-type-simple"},"acf":[],"yoast_head":"<!-- This site is optimized with the Yoast SEO plugin v26.9 - https:\/\/yoast.com\/product\/yoast-seo-wordpress\/ -->\n<title>L\u00ednea Crunch: trituradora MEC<\/title>\n<meta name=\"description\" content=\"Crunch MEC: trituradoras para triturar y moler piedra, cemento y \u00e1ridos. Obtenga polvo o arena seg\u00fan sus necesidades.\" \/>\n<meta name=\"robots\" content=\"index, follow, max-snippet:-1, max-image-preview:large, max-video-preview:-1\" \/>\n<link rel=\"canonical\" href=\"https:\/\/www.mecs.it\/es\/crunch\" \/>\n<meta property=\"og:locale\" content=\"es_ES\" \/>\n<meta property=\"og:type\" content=\"article\" \/>\n<meta property=\"og:title\" content=\"L\u00ednea Crunch: trituradora MEC\" \/>\n<meta property=\"og:description\" content=\"Crunch MEC: trituradoras para triturar y moler piedra, cemento y \u00e1ridos. Obtenga polvo o arena seg\u00fan sus necesidades.\" \/>\n<meta property=\"og:url\" content=\"https:\/\/www.mecs.it\/es\/crunch\" \/>\n<meta property=\"og:site_name\" content=\"MEC\" \/>\n<meta property=\"article:modified_time\" content=\"2026-02-06T08:15:56+00:00\" \/>\n<meta property=\"og:image\" content=\"https:\/\/www.mecs.it\/wp-content\/uploads\/2021\/09\/cover-image-crunch-2.png\" \/>\n\t<meta property=\"og:image:width\" content=\"1920\" \/>\n\t<meta property=\"og:image:height\" content=\"500\" \/>\n\t<meta property=\"og:image:type\" content=\"image\/png\" \/>\n<meta name=\"twitter:card\" content=\"summary_large_image\" \/>\n<meta name=\"twitter:label1\" content=\"Tiempo de lectura\" \/>\n\t<meta name=\"twitter:data1\" content=\"2 minutos\" \/>\n<script type=\"application\/ld+json\" class=\"yoast-schema-graph\">{\"@context\":\"https:\/\/schema.org\",\"@graph\":[{\"@type\":\"WebPage\",\"@id\":\"https:\/\/www.mecs.it\/es\/crunch\",\"url\":\"https:\/\/www.mecs.it\/es\/crunch\",\"name\":\"L\u00ednea Crunch: trituradora MEC\",\"isPartOf\":{\"@id\":\"https:\/\/www.mecs.it\/es#website\"},\"primaryImageOfPage\":{\"@id\":\"https:\/\/www.mecs.it\/es\/crunch#primaryimage\"},\"image\":{\"@id\":\"https:\/\/www.mecs.it\/es\/crunch#primaryimage\"},\"thumbnailUrl\":\"https:\/\/www.mecs.it\/wp-content\/uploads\/2021\/09\/cover-image-crunch-2.png\",\"datePublished\":\"2021-11-10T09:58:16+00:00\",\"dateModified\":\"2026-02-06T08:15:56+00:00\",\"description\":\"Crunch MEC: trituradoras para triturar y moler piedra, cemento y \u00e1ridos. Obtenga polvo o arena seg\u00fan sus necesidades.\",\"breadcrumb\":{\"@id\":\"https:\/\/www.mecs.it\/es\/crunch#breadcrumb\"},\"inLanguage\":\"es\",\"potentialAction\":[{\"@type\":\"ReadAction\",\"target\":[\"https:\/\/www.mecs.it\/es\/crunch\"]}]},{\"@type\":\"ImageObject\",\"inLanguage\":\"es\",\"@id\":\"https:\/\/www.mecs.it\/es\/crunch#primaryimage\",\"url\":\"https:\/\/www.mecs.it\/wp-content\/uploads\/2021\/09\/cover-image-crunch-2.png\",\"contentUrl\":\"https:\/\/www.mecs.it\/wp-content\/uploads\/2021\/09\/cover-image-crunch-2.png\",\"width\":1920,\"height\":500,\"caption\":\"cover image crunch 2\"},{\"@type\":\"BreadcrumbList\",\"@id\":\"https:\/\/www.mecs.it\/es\/crunch#breadcrumb\",\"itemListElement\":[{\"@type\":\"ListItem\",\"position\":1,\"name\":\"Home\",\"item\":\"https:\/\/www.mecs.it\/es\"},{\"@type\":\"ListItem\",\"position\":2,\"name\":\"Productos\",\"item\":\"https:\/\/www.mecs.it\/es\/shop\"},{\"@type\":\"ListItem\",\"position\":3,\"name\":\"Trituraci\u00f3n\",\"item\":\"https:\/\/www.mecs.it\/es\/trituracion\"},{\"@type\":\"ListItem\",\"position\":4,\"name\":\"Crunch\"}]},{\"@type\":\"WebSite\",\"@id\":\"https:\/\/www.mecs.it\/es#website\",\"url\":\"https:\/\/www.mecs.it\/es\",\"name\":\"MEC\",\"description\":\"Macchine per lavorazione pietra e spacco cemento\",\"publisher\":{\"@id\":\"https:\/\/www.mecs.it\/es#organization\"},\"potentialAction\":[{\"@type\":\"SearchAction\",\"target\":{\"@type\":\"EntryPoint\",\"urlTemplate\":\"https:\/\/www.mecs.it\/es?s={search_term_string}\"},\"query-input\":{\"@type\":\"PropertyValueSpecification\",\"valueRequired\":true,\"valueName\":\"search_term_string\"}}],\"inLanguage\":\"es\"},{\"@type\":\"Organization\",\"@id\":\"https:\/\/www.mecs.it\/es#organization\",\"name\":\"MEC\",\"url\":\"https:\/\/www.mecs.it\/es\",\"logo\":{\"@type\":\"ImageObject\",\"inLanguage\":\"es\",\"@id\":\"https:\/\/www.mecs.it\/es#\/schema\/logo\/image\/\",\"url\":\"https:\/\/www.mecs.it\/wp-content\/uploads\/2022\/05\/logo-MEC-blue.svg\",\"contentUrl\":\"https:\/\/www.mecs.it\/wp-content\/uploads\/2022\/05\/logo-MEC-blue.svg\",\"caption\":\"MEC\"},\"image\":{\"@id\":\"https:\/\/www.mecs.it\/es#\/schema\/logo\/image\/\"}}]}<\/script>\n<!-- \/ Yoast SEO plugin. -->","yoast_head_json":{"title":"L\u00ednea Crunch: trituradora MEC","description":"Crunch MEC: trituradoras para triturar y moler piedra, cemento y \u00e1ridos. Obtenga polvo o arena seg\u00fan sus necesidades.","robots":{"index":"index","follow":"follow","max-snippet":"max-snippet:-1","max-image-preview":"max-image-preview:large","max-video-preview":"max-video-preview:-1"},"canonical":"https:\/\/www.mecs.it\/es\/crunch","og_locale":"es_ES","og_type":"article","og_title":"L\u00ednea Crunch: trituradora MEC","og_description":"Crunch MEC: trituradoras para triturar y moler piedra, cemento y \u00e1ridos. Obtenga polvo o arena seg\u00fan sus necesidades.","og_url":"https:\/\/www.mecs.it\/es\/crunch","og_site_name":"MEC","article_modified_time":"2026-02-06T08:15:56+00:00","og_image":[{"width":1920,"height":500,"url":"https:\/\/www.mecs.it\/wp-content\/uploads\/2021\/09\/cover-image-crunch-2.png","type":"image\/png"}],"twitter_card":"summary_large_image","twitter_misc":{"Tiempo de lectura":"2 minutos"},"schema":{"@context":"https:\/\/schema.org","@graph":[{"@type":"WebPage","@id":"https:\/\/www.mecs.it\/es\/crunch","url":"https:\/\/www.mecs.it\/es\/crunch","name":"L\u00ednea Crunch: trituradora MEC","isPartOf":{"@id":"https:\/\/www.mecs.it\/es#website"},"primaryImageOfPage":{"@id":"https:\/\/www.mecs.it\/es\/crunch#primaryimage"},"image":{"@id":"https:\/\/www.mecs.it\/es\/crunch#primaryimage"},"thumbnailUrl":"https:\/\/www.mecs.it\/wp-content\/uploads\/2021\/09\/cover-image-crunch-2.png","datePublished":"2021-11-10T09:58:16+00:00","dateModified":"2026-02-06T08:15:56+00:00","description":"Crunch MEC: trituradoras para triturar y moler piedra, cemento y \u00e1ridos. Obtenga polvo o arena seg\u00fan sus necesidades.","breadcrumb":{"@id":"https:\/\/www.mecs.it\/es\/crunch#breadcrumb"},"inLanguage":"es","potentialAction":[{"@type":"ReadAction","target":["https:\/\/www.mecs.it\/es\/crunch"]}]},{"@type":"ImageObject","inLanguage":"es","@id":"https:\/\/www.mecs.it\/es\/crunch#primaryimage","url":"https:\/\/www.mecs.it\/wp-content\/uploads\/2021\/09\/cover-image-crunch-2.png","contentUrl":"https:\/\/www.mecs.it\/wp-content\/uploads\/2021\/09\/cover-image-crunch-2.png","width":1920,"height":500,"caption":"cover image crunch 2"},{"@type":"BreadcrumbList","@id":"https:\/\/www.mecs.it\/es\/crunch#breadcrumb","itemListElement":[{"@type":"ListItem","position":1,"name":"Home","item":"https:\/\/www.mecs.it\/es"},{"@type":"ListItem","position":2,"name":"Productos","item":"https:\/\/www.mecs.it\/es\/shop"},{"@type":"ListItem","position":3,"name":"Trituraci\u00f3n","item":"https:\/\/www.mecs.it\/es\/trituracion"},{"@type":"ListItem","position":4,"name":"Crunch"}]},{"@type":"WebSite","@id":"https:\/\/www.mecs.it\/es#website","url":"https:\/\/www.mecs.it\/es","name":"MEC","description":"Macchine per lavorazione pietra e spacco cemento","publisher":{"@id":"https:\/\/www.mecs.it\/es#organization"},"potentialAction":[{"@type":"SearchAction","target":{"@type":"EntryPoint","urlTemplate":"https:\/\/www.mecs.it\/es?s={search_term_string}"},"query-input":{"@type":"PropertyValueSpecification","valueRequired":true,"valueName":"search_term_string"}}],"inLanguage":"es"},{"@type":"Organization","@id":"https:\/\/www.mecs.it\/es#organization","name":"MEC","url":"https:\/\/www.mecs.it\/es","logo":{"@type":"ImageObject","inLanguage":"es","@id":"https:\/\/www.mecs.it\/es#\/schema\/logo\/image\/","url":"https:\/\/www.mecs.it\/wp-content\/uploads\/2022\/05\/logo-MEC-blue.svg","contentUrl":"https:\/\/www.mecs.it\/wp-content\/uploads\/2022\/05\/logo-MEC-blue.svg","caption":"MEC"},"image":{"@id":"https:\/\/www.mecs.it\/es#\/schema\/logo\/image\/"}}]}},"_links":{"self":[{"href":"https:\/\/www.mecs.it\/es\/wp-json\/wp\/v2\/product\/37249","targetHints":{"allow":["GET"]}}],"collection":[{"href":"https:\/\/www.mecs.it\/es\/wp-json\/wp\/v2\/product"}],"about":[{"href":"https:\/\/www.mecs.it\/es\/wp-json\/wp\/v2\/types\/product"}],"wp:featuredmedia":[{"embeddable":true,"href":"https:\/\/www.mecs.it\/es\/wp-json\/wp\/v2\/media\/37239"}],"wp:attachment":[{"href":"https:\/\/www.mecs.it\/es\/wp-json\/wp\/v2\/media?parent=37249"}],"wp:term":[{"taxonomy":"product_brand","embeddable":true,"href":"https:\/\/www.mecs.it\/es\/wp-json\/wp\/v2\/product_brand?post=37249"},{"taxonomy":"product_cat","embeddable":true,"href":"https:\/\/www.mecs.it\/es\/wp-json\/wp\/v2\/product_cat?post=37249"},{"taxonomy":"product_tag","embeddable":true,"href":"https:\/\/www.mecs.it\/es\/wp-json\/wp\/v2\/product_tag?post=37249"}],"curies":[{"name":"wp","href":"https:\/\/api.w.org\/{rel}","templated":true}]}}