{"id":63187,"date":"2022-10-04T09:42:47","date_gmt":"2022-10-04T08:42:47","guid":{"rendered":"https:\/\/www.mecs.it\/contactos\/"},"modified":"2026-02-06T10:09:43","modified_gmt":"2026-02-06T09:09:43","slug":"contactos","status":"publish","type":"page","link":"https:\/\/www.mecs.it\/es\/contactos","title":{"rendered":"Contactos"},"content":{"rendered":"\t\t<div data-elementor-type=\"wp-page\" data-elementor-id=\"63187\" class=\"elementor elementor-63187 elementor-62439\" data-elementor-post-type=\"page\">\n\t\t\t\t<div class=\"elementor-element elementor-element-3883803b e-flex e-con-boxed e-con e-parent\" data-id=\"3883803b\" data-element_type=\"container\" data-settings=\"{&quot;background_background&quot;:&quot;classic&quot;}\">\n\t\t\t\t\t<div class=\"e-con-inner\">\n\t\t\t\t<div class=\"elementor-element elementor-element-32ca1077 title-dynamic-font-size elementor-widget elementor-widget-heading\" data-id=\"32ca1077\" data-element_type=\"widget\" data-widget_type=\"heading.default\">\n\t\t\t\t<div class=\"elementor-widget-container\">\n\t\t\t<style>\/*! elementor - v3.22.0 - 26-06-2024 *\/\n.elementor-heading-title{padding:0;margin:0;line-height:1}.elementor-widget-heading .elementor-heading-title[class*=elementor-size-]>a{color:inherit;font-size:inherit;line-height:inherit}.elementor-widget-heading .elementor-heading-title.elementor-size-small{font-size:15px}.elementor-widget-heading .elementor-heading-title.elementor-size-medium{font-size:19px}.elementor-widget-heading .elementor-heading-title.elementor-size-large{font-size:29px}.elementor-widget-heading .elementor-heading-title.elementor-size-xl{font-size:39px}.elementor-widget-heading .elementor-heading-title.elementor-size-xxl{font-size:59px}<\/style><h1 class=\"elementor-heading-title elementor-size-default\">Contactos<\/h1>\t\t<\/div>\n\t\t\t\t<\/div>\n\t\t\t\t\t<\/div>\n\t\t\t\t<\/div>\n\t\t<div class=\"elementor-element elementor-element-31e18550 box_contatti e-flex e-con-boxed e-con e-parent\" data-id=\"31e18550\" data-element_type=\"container\" data-settings=\"{&quot;background_background&quot;:&quot;classic&quot;}\">\n\t\t\t\t\t<div class=\"e-con-inner\">\n\t\t<div class=\"elementor-element elementor-element-1319a560 e-con-full e-flex e-con e-child\" data-id=\"1319a560\" data-element_type=\"container\">\n\t\t\t\t<div class=\"elementor-element elementor-element-12b7224b fw-bold text-lg-dynamic-font-size blue-color elementor-widget elementor-widget-heading\" data-id=\"12b7224b\" data-element_type=\"widget\" data-widget_type=\"heading.default\">\n\t\t\t\t<div class=\"elementor-widget-container\">\n\t\t\t<p class=\"elementor-heading-title elementor-size-default\">Direcci\u00f3n<\/p>\t\t<\/div>\n\t\t\t\t<\/div>\n\t\t\t\t<div class=\"elementor-element elementor-element-145cebb5 elementor-widget elementor-widget-text-editor\" data-id=\"145cebb5\" data-element_type=\"widget\" data-widget_type=\"text-editor.default\">\n\t\t\t\t<div class=\"elementor-widget-container\">\n\t\t\t<style>\/*! elementor - v3.22.0 - 26-06-2024 *\/\n.elementor-widget-text-editor.elementor-drop-cap-view-stacked .elementor-drop-cap{background-color:#69727d;color:#fff}.elementor-widget-text-editor.elementor-drop-cap-view-framed .elementor-drop-cap{color:#69727d;border:3px solid;background-color:transparent}.elementor-widget-text-editor:not(.elementor-drop-cap-view-default) .elementor-drop-cap{margin-top:8px}.elementor-widget-text-editor:not(.elementor-drop-cap-view-default) .elementor-drop-cap-letter{width:1em;height:1em}.elementor-widget-text-editor .elementor-drop-cap{float:left;text-align:center;line-height:1;font-size:50px}.elementor-widget-text-editor .elementor-drop-cap-letter{display:inline-block}<\/style>\t\t\t\t<span style=\"display: block;\">Loc. Lagarine,\n4<br>38050 Scurelle TN,\nItalia<\/span>\t\t\t\t\t\t<\/div>\n\t\t\t\t<\/div>\n\t\t\t\t<\/div>\n\t\t<div class=\"elementor-element elementor-element-c9bccca e-con-full e-flex e-con e-child\" data-id=\"c9bccca\" data-element_type=\"container\">\n\t\t\t\t<div class=\"elementor-element elementor-element-50911483 fw-bold text-lg-dynamic-font-size blue-color elementor-widget elementor-widget-heading\" data-id=\"50911483\" data-element_type=\"widget\" data-widget_type=\"heading.default\">\n\t\t\t\t<div class=\"elementor-widget-container\">\n\t\t\t<p class=\"elementor-heading-title elementor-size-default\">Tel\u00e9fono<\/p>\t\t<\/div>\n\t\t\t\t<\/div>\n\t\t\t\t<div class=\"elementor-element elementor-element-4c166d2f elementor-widget elementor-widget-text-editor\" data-id=\"4c166d2f\" data-element_type=\"widget\" data-widget_type=\"text-editor.default\">\n\t\t\t\t<div class=\"elementor-widget-container\">\n\t\t\t\t\t\t\t<span style=\"display: block;\"><a href=\"tel:+390461780166\">+39 0461 780166<\/a><\/span>\t\t\t\t\t\t<\/div>\n\t\t\t\t<\/div>\n\t\t\t\t<\/div>\n\t\t<div class=\"elementor-element elementor-element-308a8fde e-con-full e-flex e-con e-child\" data-id=\"308a8fde\" data-element_type=\"container\">\n\t\t\t\t<div class=\"elementor-element elementor-element-25729b41 fw-bold text-lg-dynamic-font-size blue-color elementor-widget elementor-widget-heading\" data-id=\"25729b41\" data-element_type=\"widget\" data-widget_type=\"heading.default\">\n\t\t\t\t<div class=\"elementor-widget-container\">\n\t\t\t<p class=\"elementor-heading-title elementor-size-default\">Correo electr\u00f3nico<\/p>\t\t<\/div>\n\t\t\t\t<\/div>\n\t\t\t\t<div class=\"elementor-element elementor-element-6870d1c8 elementor-widget elementor-widget-text-editor\" data-id=\"6870d1c8\" data-element_type=\"widget\" data-widget_type=\"text-editor.default\">\n\t\t\t\t<div class=\"elementor-widget-container\">\n\t\t\t\t\t\t\t<span style=\"display: block;\"><a href=\"mailto:commerciale@mecs.it\">commerciale@mecs.it<\/a><\/span>\t\t\t\t\t\t<\/div>\n\t\t\t\t<\/div>\n\t\t\t\t<\/div>\n\t\t\t\t\t<\/div>\n\t\t\t\t<\/div>\n\t\t\t\t<\/div>\n\t\t","protected":false},"excerpt":{"rendered":"<p>Direcci\u00f3n Loc. Lagarine, 438050 Scurelle TN, Italia Tel\u00e9fono +39 0461 780166 Correo electr\u00f3nico commerciale@mecs.it<\/p>\n","protected":false},"author":1,"featured_media":13813,"parent":0,"menu_order":0,"comment_status":"closed","ping_status":"closed","template":"","meta":{"_acf_changed":false,"inline_featured_image":false,"footnotes":""},"class_list":["post-63187","page","type-page","status-publish","has-post-thumbnail","hentry"],"acf":[],"yoast_head":"<!-- This site is optimized with the Yoast SEO plugin v26.9 - https:\/\/yoast.com\/product\/yoast-seo-wordpress\/ -->\n<title>Contactos | MEC<\/title>\n<meta name=\"description\" content=\"\u00bfQuiere contactar con MEC? Rellene el formulario y nuestro equipo le responder\u00e1 lo antes posible.\" \/>\n<meta name=\"robots\" content=\"index, follow, max-snippet:-1, max-image-preview:large, max-video-preview:-1\" \/>\n<link rel=\"canonical\" href=\"https:\/\/www.mecs.it\/es\/contactos\" \/>\n<meta property=\"og:locale\" content=\"es_ES\" \/>\n<meta property=\"og:type\" content=\"article\" \/>\n<meta property=\"og:title\" content=\"Contactos | MEC\" \/>\n<meta property=\"og:description\" content=\"\u00bfQuiere contactar con MEC? Rellene el formulario y nuestro equipo le responder\u00e1 lo antes posible.\" \/>\n<meta property=\"og:url\" content=\"https:\/\/www.mecs.it\/es\/contactos\" \/>\n<meta property=\"og:site_name\" content=\"MEC\" \/>\n<meta property=\"article:modified_time\" content=\"2026-02-06T09:09:43+00:00\" \/>\n<meta property=\"og:image\" content=\"https:\/\/www.mecs.it\/wp-content\/uploads\/2021\/09\/contatti.jpg\" \/>\n\t<meta property=\"og:image:width\" content=\"2560\" \/>\n\t<meta property=\"og:image:height\" content=\"667\" \/>\n\t<meta property=\"og:image:type\" content=\"image\/jpeg\" \/>\n<meta name=\"twitter:card\" content=\"summary_large_image\" \/>\n<meta name=\"twitter:label1\" content=\"Tiempo de lectura\" \/>\n\t<meta name=\"twitter:data1\" content=\"1 minuto\" \/>\n<script type=\"application\/ld+json\" class=\"yoast-schema-graph\">{\"@context\":\"https:\/\/schema.org\",\"@graph\":[{\"@type\":\"WebPage\",\"@id\":\"https:\/\/www.mecs.it\/es\/contactos\",\"url\":\"https:\/\/www.mecs.it\/es\/contactos\",\"name\":\"Contactos | MEC\",\"isPartOf\":{\"@id\":\"https:\/\/www.mecs.it\/es#website\"},\"primaryImageOfPage\":{\"@id\":\"https:\/\/www.mecs.it\/es\/contactos#primaryimage\"},\"image\":{\"@id\":\"https:\/\/www.mecs.it\/es\/contactos#primaryimage\"},\"thumbnailUrl\":\"https:\/\/www.mecs.it\/wp-content\/uploads\/2021\/09\/contatti.jpg\",\"datePublished\":\"2022-10-04T08:42:47+00:00\",\"dateModified\":\"2026-02-06T09:09:43+00:00\",\"description\":\"\u00bfQuiere contactar con MEC? Rellene el formulario y nuestro equipo le responder\u00e1 lo antes posible.\",\"breadcrumb\":{\"@id\":\"https:\/\/www.mecs.it\/es\/contactos#breadcrumb\"},\"inLanguage\":\"es\",\"potentialAction\":[{\"@type\":\"ReadAction\",\"target\":[\"https:\/\/www.mecs.it\/es\/contactos\"]}]},{\"@type\":\"ImageObject\",\"inLanguage\":\"es\",\"@id\":\"https:\/\/www.mecs.it\/es\/contactos#primaryimage\",\"url\":\"https:\/\/www.mecs.it\/wp-content\/uploads\/2021\/09\/contatti.jpg\",\"contentUrl\":\"https:\/\/www.mecs.it\/wp-content\/uploads\/2021\/09\/contatti.jpg\",\"width\":2560,\"height\":667,\"caption\":\"contatti\"},{\"@type\":\"BreadcrumbList\",\"@id\":\"https:\/\/www.mecs.it\/es\/contactos#breadcrumb\",\"itemListElement\":[{\"@type\":\"ListItem\",\"position\":1,\"name\":\"Home\",\"item\":\"https:\/\/www.mecs.it\/es\"},{\"@type\":\"ListItem\",\"position\":2,\"name\":\"Contactos\"}]},{\"@type\":\"WebSite\",\"@id\":\"https:\/\/www.mecs.it\/es#website\",\"url\":\"https:\/\/www.mecs.it\/es\",\"name\":\"MEC\",\"description\":\"Macchine per lavorazione pietra e spacco cemento\",\"publisher\":{\"@id\":\"https:\/\/www.mecs.it\/es#organization\"},\"potentialAction\":[{\"@type\":\"SearchAction\",\"target\":{\"@type\":\"EntryPoint\",\"urlTemplate\":\"https:\/\/www.mecs.it\/es?s={search_term_string}\"},\"query-input\":{\"@type\":\"PropertyValueSpecification\",\"valueRequired\":true,\"valueName\":\"search_term_string\"}}],\"inLanguage\":\"es\"},{\"@type\":\"Organization\",\"@id\":\"https:\/\/www.mecs.it\/es#organization\",\"name\":\"MEC\",\"url\":\"https:\/\/www.mecs.it\/es\",\"logo\":{\"@type\":\"ImageObject\",\"inLanguage\":\"es\",\"@id\":\"https:\/\/www.mecs.it\/es#\/schema\/logo\/image\/\",\"url\":\"https:\/\/www.mecs.it\/wp-content\/uploads\/2022\/05\/logo-MEC-blue.svg\",\"contentUrl\":\"https:\/\/www.mecs.it\/wp-content\/uploads\/2022\/05\/logo-MEC-blue.svg\",\"caption\":\"MEC\"},\"image\":{\"@id\":\"https:\/\/www.mecs.it\/es#\/schema\/logo\/image\/\"}}]}<\/script>\n<!-- \/ Yoast SEO plugin. -->","yoast_head_json":{"title":"Contactos | MEC","description":"\u00bfQuiere contactar con MEC? Rellene el formulario y nuestro equipo le responder\u00e1 lo antes posible.","robots":{"index":"index","follow":"follow","max-snippet":"max-snippet:-1","max-image-preview":"max-image-preview:large","max-video-preview":"max-video-preview:-1"},"canonical":"https:\/\/www.mecs.it\/es\/contactos","og_locale":"es_ES","og_type":"article","og_title":"Contactos | MEC","og_description":"\u00bfQuiere contactar con MEC? Rellene el formulario y nuestro equipo le responder\u00e1 lo antes posible.","og_url":"https:\/\/www.mecs.it\/es\/contactos","og_site_name":"MEC","article_modified_time":"2026-02-06T09:09:43+00:00","og_image":[{"width":2560,"height":667,"url":"https:\/\/www.mecs.it\/wp-content\/uploads\/2021\/09\/contatti.jpg","type":"image\/jpeg"}],"twitter_card":"summary_large_image","twitter_misc":{"Tiempo de lectura":"1 minuto"},"schema":{"@context":"https:\/\/schema.org","@graph":[{"@type":"WebPage","@id":"https:\/\/www.mecs.it\/es\/contactos","url":"https:\/\/www.mecs.it\/es\/contactos","name":"Contactos | MEC","isPartOf":{"@id":"https:\/\/www.mecs.it\/es#website"},"primaryImageOfPage":{"@id":"https:\/\/www.mecs.it\/es\/contactos#primaryimage"},"image":{"@id":"https:\/\/www.mecs.it\/es\/contactos#primaryimage"},"thumbnailUrl":"https:\/\/www.mecs.it\/wp-content\/uploads\/2021\/09\/contatti.jpg","datePublished":"2022-10-04T08:42:47+00:00","dateModified":"2026-02-06T09:09:43+00:00","description":"\u00bfQuiere contactar con MEC? Rellene el formulario y nuestro equipo le responder\u00e1 lo antes posible.","breadcrumb":{"@id":"https:\/\/www.mecs.it\/es\/contactos#breadcrumb"},"inLanguage":"es","potentialAction":[{"@type":"ReadAction","target":["https:\/\/www.mecs.it\/es\/contactos"]}]},{"@type":"ImageObject","inLanguage":"es","@id":"https:\/\/www.mecs.it\/es\/contactos#primaryimage","url":"https:\/\/www.mecs.it\/wp-content\/uploads\/2021\/09\/contatti.jpg","contentUrl":"https:\/\/www.mecs.it\/wp-content\/uploads\/2021\/09\/contatti.jpg","width":2560,"height":667,"caption":"contatti"},{"@type":"BreadcrumbList","@id":"https:\/\/www.mecs.it\/es\/contactos#breadcrumb","itemListElement":[{"@type":"ListItem","position":1,"name":"Home","item":"https:\/\/www.mecs.it\/es"},{"@type":"ListItem","position":2,"name":"Contactos"}]},{"@type":"WebSite","@id":"https:\/\/www.mecs.it\/es#website","url":"https:\/\/www.mecs.it\/es","name":"MEC","description":"Macchine per lavorazione pietra e spacco cemento","publisher":{"@id":"https:\/\/www.mecs.it\/es#organization"},"potentialAction":[{"@type":"SearchAction","target":{"@type":"EntryPoint","urlTemplate":"https:\/\/www.mecs.it\/es?s={search_term_string}"},"query-input":{"@type":"PropertyValueSpecification","valueRequired":true,"valueName":"search_term_string"}}],"inLanguage":"es"},{"@type":"Organization","@id":"https:\/\/www.mecs.it\/es#organization","name":"MEC","url":"https:\/\/www.mecs.it\/es","logo":{"@type":"ImageObject","inLanguage":"es","@id":"https:\/\/www.mecs.it\/es#\/schema\/logo\/image\/","url":"https:\/\/www.mecs.it\/wp-content\/uploads\/2022\/05\/logo-MEC-blue.svg","contentUrl":"https:\/\/www.mecs.it\/wp-content\/uploads\/2022\/05\/logo-MEC-blue.svg","caption":"MEC"},"image":{"@id":"https:\/\/www.mecs.it\/es#\/schema\/logo\/image\/"}}]}},"_links":{"self":[{"href":"https:\/\/www.mecs.it\/es\/wp-json\/wp\/v2\/pages\/63187","targetHints":{"allow":["GET"]}}],"collection":[{"href":"https:\/\/www.mecs.it\/es\/wp-json\/wp\/v2\/pages"}],"about":[{"href":"https:\/\/www.mecs.it\/es\/wp-json\/wp\/v2\/types\/page"}],"author":[{"embeddable":true,"href":"https:\/\/www.mecs.it\/es\/wp-json\/wp\/v2\/users\/1"}],"replies":[{"embeddable":true,"href":"https:\/\/www.mecs.it\/es\/wp-json\/wp\/v2\/comments?post=63187"}],"version-history":[{"count":16,"href":"https:\/\/www.mecs.it\/es\/wp-json\/wp\/v2\/pages\/63187\/revisions"}],"predecessor-version":[{"id":73065,"href":"https:\/\/www.mecs.it\/es\/wp-json\/wp\/v2\/pages\/63187\/revisions\/73065"}],"wp:featuredmedia":[{"embeddable":true,"href":"https:\/\/www.mecs.it\/es\/wp-json\/wp\/v2\/media\/13813"}],"wp:attachment":[{"href":"https:\/\/www.mecs.it\/es\/wp-json\/wp\/v2\/media?parent=63187"}],"curies":[{"name":"wp","href":"https:\/\/api.w.org\/{rel}","templated":true}]}}