{"id":37426,"date":"2021-11-09T11:42:16","date_gmt":"2021-11-09T10:42:16","guid":{"rendered":"https:\/\/www.mecs.it\/product\/half"},"modified":"2026-02-05T15:51:56","modified_gmt":"2026-02-05T14:51:56","slug":"half","status":"publish","type":"product","link":"https:\/\/www.mecs.it\/de\/half","title":{"rendered":"Half"},"content":{"rendered":"<p>Die HALF ist mit zwei horizontalen Messern versehen, die automatisch spalten. Gebaut f\u00fcr die Verwertung von S\u00e4geabf\u00e4llen, die sich in Form von Fliesen oder Platten pr\u00e4sentieren, wurde sie dann auch in personalisierten Versionen zur horizontalen Spaltung con l\u00e4ngeren Elementen, wie Leisten oder Riemen mit l\u00e4ngeren Messern und angepassten Bewegungssystemen entwickelt.Sie ist ideal zur Bearbeitung von geschichtetem Materia, wie Gneis, Serizzo oder auch Granit.<\/p>\n<p>Durch das \u00d6ffnen auf diese Weise werden zwei Platten erzielt, von denen jede eine rustikale Spaltseite f\u00fcr die Verkleidung mit Spaltseiten und eine ges\u00e4gte Seite, geeignet f\u00fcr die Verlegung hat.<\/p>\n","protected":false},"excerpt":{"rendered":"<p>Die HALF ist mit zwei horizontalen Messern versehen, die automatisch spalten. Gebaut f\u00fcr die Verwertung von S\u00e4geabf\u00e4llen, die sich in Form [&hellip;]<\/p>\n","protected":false},"featured_media":64674,"template":"","meta":{"_acf_changed":false,"inline_featured_image":false},"product_brand":[],"product_cat":[687,155,165],"product_tag":[],"class_list":{"0":"post-37426","1":"product","2":"type-product","3":"status-publish","4":"has-post-thumbnail","6":"product_cat-steinspaltung","7":"product_cat-automatisch","8":"product_cat-horizontale","9":"materiali-quartzit","10":"materiali-schiefer","11":"prodotti_finiti-riemchen","12":"prodotti_finiti-platten","14":"first","15":"instock","16":"shipping-taxable","17":"product-type-simple"},"acf":[],"yoast_head":"<!-- This site is optimized with the Yoast SEO plugin v26.9 - https:\/\/yoast.com\/product\/yoast-seo-wordpress\/ -->\n<title>Halbe Baureihe | Horizontale Maschinen | MEC SRL<\/title>\n<meta name=\"description\" content=\"Half-Serie MEC: horizontale Spaltmaschine f\u00fcr Platten mit gespaltener und ges\u00e4gter Seite. Entdecken Sie jetzt ihre Leistungsf\u00e4higkeit!\" \/>\n<meta name=\"robots\" content=\"index, follow, max-snippet:-1, max-image-preview:large, max-video-preview:-1\" \/>\n<link rel=\"canonical\" href=\"https:\/\/www.mecs.it\/de\/half\" \/>\n<meta property=\"og:locale\" content=\"de_DE\" \/>\n<meta property=\"og:type\" content=\"article\" \/>\n<meta property=\"og:title\" content=\"Halbe Baureihe | Horizontale Maschinen | MEC SRL\" \/>\n<meta property=\"og:description\" content=\"Half-Serie MEC: horizontale Spaltmaschine f\u00fcr Platten mit gespaltener und ges\u00e4gter Seite. Entdecken Sie jetzt ihre Leistungsf\u00e4higkeit!\" \/>\n<meta property=\"og:url\" content=\"https:\/\/www.mecs.it\/de\/half\" \/>\n<meta property=\"og:site_name\" content=\"MEC\" \/>\n<meta property=\"article:modified_time\" content=\"2026-02-05T14:51:56+00:00\" \/>\n<meta property=\"og:image\" content=\"https:\/\/www.mecs.it\/wp-content\/uploads\/2021\/11\/half-mec.webp\" \/>\n\t<meta property=\"og:image:width\" content=\"1280\" \/>\n\t<meta property=\"og:image:height\" content=\"960\" \/>\n\t<meta property=\"og:image:type\" content=\"image\/webp\" \/>\n<meta name=\"twitter:card\" content=\"summary_large_image\" \/>\n<meta name=\"twitter:label1\" content=\"Gesch\u00e4tzte Lesezeit\" \/>\n\t<meta name=\"twitter:data1\" content=\"1\u00a0Minute\" \/>\n<script type=\"application\/ld+json\" class=\"yoast-schema-graph\">{\"@context\":\"https:\/\/schema.org\",\"@graph\":[{\"@type\":\"WebPage\",\"@id\":\"https:\/\/www.mecs.it\/de\/half\",\"url\":\"https:\/\/www.mecs.it\/de\/half\",\"name\":\"Halbe Baureihe | Horizontale Maschinen | MEC SRL\",\"isPartOf\":{\"@id\":\"https:\/\/www.mecs.it\/de#website\"},\"primaryImageOfPage\":{\"@id\":\"https:\/\/www.mecs.it\/de\/half#primaryimage\"},\"image\":{\"@id\":\"https:\/\/www.mecs.it\/de\/half#primaryimage\"},\"thumbnailUrl\":\"https:\/\/www.mecs.it\/wp-content\/uploads\/2021\/11\/half-mec.webp\",\"datePublished\":\"2021-11-09T10:42:16+00:00\",\"dateModified\":\"2026-02-05T14:51:56+00:00\",\"description\":\"Half-Serie MEC: horizontale Spaltmaschine f\u00fcr Platten mit gespaltener und ges\u00e4gter Seite. Entdecken Sie jetzt ihre Leistungsf\u00e4higkeit!\",\"breadcrumb\":{\"@id\":\"https:\/\/www.mecs.it\/de\/half#breadcrumb\"},\"inLanguage\":\"de\",\"potentialAction\":[{\"@type\":\"ReadAction\",\"target\":[\"https:\/\/www.mecs.it\/de\/half\"]}]},{\"@type\":\"ImageObject\",\"inLanguage\":\"de\",\"@id\":\"https:\/\/www.mecs.it\/de\/half#primaryimage\",\"url\":\"https:\/\/www.mecs.it\/wp-content\/uploads\/2021\/11\/half-mec.webp\",\"contentUrl\":\"https:\/\/www.mecs.it\/wp-content\/uploads\/2021\/11\/half-mec.webp\",\"width\":1280,\"height\":960},{\"@type\":\"BreadcrumbList\",\"@id\":\"https:\/\/www.mecs.it\/de\/half#breadcrumb\",\"itemListElement\":[{\"@type\":\"ListItem\",\"position\":1,\"name\":\"Home\",\"item\":\"https:\/\/www.mecs.it\/de\"},{\"@type\":\"ListItem\",\"position\":2,\"name\":\"Produkte\",\"item\":\"https:\/\/www.mecs.it\/de\/shop\"},{\"@type\":\"ListItem\",\"position\":3,\"name\":\"Spaltmaschinen\",\"item\":\"https:\/\/www.mecs.it\/de\/spaltmaschinen\"},{\"@type\":\"ListItem\",\"position\":4,\"name\":\"Steinspaltung\",\"item\":\"https:\/\/www.mecs.it\/de\/steinspaltung\"},{\"@type\":\"ListItem\",\"position\":5,\"name\":\"Half\"}]},{\"@type\":\"WebSite\",\"@id\":\"https:\/\/www.mecs.it\/de#website\",\"url\":\"https:\/\/www.mecs.it\/de\",\"name\":\"MEC\",\"description\":\"Macchine per lavorazione pietra e spacco cemento\",\"publisher\":{\"@id\":\"https:\/\/www.mecs.it\/de#organization\"},\"potentialAction\":[{\"@type\":\"SearchAction\",\"target\":{\"@type\":\"EntryPoint\",\"urlTemplate\":\"https:\/\/www.mecs.it\/de?s={search_term_string}\"},\"query-input\":{\"@type\":\"PropertyValueSpecification\",\"valueRequired\":true,\"valueName\":\"search_term_string\"}}],\"inLanguage\":\"de\"},{\"@type\":\"Organization\",\"@id\":\"https:\/\/www.mecs.it\/de#organization\",\"name\":\"MEC\",\"url\":\"https:\/\/www.mecs.it\/de\",\"logo\":{\"@type\":\"ImageObject\",\"inLanguage\":\"de\",\"@id\":\"https:\/\/www.mecs.it\/de#\/schema\/logo\/image\/\",\"url\":\"https:\/\/www.mecs.it\/wp-content\/uploads\/2022\/05\/logo-MEC-blue.svg\",\"contentUrl\":\"https:\/\/www.mecs.it\/wp-content\/uploads\/2022\/05\/logo-MEC-blue.svg\",\"caption\":\"MEC\"},\"image\":{\"@id\":\"https:\/\/www.mecs.it\/de#\/schema\/logo\/image\/\"}}]}<\/script>\n<!-- \/ Yoast SEO plugin. -->","yoast_head_json":{"title":"Halbe Baureihe | Horizontale Maschinen | MEC SRL","description":"Half-Serie MEC: horizontale Spaltmaschine f\u00fcr Platten mit gespaltener und ges\u00e4gter Seite. Entdecken Sie jetzt ihre Leistungsf\u00e4higkeit!","robots":{"index":"index","follow":"follow","max-snippet":"max-snippet:-1","max-image-preview":"max-image-preview:large","max-video-preview":"max-video-preview:-1"},"canonical":"https:\/\/www.mecs.it\/de\/half","og_locale":"de_DE","og_type":"article","og_title":"Halbe Baureihe | Horizontale Maschinen | MEC SRL","og_description":"Half-Serie MEC: horizontale Spaltmaschine f\u00fcr Platten mit gespaltener und ges\u00e4gter Seite. Entdecken Sie jetzt ihre Leistungsf\u00e4higkeit!","og_url":"https:\/\/www.mecs.it\/de\/half","og_site_name":"MEC","article_modified_time":"2026-02-05T14:51:56+00:00","og_image":[{"width":1280,"height":960,"url":"https:\/\/www.mecs.it\/wp-content\/uploads\/2021\/11\/half-mec.webp","type":"image\/webp"}],"twitter_card":"summary_large_image","twitter_misc":{"Gesch\u00e4tzte Lesezeit":"1\u00a0Minute"},"schema":{"@context":"https:\/\/schema.org","@graph":[{"@type":"WebPage","@id":"https:\/\/www.mecs.it\/de\/half","url":"https:\/\/www.mecs.it\/de\/half","name":"Halbe Baureihe | Horizontale Maschinen | MEC SRL","isPartOf":{"@id":"https:\/\/www.mecs.it\/de#website"},"primaryImageOfPage":{"@id":"https:\/\/www.mecs.it\/de\/half#primaryimage"},"image":{"@id":"https:\/\/www.mecs.it\/de\/half#primaryimage"},"thumbnailUrl":"https:\/\/www.mecs.it\/wp-content\/uploads\/2021\/11\/half-mec.webp","datePublished":"2021-11-09T10:42:16+00:00","dateModified":"2026-02-05T14:51:56+00:00","description":"Half-Serie MEC: horizontale Spaltmaschine f\u00fcr Platten mit gespaltener und ges\u00e4gter Seite. Entdecken Sie jetzt ihre Leistungsf\u00e4higkeit!","breadcrumb":{"@id":"https:\/\/www.mecs.it\/de\/half#breadcrumb"},"inLanguage":"de","potentialAction":[{"@type":"ReadAction","target":["https:\/\/www.mecs.it\/de\/half"]}]},{"@type":"ImageObject","inLanguage":"de","@id":"https:\/\/www.mecs.it\/de\/half#primaryimage","url":"https:\/\/www.mecs.it\/wp-content\/uploads\/2021\/11\/half-mec.webp","contentUrl":"https:\/\/www.mecs.it\/wp-content\/uploads\/2021\/11\/half-mec.webp","width":1280,"height":960},{"@type":"BreadcrumbList","@id":"https:\/\/www.mecs.it\/de\/half#breadcrumb","itemListElement":[{"@type":"ListItem","position":1,"name":"Home","item":"https:\/\/www.mecs.it\/de"},{"@type":"ListItem","position":2,"name":"Produkte","item":"https:\/\/www.mecs.it\/de\/shop"},{"@type":"ListItem","position":3,"name":"Spaltmaschinen","item":"https:\/\/www.mecs.it\/de\/spaltmaschinen"},{"@type":"ListItem","position":4,"name":"Steinspaltung","item":"https:\/\/www.mecs.it\/de\/steinspaltung"},{"@type":"ListItem","position":5,"name":"Half"}]},{"@type":"WebSite","@id":"https:\/\/www.mecs.it\/de#website","url":"https:\/\/www.mecs.it\/de","name":"MEC","description":"Macchine per lavorazione pietra e spacco cemento","publisher":{"@id":"https:\/\/www.mecs.it\/de#organization"},"potentialAction":[{"@type":"SearchAction","target":{"@type":"EntryPoint","urlTemplate":"https:\/\/www.mecs.it\/de?s={search_term_string}"},"query-input":{"@type":"PropertyValueSpecification","valueRequired":true,"valueName":"search_term_string"}}],"inLanguage":"de"},{"@type":"Organization","@id":"https:\/\/www.mecs.it\/de#organization","name":"MEC","url":"https:\/\/www.mecs.it\/de","logo":{"@type":"ImageObject","inLanguage":"de","@id":"https:\/\/www.mecs.it\/de#\/schema\/logo\/image\/","url":"https:\/\/www.mecs.it\/wp-content\/uploads\/2022\/05\/logo-MEC-blue.svg","contentUrl":"https:\/\/www.mecs.it\/wp-content\/uploads\/2022\/05\/logo-MEC-blue.svg","caption":"MEC"},"image":{"@id":"https:\/\/www.mecs.it\/de#\/schema\/logo\/image\/"}}]}},"_links":{"self":[{"href":"https:\/\/www.mecs.it\/de\/wp-json\/wp\/v2\/product\/37426","targetHints":{"allow":["GET"]}}],"collection":[{"href":"https:\/\/www.mecs.it\/de\/wp-json\/wp\/v2\/product"}],"about":[{"href":"https:\/\/www.mecs.it\/de\/wp-json\/wp\/v2\/types\/product"}],"wp:featuredmedia":[{"embeddable":true,"href":"https:\/\/www.mecs.it\/de\/wp-json\/wp\/v2\/media\/64674"}],"wp:attachment":[{"href":"https:\/\/www.mecs.it\/de\/wp-json\/wp\/v2\/media?parent=37426"}],"wp:term":[{"taxonomy":"product_brand","embeddable":true,"href":"https:\/\/www.mecs.it\/de\/wp-json\/wp\/v2\/product_brand?post=37426"},{"taxonomy":"product_cat","embeddable":true,"href":"https:\/\/www.mecs.it\/de\/wp-json\/wp\/v2\/product_cat?post=37426"},{"taxonomy":"product_tag","embeddable":true,"href":"https:\/\/www.mecs.it\/de\/wp-json\/wp\/v2\/product_tag?post=37426"}],"curies":[{"name":"wp","href":"https:\/\/api.w.org\/{rel}","templated":true}]}}