{"id":37397,"date":"2021-11-09T12:01:10","date_gmt":"2021-11-09T11:01:10","guid":{"rendered":"https:\/\/www.mecs.it\/product\/segatrice-fast-3"},"modified":"2024-11-20T11:13:04","modified_gmt":"2024-11-20T10:13:04","slug":"sage-fast-3","status":"publish","type":"product","link":"https:\/\/www.mecs.it\/de\/sage-fast-3","title":{"rendered":"S\u00e4ge Fast 3"},"content":{"rendered":"<p>Die Fast 3 ist eine leistungsf\u00e4hige Maschine mit den selben Leistungen und Eigenschaften der Fast 2. Sie besitzt drei Diamantscheiben in Linie gesetzt, mit der M\u00f6glichkeit, Scheiben mit unterschiedlichen Durchmesser auf der selben Welle einzusetzen; sie ist ideal f\u00fcr kontinuierliche Produktionsanspr\u00fcche und f\u00fcr das Erhalten von Multiprodukten oder das Bearbeiten von verschiedenen Materialien. Die Fast 3 bietet eine um 30% h\u00f6here Produktivit\u00e4t im Vergleich zu einer Maschine mit 2 S\u00e4gebl\u00e4ttern.<\/p>\n<p>Die vorhandene Druckstange gibt dem Bediener die M\u00f6glichkeit, Steine mit unterschiedlichen Dicken bis zu einem Unterschied von 12 cm, einen nach dem Anderen, aufzuladen, ohne eine Vorauswahl nach Materialdicke durchf\u00fchren zu m\u00fcssen.<\/p>\n<p>Neben einer Zeitersparnis werden somit auch die Beladungsoperationen der Maschine erleichtert.<\/p>\n<p style=\"font-weight: 400;\"><strong>Einer der Vorteile der Fast besteht darin, \u00fcber ein einzelnes Plattenband zu verf\u00fcgen<\/strong>; sowohl f\u00fcr den R\u00fccken als auch f\u00fcr den Vorschub der Steine. Auf diese Weise ist keine Synchronisierung zweier B\u00e4nder erforderlich. An den Platten des Bands sind\u00a0<strong>leicht auswechselbare Gummieinlagen<\/strong>\u00a0angebracht. Dank der L\u00f6sung mit den Platten ist es auch m\u00f6glich, schwere Materialien zu laden und gleichzeitig stets hohe Geschwindigkeiten zu erreichen.<\/p>\n<p style=\"font-weight: 400;\">Dar\u00fcber hinaus sind die\u00a0<strong>K\u00f6pfe der S\u00e4gebl\u00e4tter<\/strong>\u00a0<strong>motorisiert,\u00a0<\/strong>\u00a0um die H\u00f6henverstellung zu vereinfachen und sie sind mit Encodern ausgestattet. Die\u00a0<strong>Messung wird direkt auf dem Touchscreen<\/strong>\u00a0der Maschine angezeigt.<\/p>\n<p style=\"font-weight: 400;\">Jedes Modell ist mit einem\u00a0<strong>Verwaltungssystem<\/strong>\u00a0integriert, das es erlaubt, bis zu 40 Rezepte einzugeben, um die Hauptparameter je nach den zu schneidenden Materialien zu speichern. Dieses System registriert die Arbeitsdaten, die einfachst auf einen\u00a0<strong>USB-Stick heruntergeladen werden k\u00f6nnen<\/strong>.<\/p>\n","protected":false},"excerpt":{"rendered":"<p>Die Fast 3 ist eine leistungsf\u00e4hige Maschine mit den selben Leistungen und Eigenschaften der Fast 2. Sie besitzt drei Diamantscheiben in [&hellip;]<\/p>\n","protected":false},"featured_media":38272,"template":"","meta":{"_acf_changed":false,"inline_featured_image":false},"product_brand":[],"product_cat":[130],"product_tag":[],"class_list":{"0":"post-37397","1":"product","2":"type-product","3":"status-publish","4":"has-post-thumbnail","6":"product_cat-schneiden-von-stein-und-beton","7":"materiali-andesit","8":"materiali-betonstein","9":"materiali-blau-stein","10":"materiali-gneiss-serizzo-beola","11":"materiali-granit","12":"materiali-kalkstein","13":"materiali-marmor","14":"materiali-porphyr","15":"materiali-quartzit","16":"materiali-sandstein","17":"materiali-schiefer","18":"materiali-travertin","19":"prodotti_finiti-riemchen","20":"prodotti_finiti-platten","22":"first","23":"instock","24":"shipping-taxable","25":"product-type-simple"},"acf":[],"yoast_head":"<!-- This site is optimized with the Yoast SEO plugin v26.9 - https:\/\/yoast.com\/product\/yoast-seo-wordpress\/ -->\n<title>S\u00e4gemaschine Fast 3 | Steinschneidemaschinen | MEC SRL<\/title>\n<meta name=\"description\" content=\"Fast-3-MEC-S\u00e4gemaschine: Stein- und Betontrennmaschine, die eine um 30 % h\u00f6here Produktivit\u00e4t als die Zweischeibens\u00e4gemaschine bietet. Erfahren Sie mehr!\" \/>\n<meta name=\"robots\" content=\"index, follow, max-snippet:-1, max-image-preview:large, max-video-preview:-1\" \/>\n<link rel=\"canonical\" href=\"https:\/\/www.mecs.it\/de\/sage-fast-3\" \/>\n<meta property=\"og:locale\" content=\"de_DE\" \/>\n<meta property=\"og:type\" content=\"article\" \/>\n<meta property=\"og:title\" content=\"S\u00e4gemaschine Fast 3 | Steinschneidemaschinen | MEC SRL\" \/>\n<meta property=\"og:description\" content=\"Fast-3-MEC-S\u00e4gemaschine: Stein- und Betontrennmaschine, die eine um 30 % h\u00f6here Produktivit\u00e4t als die Zweischeibens\u00e4gemaschine bietet. Erfahren Sie mehr!\" \/>\n<meta property=\"og:url\" content=\"https:\/\/www.mecs.it\/de\/sage-fast-3\" \/>\n<meta property=\"og:site_name\" content=\"MEC\" \/>\n<meta property=\"article:modified_time\" content=\"2024-11-20T10:13:04+00:00\" \/>\n<meta property=\"og:image\" content=\"https:\/\/www.mecs.it\/wp-content\/uploads\/2021\/11\/cover-image-fast-3.png\" \/>\n\t<meta property=\"og:image:width\" content=\"1920\" \/>\n\t<meta property=\"og:image:height\" content=\"500\" \/>\n\t<meta property=\"og:image:type\" content=\"image\/png\" \/>\n<meta name=\"twitter:card\" content=\"summary_large_image\" \/>\n<meta name=\"twitter:label1\" content=\"Gesch\u00e4tzte Lesezeit\" \/>\n\t<meta name=\"twitter:data1\" content=\"1\u00a0Minute\" \/>\n<script type=\"application\/ld+json\" class=\"yoast-schema-graph\">{\"@context\":\"https:\/\/schema.org\",\"@graph\":[{\"@type\":\"WebPage\",\"@id\":\"https:\/\/www.mecs.it\/de\/sage-fast-3\",\"url\":\"https:\/\/www.mecs.it\/de\/sage-fast-3\",\"name\":\"S\u00e4gemaschine Fast 3 | Steinschneidemaschinen | MEC SRL\",\"isPartOf\":{\"@id\":\"https:\/\/www.mecs.it\/de#website\"},\"primaryImageOfPage\":{\"@id\":\"https:\/\/www.mecs.it\/de\/sage-fast-3#primaryimage\"},\"image\":{\"@id\":\"https:\/\/www.mecs.it\/de\/sage-fast-3#primaryimage\"},\"thumbnailUrl\":\"https:\/\/www.mecs.it\/wp-content\/uploads\/2021\/11\/cover-image-fast-3.png\",\"datePublished\":\"2021-11-09T11:01:10+00:00\",\"dateModified\":\"2024-11-20T10:13:04+00:00\",\"description\":\"Fast-3-MEC-S\u00e4gemaschine: Stein- und Betontrennmaschine, die eine um 30 % h\u00f6here Produktivit\u00e4t als die Zweischeibens\u00e4gemaschine bietet. Erfahren Sie mehr!\",\"breadcrumb\":{\"@id\":\"https:\/\/www.mecs.it\/de\/sage-fast-3#breadcrumb\"},\"inLanguage\":\"de\",\"potentialAction\":[{\"@type\":\"ReadAction\",\"target\":[\"https:\/\/www.mecs.it\/de\/sage-fast-3\"]}]},{\"@type\":\"ImageObject\",\"inLanguage\":\"de\",\"@id\":\"https:\/\/www.mecs.it\/de\/sage-fast-3#primaryimage\",\"url\":\"https:\/\/www.mecs.it\/wp-content\/uploads\/2021\/11\/cover-image-fast-3.png\",\"contentUrl\":\"https:\/\/www.mecs.it\/wp-content\/uploads\/2021\/11\/cover-image-fast-3.png\",\"width\":1920,\"height\":500,\"caption\":\"cover image fast 3\"},{\"@type\":\"BreadcrumbList\",\"@id\":\"https:\/\/www.mecs.it\/de\/sage-fast-3#breadcrumb\",\"itemListElement\":[{\"@type\":\"ListItem\",\"position\":1,\"name\":\"Home\",\"item\":\"https:\/\/www.mecs.it\/de\"},{\"@type\":\"ListItem\",\"position\":2,\"name\":\"Produkte\",\"item\":\"https:\/\/www.mecs.it\/de\/shop\"},{\"@type\":\"ListItem\",\"position\":3,\"name\":\"Schneiden von Stein und Beton\",\"item\":\"https:\/\/www.mecs.it\/de\/schneiden-von-stein-und-beton\"},{\"@type\":\"ListItem\",\"position\":4,\"name\":\"S\u00e4ge Fast 3\"}]},{\"@type\":\"WebSite\",\"@id\":\"https:\/\/www.mecs.it\/de#website\",\"url\":\"https:\/\/www.mecs.it\/de\",\"name\":\"MEC\",\"description\":\"Macchine per lavorazione pietra e spacco cemento\",\"publisher\":{\"@id\":\"https:\/\/www.mecs.it\/de#organization\"},\"potentialAction\":[{\"@type\":\"SearchAction\",\"target\":{\"@type\":\"EntryPoint\",\"urlTemplate\":\"https:\/\/www.mecs.it\/de?s={search_term_string}\"},\"query-input\":{\"@type\":\"PropertyValueSpecification\",\"valueRequired\":true,\"valueName\":\"search_term_string\"}}],\"inLanguage\":\"de\"},{\"@type\":\"Organization\",\"@id\":\"https:\/\/www.mecs.it\/de#organization\",\"name\":\"MEC\",\"url\":\"https:\/\/www.mecs.it\/de\",\"logo\":{\"@type\":\"ImageObject\",\"inLanguage\":\"de\",\"@id\":\"https:\/\/www.mecs.it\/de#\/schema\/logo\/image\/\",\"url\":\"https:\/\/www.mecs.it\/wp-content\/uploads\/2022\/05\/logo-MEC-blue.svg\",\"contentUrl\":\"https:\/\/www.mecs.it\/wp-content\/uploads\/2022\/05\/logo-MEC-blue.svg\",\"caption\":\"MEC\"},\"image\":{\"@id\":\"https:\/\/www.mecs.it\/de#\/schema\/logo\/image\/\"}}]}<\/script>\n<!-- \/ Yoast SEO plugin. -->","yoast_head_json":{"title":"S\u00e4gemaschine Fast 3 | Steinschneidemaschinen | MEC SRL","description":"Fast-3-MEC-S\u00e4gemaschine: Stein- und Betontrennmaschine, die eine um 30 % h\u00f6here Produktivit\u00e4t als die Zweischeibens\u00e4gemaschine bietet. Erfahren Sie mehr!","robots":{"index":"index","follow":"follow","max-snippet":"max-snippet:-1","max-image-preview":"max-image-preview:large","max-video-preview":"max-video-preview:-1"},"canonical":"https:\/\/www.mecs.it\/de\/sage-fast-3","og_locale":"de_DE","og_type":"article","og_title":"S\u00e4gemaschine Fast 3 | Steinschneidemaschinen | MEC SRL","og_description":"Fast-3-MEC-S\u00e4gemaschine: Stein- und Betontrennmaschine, die eine um 30 % h\u00f6here Produktivit\u00e4t als die Zweischeibens\u00e4gemaschine bietet. Erfahren Sie mehr!","og_url":"https:\/\/www.mecs.it\/de\/sage-fast-3","og_site_name":"MEC","article_modified_time":"2024-11-20T10:13:04+00:00","og_image":[{"width":1920,"height":500,"url":"https:\/\/www.mecs.it\/wp-content\/uploads\/2021\/11\/cover-image-fast-3.png","type":"image\/png"}],"twitter_card":"summary_large_image","twitter_misc":{"Gesch\u00e4tzte Lesezeit":"1\u00a0Minute"},"schema":{"@context":"https:\/\/schema.org","@graph":[{"@type":"WebPage","@id":"https:\/\/www.mecs.it\/de\/sage-fast-3","url":"https:\/\/www.mecs.it\/de\/sage-fast-3","name":"S\u00e4gemaschine Fast 3 | Steinschneidemaschinen | MEC SRL","isPartOf":{"@id":"https:\/\/www.mecs.it\/de#website"},"primaryImageOfPage":{"@id":"https:\/\/www.mecs.it\/de\/sage-fast-3#primaryimage"},"image":{"@id":"https:\/\/www.mecs.it\/de\/sage-fast-3#primaryimage"},"thumbnailUrl":"https:\/\/www.mecs.it\/wp-content\/uploads\/2021\/11\/cover-image-fast-3.png","datePublished":"2021-11-09T11:01:10+00:00","dateModified":"2024-11-20T10:13:04+00:00","description":"Fast-3-MEC-S\u00e4gemaschine: Stein- und Betontrennmaschine, die eine um 30 % h\u00f6here Produktivit\u00e4t als die Zweischeibens\u00e4gemaschine bietet. Erfahren Sie mehr!","breadcrumb":{"@id":"https:\/\/www.mecs.it\/de\/sage-fast-3#breadcrumb"},"inLanguage":"de","potentialAction":[{"@type":"ReadAction","target":["https:\/\/www.mecs.it\/de\/sage-fast-3"]}]},{"@type":"ImageObject","inLanguage":"de","@id":"https:\/\/www.mecs.it\/de\/sage-fast-3#primaryimage","url":"https:\/\/www.mecs.it\/wp-content\/uploads\/2021\/11\/cover-image-fast-3.png","contentUrl":"https:\/\/www.mecs.it\/wp-content\/uploads\/2021\/11\/cover-image-fast-3.png","width":1920,"height":500,"caption":"cover image fast 3"},{"@type":"BreadcrumbList","@id":"https:\/\/www.mecs.it\/de\/sage-fast-3#breadcrumb","itemListElement":[{"@type":"ListItem","position":1,"name":"Home","item":"https:\/\/www.mecs.it\/de"},{"@type":"ListItem","position":2,"name":"Produkte","item":"https:\/\/www.mecs.it\/de\/shop"},{"@type":"ListItem","position":3,"name":"Schneiden von Stein und Beton","item":"https:\/\/www.mecs.it\/de\/schneiden-von-stein-und-beton"},{"@type":"ListItem","position":4,"name":"S\u00e4ge Fast 3"}]},{"@type":"WebSite","@id":"https:\/\/www.mecs.it\/de#website","url":"https:\/\/www.mecs.it\/de","name":"MEC","description":"Macchine per lavorazione pietra e spacco cemento","publisher":{"@id":"https:\/\/www.mecs.it\/de#organization"},"potentialAction":[{"@type":"SearchAction","target":{"@type":"EntryPoint","urlTemplate":"https:\/\/www.mecs.it\/de?s={search_term_string}"},"query-input":{"@type":"PropertyValueSpecification","valueRequired":true,"valueName":"search_term_string"}}],"inLanguage":"de"},{"@type":"Organization","@id":"https:\/\/www.mecs.it\/de#organization","name":"MEC","url":"https:\/\/www.mecs.it\/de","logo":{"@type":"ImageObject","inLanguage":"de","@id":"https:\/\/www.mecs.it\/de#\/schema\/logo\/image\/","url":"https:\/\/www.mecs.it\/wp-content\/uploads\/2022\/05\/logo-MEC-blue.svg","contentUrl":"https:\/\/www.mecs.it\/wp-content\/uploads\/2022\/05\/logo-MEC-blue.svg","caption":"MEC"},"image":{"@id":"https:\/\/www.mecs.it\/de#\/schema\/logo\/image\/"}}]}},"_links":{"self":[{"href":"https:\/\/www.mecs.it\/de\/wp-json\/wp\/v2\/product\/37397","targetHints":{"allow":["GET"]}}],"collection":[{"href":"https:\/\/www.mecs.it\/de\/wp-json\/wp\/v2\/product"}],"about":[{"href":"https:\/\/www.mecs.it\/de\/wp-json\/wp\/v2\/types\/product"}],"wp:featuredmedia":[{"embeddable":true,"href":"https:\/\/www.mecs.it\/de\/wp-json\/wp\/v2\/media\/38272"}],"wp:attachment":[{"href":"https:\/\/www.mecs.it\/de\/wp-json\/wp\/v2\/media?parent=37397"}],"wp:term":[{"taxonomy":"product_brand","embeddable":true,"href":"https:\/\/www.mecs.it\/de\/wp-json\/wp\/v2\/product_brand?post=37397"},{"taxonomy":"product_cat","embeddable":true,"href":"https:\/\/www.mecs.it\/de\/wp-json\/wp\/v2\/product_cat?post=37397"},{"taxonomy":"product_tag","embeddable":true,"href":"https:\/\/www.mecs.it\/de\/wp-json\/wp\/v2\/product_tag?post=37397"}],"curies":[{"name":"wp","href":"https:\/\/api.w.org\/{rel}","templated":true}]}}