{"id":37373,"date":"2021-11-09T12:10:40","date_gmt":"2021-11-09T11:10:40","guid":{"rendered":"https:\/\/www.mecs.it\/product\/special"},"modified":"2024-11-20T10:52:23","modified_gmt":"2024-11-20T09:52:23","slug":"spezielle","status":"publish","type":"product","link":"https:\/\/www.mecs.it\/de\/spezielle","title":{"rendered":"Spezielle"},"content":{"rendered":"<p>Mec gibt auch kleinen Maschinen Wichtigkeit und bietet spezielle und spezifische Maschinen an. Dies ist der Fall bei der HALF, einer kleinen automatischen Maschine, die Betonformen im horizontalen Sinn in der H\u00e4lfte spaltet: Aus einem auf allen Seiten regelm\u00e4\u00dfigen Betonblock werden zwei mit einer rustikalen Oberfl\u00e4che erzielt. Dank besonderen Ma\u00dfnahmen beim Messer kann der Betonstein auch mit h\u00e4ndischen Maschinen bearbeitet werden, um Bed\u00fcrfnisse der Abfallverwertung zu erf\u00fcllen.<\/p>\n","protected":false},"excerpt":{"rendered":"<p>Mec gibt auch kleinen Maschinen Wichtigkeit und bietet spezielle und spezifische Maschinen an. Dies ist der Fall bei der HALF, einer [&hellip;]<\/p>\n","protected":false},"featured_media":37374,"template":"","meta":{"_acf_changed":false,"inline_featured_image":false},"product_brand":[],"product_cat":[134],"product_tag":[],"class_list":{"0":"post-37373","1":"product","2":"type-product","3":"status-publish","4":"has-post-thumbnail","6":"product_cat-betonspaltung","7":"materiali-betonstein","9":"first","10":"instock","11":"shipping-taxable","12":"product-type-simple"},"acf":[],"yoast_head":"<!-- This site is optimized with the Yoast SEO plugin v26.9 - https:\/\/yoast.com\/product\/yoast-seo-wordpress\/ -->\n<title>Spezialserie | Zementspaltmaschinen | MEC SRL<\/title>\n<meta name=\"description\" content=\"Spezialserie: Kleine Zementspaltmaschinen, geeignet f\u00fcr spezifische Prozesse wie Abfallverwertung und horizontales Spalten. Jetzt mehr erfahren!\" \/>\n<meta name=\"robots\" content=\"index, follow, max-snippet:-1, max-image-preview:large, max-video-preview:-1\" \/>\n<link rel=\"canonical\" href=\"https:\/\/www.mecs.it\/de\/spezielle\" \/>\n<meta property=\"og:locale\" content=\"de_DE\" \/>\n<meta property=\"og:type\" content=\"article\" \/>\n<meta property=\"og:title\" content=\"Spezialserie | Zementspaltmaschinen | MEC SRL\" \/>\n<meta property=\"og:description\" content=\"Spezialserie: Kleine Zementspaltmaschinen, geeignet f\u00fcr spezifische Prozesse wie Abfallverwertung und horizontales Spalten. Jetzt mehr erfahren!\" \/>\n<meta property=\"og:url\" content=\"https:\/\/www.mecs.it\/de\/spezielle\" \/>\n<meta property=\"og:site_name\" content=\"MEC\" \/>\n<meta property=\"article:modified_time\" content=\"2024-11-20T09:52:23+00:00\" \/>\n<meta property=\"og:image\" content=\"https:\/\/www.mecs.it\/wp-content\/uploads\/2021\/09\/cover-image-special-5.png\" \/>\n\t<meta property=\"og:image:width\" content=\"1920\" \/>\n\t<meta property=\"og:image:height\" content=\"500\" \/>\n\t<meta property=\"og:image:type\" content=\"image\/png\" \/>\n<meta name=\"twitter:card\" content=\"summary_large_image\" \/>\n<meta name=\"twitter:label1\" content=\"Gesch\u00e4tzte Lesezeit\" \/>\n\t<meta name=\"twitter:data1\" content=\"1\u00a0Minute\" \/>\n<script type=\"application\/ld+json\" class=\"yoast-schema-graph\">{\"@context\":\"https:\/\/schema.org\",\"@graph\":[{\"@type\":\"WebPage\",\"@id\":\"https:\/\/www.mecs.it\/de\/spezielle\",\"url\":\"https:\/\/www.mecs.it\/de\/spezielle\",\"name\":\"Spezialserie | Zementspaltmaschinen | MEC SRL\",\"isPartOf\":{\"@id\":\"https:\/\/www.mecs.it\/de#website\"},\"primaryImageOfPage\":{\"@id\":\"https:\/\/www.mecs.it\/de\/spezielle#primaryimage\"},\"image\":{\"@id\":\"https:\/\/www.mecs.it\/de\/spezielle#primaryimage\"},\"thumbnailUrl\":\"https:\/\/www.mecs.it\/wp-content\/uploads\/2021\/09\/cover-image-special-5.png\",\"datePublished\":\"2021-11-09T11:10:40+00:00\",\"dateModified\":\"2024-11-20T09:52:23+00:00\",\"description\":\"Spezialserie: Kleine Zementspaltmaschinen, geeignet f\u00fcr spezifische Prozesse wie Abfallverwertung und horizontales Spalten. Jetzt mehr erfahren!\",\"breadcrumb\":{\"@id\":\"https:\/\/www.mecs.it\/de\/spezielle#breadcrumb\"},\"inLanguage\":\"de\",\"potentialAction\":[{\"@type\":\"ReadAction\",\"target\":[\"https:\/\/www.mecs.it\/de\/spezielle\"]}]},{\"@type\":\"ImageObject\",\"inLanguage\":\"de\",\"@id\":\"https:\/\/www.mecs.it\/de\/spezielle#primaryimage\",\"url\":\"https:\/\/www.mecs.it\/wp-content\/uploads\/2021\/09\/cover-image-special-5.png\",\"contentUrl\":\"https:\/\/www.mecs.it\/wp-content\/uploads\/2021\/09\/cover-image-special-5.png\",\"width\":1920,\"height\":500,\"caption\":\"cover image special 5\"},{\"@type\":\"BreadcrumbList\",\"@id\":\"https:\/\/www.mecs.it\/de\/spezielle#breadcrumb\",\"itemListElement\":[{\"@type\":\"ListItem\",\"position\":1,\"name\":\"Home\",\"item\":\"https:\/\/www.mecs.it\/de\"},{\"@type\":\"ListItem\",\"position\":2,\"name\":\"Produkte\",\"item\":\"https:\/\/www.mecs.it\/de\/shop\"},{\"@type\":\"ListItem\",\"position\":3,\"name\":\"Spaltmaschinen\",\"item\":\"https:\/\/www.mecs.it\/de\/spaltmaschinen\"},{\"@type\":\"ListItem\",\"position\":4,\"name\":\"Betonspaltung\",\"item\":\"https:\/\/www.mecs.it\/de\/betonspaltung\"},{\"@type\":\"ListItem\",\"position\":5,\"name\":\"Spezielle\"}]},{\"@type\":\"WebSite\",\"@id\":\"https:\/\/www.mecs.it\/de#website\",\"url\":\"https:\/\/www.mecs.it\/de\",\"name\":\"MEC\",\"description\":\"Macchine per lavorazione pietra e spacco cemento\",\"publisher\":{\"@id\":\"https:\/\/www.mecs.it\/de#organization\"},\"potentialAction\":[{\"@type\":\"SearchAction\",\"target\":{\"@type\":\"EntryPoint\",\"urlTemplate\":\"https:\/\/www.mecs.it\/de?s={search_term_string}\"},\"query-input\":{\"@type\":\"PropertyValueSpecification\",\"valueRequired\":true,\"valueName\":\"search_term_string\"}}],\"inLanguage\":\"de\"},{\"@type\":\"Organization\",\"@id\":\"https:\/\/www.mecs.it\/de#organization\",\"name\":\"MEC\",\"url\":\"https:\/\/www.mecs.it\/de\",\"logo\":{\"@type\":\"ImageObject\",\"inLanguage\":\"de\",\"@id\":\"https:\/\/www.mecs.it\/de#\/schema\/logo\/image\/\",\"url\":\"https:\/\/www.mecs.it\/wp-content\/uploads\/2022\/05\/logo-MEC-blue.svg\",\"contentUrl\":\"https:\/\/www.mecs.it\/wp-content\/uploads\/2022\/05\/logo-MEC-blue.svg\",\"caption\":\"MEC\"},\"image\":{\"@id\":\"https:\/\/www.mecs.it\/de#\/schema\/logo\/image\/\"}}]}<\/script>\n<!-- \/ Yoast SEO plugin. -->","yoast_head_json":{"title":"Spezialserie | Zementspaltmaschinen | MEC SRL","description":"Spezialserie: Kleine Zementspaltmaschinen, geeignet f\u00fcr spezifische Prozesse wie Abfallverwertung und horizontales Spalten. Jetzt mehr erfahren!","robots":{"index":"index","follow":"follow","max-snippet":"max-snippet:-1","max-image-preview":"max-image-preview:large","max-video-preview":"max-video-preview:-1"},"canonical":"https:\/\/www.mecs.it\/de\/spezielle","og_locale":"de_DE","og_type":"article","og_title":"Spezialserie | Zementspaltmaschinen | MEC SRL","og_description":"Spezialserie: Kleine Zementspaltmaschinen, geeignet f\u00fcr spezifische Prozesse wie Abfallverwertung und horizontales Spalten. Jetzt mehr erfahren!","og_url":"https:\/\/www.mecs.it\/de\/spezielle","og_site_name":"MEC","article_modified_time":"2024-11-20T09:52:23+00:00","og_image":[{"width":1920,"height":500,"url":"https:\/\/www.mecs.it\/wp-content\/uploads\/2021\/09\/cover-image-special-5.png","type":"image\/png"}],"twitter_card":"summary_large_image","twitter_misc":{"Gesch\u00e4tzte Lesezeit":"1\u00a0Minute"},"schema":{"@context":"https:\/\/schema.org","@graph":[{"@type":"WebPage","@id":"https:\/\/www.mecs.it\/de\/spezielle","url":"https:\/\/www.mecs.it\/de\/spezielle","name":"Spezialserie | Zementspaltmaschinen | MEC SRL","isPartOf":{"@id":"https:\/\/www.mecs.it\/de#website"},"primaryImageOfPage":{"@id":"https:\/\/www.mecs.it\/de\/spezielle#primaryimage"},"image":{"@id":"https:\/\/www.mecs.it\/de\/spezielle#primaryimage"},"thumbnailUrl":"https:\/\/www.mecs.it\/wp-content\/uploads\/2021\/09\/cover-image-special-5.png","datePublished":"2021-11-09T11:10:40+00:00","dateModified":"2024-11-20T09:52:23+00:00","description":"Spezialserie: Kleine Zementspaltmaschinen, geeignet f\u00fcr spezifische Prozesse wie Abfallverwertung und horizontales Spalten. Jetzt mehr erfahren!","breadcrumb":{"@id":"https:\/\/www.mecs.it\/de\/spezielle#breadcrumb"},"inLanguage":"de","potentialAction":[{"@type":"ReadAction","target":["https:\/\/www.mecs.it\/de\/spezielle"]}]},{"@type":"ImageObject","inLanguage":"de","@id":"https:\/\/www.mecs.it\/de\/spezielle#primaryimage","url":"https:\/\/www.mecs.it\/wp-content\/uploads\/2021\/09\/cover-image-special-5.png","contentUrl":"https:\/\/www.mecs.it\/wp-content\/uploads\/2021\/09\/cover-image-special-5.png","width":1920,"height":500,"caption":"cover image special 5"},{"@type":"BreadcrumbList","@id":"https:\/\/www.mecs.it\/de\/spezielle#breadcrumb","itemListElement":[{"@type":"ListItem","position":1,"name":"Home","item":"https:\/\/www.mecs.it\/de"},{"@type":"ListItem","position":2,"name":"Produkte","item":"https:\/\/www.mecs.it\/de\/shop"},{"@type":"ListItem","position":3,"name":"Spaltmaschinen","item":"https:\/\/www.mecs.it\/de\/spaltmaschinen"},{"@type":"ListItem","position":4,"name":"Betonspaltung","item":"https:\/\/www.mecs.it\/de\/betonspaltung"},{"@type":"ListItem","position":5,"name":"Spezielle"}]},{"@type":"WebSite","@id":"https:\/\/www.mecs.it\/de#website","url":"https:\/\/www.mecs.it\/de","name":"MEC","description":"Macchine per lavorazione pietra e spacco cemento","publisher":{"@id":"https:\/\/www.mecs.it\/de#organization"},"potentialAction":[{"@type":"SearchAction","target":{"@type":"EntryPoint","urlTemplate":"https:\/\/www.mecs.it\/de?s={search_term_string}"},"query-input":{"@type":"PropertyValueSpecification","valueRequired":true,"valueName":"search_term_string"}}],"inLanguage":"de"},{"@type":"Organization","@id":"https:\/\/www.mecs.it\/de#organization","name":"MEC","url":"https:\/\/www.mecs.it\/de","logo":{"@type":"ImageObject","inLanguage":"de","@id":"https:\/\/www.mecs.it\/de#\/schema\/logo\/image\/","url":"https:\/\/www.mecs.it\/wp-content\/uploads\/2022\/05\/logo-MEC-blue.svg","contentUrl":"https:\/\/www.mecs.it\/wp-content\/uploads\/2022\/05\/logo-MEC-blue.svg","caption":"MEC"},"image":{"@id":"https:\/\/www.mecs.it\/de#\/schema\/logo\/image\/"}}]}},"_links":{"self":[{"href":"https:\/\/www.mecs.it\/de\/wp-json\/wp\/v2\/product\/37373","targetHints":{"allow":["GET"]}}],"collection":[{"href":"https:\/\/www.mecs.it\/de\/wp-json\/wp\/v2\/product"}],"about":[{"href":"https:\/\/www.mecs.it\/de\/wp-json\/wp\/v2\/types\/product"}],"wp:featuredmedia":[{"embeddable":true,"href":"https:\/\/www.mecs.it\/de\/wp-json\/wp\/v2\/media\/37374"}],"wp:attachment":[{"href":"https:\/\/www.mecs.it\/de\/wp-json\/wp\/v2\/media?parent=37373"}],"wp:term":[{"taxonomy":"product_brand","embeddable":true,"href":"https:\/\/www.mecs.it\/de\/wp-json\/wp\/v2\/product_brand?post=37373"},{"taxonomy":"product_cat","embeddable":true,"href":"https:\/\/www.mecs.it\/de\/wp-json\/wp\/v2\/product_cat?post=37373"},{"taxonomy":"product_tag","embeddable":true,"href":"https:\/\/www.mecs.it\/de\/wp-json\/wp\/v2\/product_tag?post=37373"}],"curies":[{"name":"wp","href":"https:\/\/api.w.org\/{rel}","templated":true}]}}