{"id":37208,"date":"2021-11-10T15:36:59","date_gmt":"2021-11-10T14:36:59","guid":{"rendered":"https:\/\/www.mecs.it\/product\/manipolatori"},"modified":"2026-02-06T10:01:06","modified_gmt":"2026-02-06T09:01:06","slug":"manipulatoren","status":"publish","type":"product","link":"https:\/\/www.mecs.it\/de\/manipulatoren","title":{"rendered":"Manipulatoren"},"content":{"rendered":"<p class=\"brz-css-gzpwg\" data-uniq-id=\"xnolf\" data-generated-css=\"brz-css-kpvut\">Die Manipulatoren sind Systeme, die den Stein nehmen, halten und ihn korrekt unter den Spalmessern positionieren. Die Manipulatoren k\u00f6nnen auf h\u00e4ndische Weise funtkionieren, oder in einigen F\u00e4llen automatisiert werden. Sie k\u00f6nnen je nach Bedarf des Kunden oder der Anlage, in die sie eingebaut werden, personalisiert werden.<\/p>\n","protected":false},"excerpt":{"rendered":"<p>Die Manipulatoren sind Systeme, die den Stein nehmen, halten und ihn korrekt unter den Spalmessern positionieren. Die Manipulatoren k\u00f6nnen auf h\u00e4ndische [&hellip;]<\/p>\n","protected":false},"featured_media":57507,"template":"","meta":{"_acf_changed":false,"inline_featured_image":false},"product_brand":[],"product_cat":[145],"product_tag":[],"class_list":{"0":"post-37208","1":"product","2":"type-product","3":"status-publish","4":"has-post-thumbnail","6":"product_cat-bewegungssysteme","8":"first","9":"instock","10":"shipping-taxable","11":"product-type-simple"},"acf":[],"yoast_head":"<!-- This site is optimized with the Yoast SEO plugin v26.9 - https:\/\/yoast.com\/product\/yoast-seo-wordpress\/ -->\n<title>Manipulatoren | Steinbearbeitungsanlagen | MEC SRL<\/title>\n<meta name=\"description\" content=\"MEC-Manipulatoren: Systeme zum sicheren Aufnehmen, Bewegen und Positionieren von Stein. Entdecken Sie mehr.\" \/>\n<meta name=\"robots\" content=\"index, follow, max-snippet:-1, max-image-preview:large, max-video-preview:-1\" \/>\n<link rel=\"canonical\" href=\"https:\/\/www.mecs.it\/de\/manipulatoren\" \/>\n<meta property=\"og:locale\" content=\"de_DE\" \/>\n<meta property=\"og:type\" content=\"article\" \/>\n<meta property=\"og:title\" content=\"Manipulatoren | Steinbearbeitungsanlagen | MEC SRL\" \/>\n<meta property=\"og:description\" content=\"MEC-Manipulatoren: Systeme zum sicheren Aufnehmen, Bewegen und Positionieren von Stein. Entdecken Sie mehr.\" \/>\n<meta property=\"og:url\" content=\"https:\/\/www.mecs.it\/de\/manipulatoren\" \/>\n<meta property=\"og:site_name\" content=\"MEC\" \/>\n<meta property=\"article:modified_time\" content=\"2026-02-06T09:01:06+00:00\" \/>\n<meta property=\"og:image\" content=\"https:\/\/www.mecs.it\/wp-content\/uploads\/2021\/11\/cover-image-manipolatori-1-1920x500.png\" \/>\n\t<meta property=\"og:image:width\" content=\"1920\" \/>\n\t<meta property=\"og:image:height\" content=\"500\" \/>\n\t<meta property=\"og:image:type\" content=\"image\/png\" \/>\n<meta name=\"twitter:card\" content=\"summary_large_image\" \/>\n<meta name=\"twitter:label1\" content=\"Gesch\u00e4tzte Lesezeit\" \/>\n\t<meta name=\"twitter:data1\" content=\"1\u00a0Minute\" \/>\n<script type=\"application\/ld+json\" class=\"yoast-schema-graph\">{\"@context\":\"https:\/\/schema.org\",\"@graph\":[{\"@type\":\"WebPage\",\"@id\":\"https:\/\/www.mecs.it\/de\/manipulatoren\",\"url\":\"https:\/\/www.mecs.it\/de\/manipulatoren\",\"name\":\"Manipulatoren | Steinbearbeitungsanlagen | MEC SRL\",\"isPartOf\":{\"@id\":\"https:\/\/www.mecs.it\/de#website\"},\"primaryImageOfPage\":{\"@id\":\"https:\/\/www.mecs.it\/de\/manipulatoren#primaryimage\"},\"image\":{\"@id\":\"https:\/\/www.mecs.it\/de\/manipulatoren#primaryimage\"},\"thumbnailUrl\":\"https:\/\/www.mecs.it\/wp-content\/uploads\/2021\/11\/cover-image-manipolatori-1.png\",\"datePublished\":\"2021-11-10T14:36:59+00:00\",\"dateModified\":\"2026-02-06T09:01:06+00:00\",\"description\":\"MEC-Manipulatoren: Systeme zum sicheren Aufnehmen, Bewegen und Positionieren von Stein. Entdecken Sie mehr.\",\"breadcrumb\":{\"@id\":\"https:\/\/www.mecs.it\/de\/manipulatoren#breadcrumb\"},\"inLanguage\":\"de\",\"potentialAction\":[{\"@type\":\"ReadAction\",\"target\":[\"https:\/\/www.mecs.it\/de\/manipulatoren\"]}]},{\"@type\":\"ImageObject\",\"inLanguage\":\"de\",\"@id\":\"https:\/\/www.mecs.it\/de\/manipulatoren#primaryimage\",\"url\":\"https:\/\/www.mecs.it\/wp-content\/uploads\/2021\/11\/cover-image-manipolatori-1.png\",\"contentUrl\":\"https:\/\/www.mecs.it\/wp-content\/uploads\/2021\/11\/cover-image-manipolatori-1.png\",\"width\":2560,\"height\":667,\"caption\":\"cover image manipolatori 1\"},{\"@type\":\"BreadcrumbList\",\"@id\":\"https:\/\/www.mecs.it\/de\/manipulatoren#breadcrumb\",\"itemListElement\":[{\"@type\":\"ListItem\",\"position\":1,\"name\":\"Home\",\"item\":\"https:\/\/www.mecs.it\/de\"},{\"@type\":\"ListItem\",\"position\":2,\"name\":\"Produkte\",\"item\":\"https:\/\/www.mecs.it\/de\/shop\"},{\"@type\":\"ListItem\",\"position\":3,\"name\":\"Bewegungssysteme\",\"item\":\"https:\/\/www.mecs.it\/de\/bewegungssysteme\"},{\"@type\":\"ListItem\",\"position\":4,\"name\":\"Manipulatoren\"}]},{\"@type\":\"WebSite\",\"@id\":\"https:\/\/www.mecs.it\/de#website\",\"url\":\"https:\/\/www.mecs.it\/de\",\"name\":\"MEC\",\"description\":\"Macchine per lavorazione pietra e spacco cemento\",\"publisher\":{\"@id\":\"https:\/\/www.mecs.it\/de#organization\"},\"potentialAction\":[{\"@type\":\"SearchAction\",\"target\":{\"@type\":\"EntryPoint\",\"urlTemplate\":\"https:\/\/www.mecs.it\/de?s={search_term_string}\"},\"query-input\":{\"@type\":\"PropertyValueSpecification\",\"valueRequired\":true,\"valueName\":\"search_term_string\"}}],\"inLanguage\":\"de\"},{\"@type\":\"Organization\",\"@id\":\"https:\/\/www.mecs.it\/de#organization\",\"name\":\"MEC\",\"url\":\"https:\/\/www.mecs.it\/de\",\"logo\":{\"@type\":\"ImageObject\",\"inLanguage\":\"de\",\"@id\":\"https:\/\/www.mecs.it\/de#\/schema\/logo\/image\/\",\"url\":\"https:\/\/www.mecs.it\/wp-content\/uploads\/2022\/05\/logo-MEC-blue.svg\",\"contentUrl\":\"https:\/\/www.mecs.it\/wp-content\/uploads\/2022\/05\/logo-MEC-blue.svg\",\"caption\":\"MEC\"},\"image\":{\"@id\":\"https:\/\/www.mecs.it\/de#\/schema\/logo\/image\/\"}}]}<\/script>\n<!-- \/ Yoast SEO plugin. -->","yoast_head_json":{"title":"Manipulatoren | Steinbearbeitungsanlagen | MEC SRL","description":"MEC-Manipulatoren: Systeme zum sicheren Aufnehmen, Bewegen und Positionieren von Stein. Entdecken Sie mehr.","robots":{"index":"index","follow":"follow","max-snippet":"max-snippet:-1","max-image-preview":"max-image-preview:large","max-video-preview":"max-video-preview:-1"},"canonical":"https:\/\/www.mecs.it\/de\/manipulatoren","og_locale":"de_DE","og_type":"article","og_title":"Manipulatoren | Steinbearbeitungsanlagen | MEC SRL","og_description":"MEC-Manipulatoren: Systeme zum sicheren Aufnehmen, Bewegen und Positionieren von Stein. Entdecken Sie mehr.","og_url":"https:\/\/www.mecs.it\/de\/manipulatoren","og_site_name":"MEC","article_modified_time":"2026-02-06T09:01:06+00:00","og_image":[{"width":1920,"height":500,"url":"https:\/\/www.mecs.it\/wp-content\/uploads\/2021\/11\/cover-image-manipolatori-1-1920x500.png","type":"image\/png"}],"twitter_card":"summary_large_image","twitter_misc":{"Gesch\u00e4tzte Lesezeit":"1\u00a0Minute"},"schema":{"@context":"https:\/\/schema.org","@graph":[{"@type":"WebPage","@id":"https:\/\/www.mecs.it\/de\/manipulatoren","url":"https:\/\/www.mecs.it\/de\/manipulatoren","name":"Manipulatoren | Steinbearbeitungsanlagen | MEC SRL","isPartOf":{"@id":"https:\/\/www.mecs.it\/de#website"},"primaryImageOfPage":{"@id":"https:\/\/www.mecs.it\/de\/manipulatoren#primaryimage"},"image":{"@id":"https:\/\/www.mecs.it\/de\/manipulatoren#primaryimage"},"thumbnailUrl":"https:\/\/www.mecs.it\/wp-content\/uploads\/2021\/11\/cover-image-manipolatori-1.png","datePublished":"2021-11-10T14:36:59+00:00","dateModified":"2026-02-06T09:01:06+00:00","description":"MEC-Manipulatoren: Systeme zum sicheren Aufnehmen, Bewegen und Positionieren von Stein. Entdecken Sie mehr.","breadcrumb":{"@id":"https:\/\/www.mecs.it\/de\/manipulatoren#breadcrumb"},"inLanguage":"de","potentialAction":[{"@type":"ReadAction","target":["https:\/\/www.mecs.it\/de\/manipulatoren"]}]},{"@type":"ImageObject","inLanguage":"de","@id":"https:\/\/www.mecs.it\/de\/manipulatoren#primaryimage","url":"https:\/\/www.mecs.it\/wp-content\/uploads\/2021\/11\/cover-image-manipolatori-1.png","contentUrl":"https:\/\/www.mecs.it\/wp-content\/uploads\/2021\/11\/cover-image-manipolatori-1.png","width":2560,"height":667,"caption":"cover image manipolatori 1"},{"@type":"BreadcrumbList","@id":"https:\/\/www.mecs.it\/de\/manipulatoren#breadcrumb","itemListElement":[{"@type":"ListItem","position":1,"name":"Home","item":"https:\/\/www.mecs.it\/de"},{"@type":"ListItem","position":2,"name":"Produkte","item":"https:\/\/www.mecs.it\/de\/shop"},{"@type":"ListItem","position":3,"name":"Bewegungssysteme","item":"https:\/\/www.mecs.it\/de\/bewegungssysteme"},{"@type":"ListItem","position":4,"name":"Manipulatoren"}]},{"@type":"WebSite","@id":"https:\/\/www.mecs.it\/de#website","url":"https:\/\/www.mecs.it\/de","name":"MEC","description":"Macchine per lavorazione pietra e spacco cemento","publisher":{"@id":"https:\/\/www.mecs.it\/de#organization"},"potentialAction":[{"@type":"SearchAction","target":{"@type":"EntryPoint","urlTemplate":"https:\/\/www.mecs.it\/de?s={search_term_string}"},"query-input":{"@type":"PropertyValueSpecification","valueRequired":true,"valueName":"search_term_string"}}],"inLanguage":"de"},{"@type":"Organization","@id":"https:\/\/www.mecs.it\/de#organization","name":"MEC","url":"https:\/\/www.mecs.it\/de","logo":{"@type":"ImageObject","inLanguage":"de","@id":"https:\/\/www.mecs.it\/de#\/schema\/logo\/image\/","url":"https:\/\/www.mecs.it\/wp-content\/uploads\/2022\/05\/logo-MEC-blue.svg","contentUrl":"https:\/\/www.mecs.it\/wp-content\/uploads\/2022\/05\/logo-MEC-blue.svg","caption":"MEC"},"image":{"@id":"https:\/\/www.mecs.it\/de#\/schema\/logo\/image\/"}}]}},"_links":{"self":[{"href":"https:\/\/www.mecs.it\/de\/wp-json\/wp\/v2\/product\/37208","targetHints":{"allow":["GET"]}}],"collection":[{"href":"https:\/\/www.mecs.it\/de\/wp-json\/wp\/v2\/product"}],"about":[{"href":"https:\/\/www.mecs.it\/de\/wp-json\/wp\/v2\/types\/product"}],"wp:featuredmedia":[{"embeddable":true,"href":"https:\/\/www.mecs.it\/de\/wp-json\/wp\/v2\/media\/57507"}],"wp:attachment":[{"href":"https:\/\/www.mecs.it\/de\/wp-json\/wp\/v2\/media?parent=37208"}],"wp:term":[{"taxonomy":"product_brand","embeddable":true,"href":"https:\/\/www.mecs.it\/de\/wp-json\/wp\/v2\/product_brand?post=37208"},{"taxonomy":"product_cat","embeddable":true,"href":"https:\/\/www.mecs.it\/de\/wp-json\/wp\/v2\/product_cat?post=37208"},{"taxonomy":"product_tag","embeddable":true,"href":"https:\/\/www.mecs.it\/de\/wp-json\/wp\/v2\/product_tag?post=37208"}],"curies":[{"name":"wp","href":"https:\/\/api.w.org\/{rel}","templated":true}]}}